{"id":150066,"date":"2025-04-03T12:59:57","date_gmt":"2025-04-03T10:59:57","guid":{"rendered":"https:\/\/secureus.se\/varmedetektor-58-5351te\/"},"modified":"2026-03-26T11:06:06","modified_gmt":"2026-03-26T10:06:06","slug":"varmedetektor-58-5351te","status":"publish","type":"product","link":"https:\/\/secureus.se\/fr\/varmedetektor-58-5351te\/","title":{"rendered":"D\u00e9tecteur de chaleur 5351TE \u2013 58\u00b0 \u2013 Capteur syst\u00e8me"},"content":{"rendered":"<h1 data-pm-slice=\"1 1 []\">D\u00c9TECTEUR DE CHALEUR 58\u00b0 5351TE<\/h1>\n<p class=\"\" data-start=\"515\" data-end=\"1017\">Le d\u00e9tecteur de chaleur 5351TE de System Sensor fait partie de la s\u00e9rie conventionnelle 300 et utilise une technologie moderne pour une d\u00e9tection d&#039;incendie pr\u00e9cise et efficace.<\/p>\n<p class=\"\" data-start=\"515\" data-end=\"1017\">Il est sp\u00e9cialement adapt\u00e9 aux environnements o\u00f9 les d\u00e9tecteurs de fum\u00e9e ne sont pas adapt\u00e9s, comme les niveaux \u00e9lev\u00e9s de pollution de l&#039;air.<\/p>\n<p class=\"\" data-start=\"515\" data-end=\"1017\">Le d\u00e9tecteur est \u00e9quip\u00e9 d&#039;une LED bicolore qui affiche une indication d&#039;\u00e9tat claire (vert pour un fonctionnement normal, rouge pour une alarme).<\/p>\n<p class=\"\" data-start=\"515\" data-end=\"1017\">Une fonction programmable permet \u00e0 la lumi\u00e8re LED de clignoter ou de rester allum\u00e9e en permanence selon le choix de l&#039;utilisateur.<\/p>\n<p class=\"\" data-start=\"1019\" data-end=\"1467\">Il dispose d&#039;une large plage de tension de fonctionnement et peut \u00eatre install\u00e9 avec des bases compatibles telles que le B401R, le B401DGR ou le B401SD.<\/p>\n<p class=\"\" data-start=\"1019\" data-end=\"1467\">De plus, le d\u00e9tecteur est r\u00e9trocompatible avec la s\u00e9rie 100 et peut \u00eatre facilement int\u00e9gr\u00e9 dans les installations existantes.<\/p>\n<p class=\"\" data-start=\"1019\" data-end=\"1467\">Pour des fonctionnalit\u00e9s avanc\u00e9es, un programmateur portable peut \u00eatre utilis\u00e9 pour lire et \u00e9crire des donn\u00e9es de maintenance, des valeurs de temp\u00e9rature et effectuer des tests d&#039;alarme, sans retirer le d\u00e9tecteur de la base.<\/p>\n<p class=\"\" data-start=\"1019\" data-end=\"1467\">Homologu\u00e9 selon la norme EN54-5.<\/p>","protected":false},"excerpt":{"rendered":"<p>Le d\u00e9tecteur de chaleur 5351TE est un d\u00e9tecteur de temp\u00e9rature conventionnel avec une limite de d\u00e9tection maximale de 58\u00b0C.<\/p>\n<p>Il est id\u00e9al pour une utilisation dans des environnements soumis \u00e0 une forte pollution de l&#039;air, tels que les chaufferies et les cuisines.<\/p>\n<p>Le d\u00e9tecteur programmable a une faible consommation d&#039;\u00e9nergie et offre une compensation de d\u00e9rive contre la contamination.<\/p>","protected":false},"featured_media":150065,"template":"","meta":{"_acf_changed":false},"product_brand":[],"product_cat":[4754,4157],"product_tag":[],"class_list":{"0":"post-150066","1":"product","2":"type-product","3":"status-publish","4":"has-post-thumbnail","6":"product_cat-system-sensor-300-serien","7":"product_cat-varmedetektor","8":"tm-no-options","10":"first","11":"instock","12":"sale","13":"taxable","14":"shipping-taxable","15":"purchasable","16":"product-type-simple"},"acf":[],"_links":{"self":[{"href":"https:\/\/secureus.se\/fr\/wp-json\/wp\/v2\/product\/150066","targetHints":{"allow":["GET"]}}],"collection":[{"href":"https:\/\/secureus.se\/fr\/wp-json\/wp\/v2\/product"}],"about":[{"href":"https:\/\/secureus.se\/fr\/wp-json\/wp\/v2\/types\/product"}],"wp:featuredmedia":[{"embeddable":true,"href":"https:\/\/secureus.se\/fr\/wp-json\/wp\/v2\/media\/150065"}],"wp:attachment":[{"href":"https:\/\/secureus.se\/fr\/wp-json\/wp\/v2\/media?parent=150066"}],"wp:term":[{"taxonomy":"product_brand","embeddable":true,"href":"https:\/\/secureus.se\/fr\/wp-json\/wp\/v2\/product_brand?post=150066"},{"taxonomy":"product_cat","embeddable":true,"href":"https:\/\/secureus.se\/fr\/wp-json\/wp\/v2\/product_cat?post=150066"},{"taxonomy":"product_tag","embeddable":true,"href":"https:\/\/secureus.se\/fr\/wp-json\/wp\/v2\/product_tag?post=150066"}],"curies":[{"name":"wp","href":"https:\/\/api.w.org\/{rel}","templated":true}]}}