{"id":150070,"date":"2025-04-03T12:50:27","date_gmt":"2025-04-03T10:50:27","guid":{"rendered":"https:\/\/secureus.se\/detektorsock-470r-hog-b401dgr\/"},"modified":"2026-03-26T11:06:15","modified_gmt":"2026-03-26T10:06:15","slug":"detektorsock-470r-hog-b401dgr","status":"publish","type":"product","link":"https:\/\/secureus.se\/fr\/detektorsock-470r-hog-b401dgr\/","title":{"rendered":"CHAUSSETTE D\u00c9TECTRICE. 470R HIGH B401DGR"},"content":{"rendered":"<h1>CHAUSSETTE D\u00c9TECTRICE. 470R HIGH B401DGR<\/h1>\n<p class=\"\" data-start=\"419\" data-end=\"733\">Le B401DGR est une base de d\u00e9tecteur robuste qui fait partie de la s\u00e9rie 300 de System Sensor.<\/p>\n<p class=\"\" data-start=\"419\" data-end=\"733\">Il est sp\u00e9cialement con\u00e7u pour \u00eatre utilis\u00e9 avec des d\u00e9tecteurs n\u00e9cessitant une r\u00e9sistance d&#039;alarme de 470 ohms.<\/p>\n<p class=\"\" data-start=\"419\" data-end=\"733\">La base a une hauteur de 26 mm et est fabriqu\u00e9e en mat\u00e9riau ABS durable qui offre une utilisation \u00e0 long terme et une grande durabilit\u00e9.<\/p>\n<p class=\"\" data-start=\"735\" data-end=\"1076\">Il est \u00e9quip\u00e9 d&#039;une connexion terminale qui prend en charge des c\u00e2bles d&#039;une \u00e9paisseur comprise entre 0,4 et 2 mm\u00b2.<\/p>\n<p class=\"\" data-start=\"735\" data-end=\"1076\">De plus, la prise dispose d&#039;une fonction permettant de connecter un indicateur pour un d\u00e9tecteur cach\u00e9, ce qui am\u00e9liore la capacit\u00e9 de d\u00e9tection et la facilit\u00e9 d&#039;utilisation.<\/p>\n<p class=\"\" data-start=\"735\" data-end=\"1076\">La couleur de la base est tr\u00e8s proche de RAL 9016, ce qui offre un design \u00e9pur\u00e9 et neutre.<\/p>","protected":false},"excerpt":{"rendered":"<p>Le B401DGR est une base de d\u00e9tecteur haute r\u00e9sistance pour la s\u00e9rie 300, con\u00e7ue pour inclure une r\u00e9sistance d&#039;alarme de 470 ohms.<\/p>\n<p>Il mesure 26 mm de haut et offre la possibilit\u00e9 de connecter un indicateur d\u00e9tecteur cach\u00e9.<\/p>","protected":false},"featured_media":150069,"template":"","meta":{"_acf_changed":false},"product_brand":[],"product_cat":[4754],"product_tag":[],"class_list":{"0":"post-150070","1":"product","2":"type-product","3":"status-publish","4":"has-post-thumbnail","6":"product_cat-system-sensor-300-serien","7":"tm-no-options","9":"first","10":"instock","11":"sale","12":"taxable","13":"shipping-taxable","14":"purchasable","15":"product-type-simple"},"acf":[],"_links":{"self":[{"href":"https:\/\/secureus.se\/fr\/wp-json\/wp\/v2\/product\/150070","targetHints":{"allow":["GET"]}}],"collection":[{"href":"https:\/\/secureus.se\/fr\/wp-json\/wp\/v2\/product"}],"about":[{"href":"https:\/\/secureus.se\/fr\/wp-json\/wp\/v2\/types\/product"}],"wp:featuredmedia":[{"embeddable":true,"href":"https:\/\/secureus.se\/fr\/wp-json\/wp\/v2\/media\/150069"}],"wp:attachment":[{"href":"https:\/\/secureus.se\/fr\/wp-json\/wp\/v2\/media?parent=150070"}],"wp:term":[{"taxonomy":"product_brand","embeddable":true,"href":"https:\/\/secureus.se\/fr\/wp-json\/wp\/v2\/product_brand?post=150070"},{"taxonomy":"product_cat","embeddable":true,"href":"https:\/\/secureus.se\/fr\/wp-json\/wp\/v2\/product_cat?post=150070"},{"taxonomy":"product_tag","embeddable":true,"href":"https:\/\/secureus.se\/fr\/wp-json\/wp\/v2\/product_tag?post=150070"}],"curies":[{"name":"wp","href":"https:\/\/api.w.org\/{rel}","templated":true}]}}