{"id":150082,"date":"2025-04-03T12:22:17","date_gmt":"2025-04-03T10:22:17","guid":{"rendered":"https:\/\/secureus.se\/system-sensor-eco1005t-a-eco-varmedetektor-58\/"},"modified":"2026-04-09T11:32:10","modified_gmt":"2026-04-09T09:32:10","slug":"system-sensor-eco1005t-a-eco-varmedetektor-58","status":"publish","type":"product","link":"https:\/\/secureus.se\/fr\/system-sensor-eco1005t-a-eco-varmedetektor-58\/","title":{"rendered":"Capteur de syst\u00e8me ECO1005T A D\u00e9tecteur de chaleur ECO, 58\u00b0"},"content":{"rendered":"<h1>Capteur de syst\u00e8me ECO1005T A D\u00e9tecteur de chaleur ECO, 58\u00b0<\/h1>\n<p class=\"\" data-start=\"466\" data-end=\"866\">Le capteur syst\u00e8me ECO1005T A est un d\u00e9tecteur de chaleur efficace et fiable qui fait partie de la s\u00e9rie ECO1000.<\/p>\n<p class=\"\" data-start=\"466\" data-end=\"866\">Avec une temp\u00e9rature de fonctionnement de 58\u00b0C, il est particuli\u00e8rement adapt\u00e9 aux environnements o\u00f9 les changements de temp\u00e9rature peuvent \u00eatre rapides, comme les cuisines.<\/p>\n<p class=\"\" data-start=\"466\" data-end=\"866\">Il combine un \u00e9l\u00e9ment thermique de pointe avec un circuit int\u00e9gr\u00e9 sp\u00e9cifique \u00e0 l&#039;application (ASIC) pour garantir une d\u00e9tection d&#039;incendie rapide et pr\u00e9cise.<\/p>\n<p class=\"\" data-start=\"868\" data-end=\"1222\">L\u2019une des fonctionnalit\u00e9s avanc\u00e9es de l\u2019ECO1005T A est le dispositif de test \u00e0 distance portable bas\u00e9 sur un laser qui permet de tester le d\u00e9tecteur \u00e0 distance sans avoir besoin d\u2019acc\u00e9der physiquement \u00e0 l\u2019appareil.<\/p>\n<p class=\"\" data-start=\"868\" data-end=\"1222\">Cela rend la maintenance \u00e0 la fois simple et efficace. Une LED int\u00e9gr\u00e9e fournit un signal d&#039;alarme local qui reste allum\u00e9 jusqu&#039;\u00e0 ce que le d\u00e9tecteur soit r\u00e9initialis\u00e9 par une panne de courant.<\/p>\n<p class=\"\" data-start=\"1224\" data-end=\"1568\">Le d\u00e9tecteur fonctionne avec les syst\u00e8mes 12 V et 24 V CC et a une faible consommation d&#039;\u00e9nergie, ce qui le rend rentable et durable.<\/p>\n<p class=\"\" data-start=\"1224\" data-end=\"1568\">Il est approuv\u00e9 selon la norme EN54-5:2000 Classe A2S et offre une garantie prolong\u00e9e pour plus de tranquillit\u00e9 d&#039;esprit.<\/p>\n<p class=\"\" data-start=\"1224\" data-end=\"1568\">L&#039;ECO1005T A est compatible avec une vari\u00e9t\u00e9 de bases, ce qui le rend flexible et facile \u00e0 int\u00e9grer dans divers syst\u00e8mes d&#039;alarme incendie.<\/p>","protected":false},"excerpt":{"rendered":"<p>ECO1005T A est un d\u00e9tecteur de chaleur avanc\u00e9 avec une temp\u00e9rature de fonctionnement de 58\u00b0C.<\/p>\n<p>Il utilise un circuit int\u00e9gr\u00e9 sp\u00e9cifique \u00e0 l&#039;application (ASIC) et un \u00e9l\u00e9ment thermique pour une d\u00e9tection d&#039;incendie rapide et pr\u00e9cise.<\/p>\n<p>Faible consommation d&#039;\u00e9nergie et facile \u00e0 entretenir.<\/p>","protected":false},"featured_media":150081,"template":"","meta":{"_acf_changed":false},"product_brand":[],"product_cat":[4755,4157],"product_tag":[],"class_list":{"0":"post-150082","1":"product","2":"type-product","3":"status-publish","4":"has-post-thumbnail","6":"product_cat-eco-1000-serien","7":"product_cat-varmedetektor","8":"pa_brands-system-sensor","9":"tm-no-options","11":"first","12":"instock","13":"taxable","14":"shipping-taxable","15":"purchasable","16":"product-type-simple"},"acf":[],"_links":{"self":[{"href":"https:\/\/secureus.se\/fr\/wp-json\/wp\/v2\/product\/150082","targetHints":{"allow":["GET"]}}],"collection":[{"href":"https:\/\/secureus.se\/fr\/wp-json\/wp\/v2\/product"}],"about":[{"href":"https:\/\/secureus.se\/fr\/wp-json\/wp\/v2\/types\/product"}],"wp:featuredmedia":[{"embeddable":true,"href":"https:\/\/secureus.se\/fr\/wp-json\/wp\/v2\/media\/150081"}],"wp:attachment":[{"href":"https:\/\/secureus.se\/fr\/wp-json\/wp\/v2\/media?parent=150082"}],"wp:term":[{"taxonomy":"product_brand","embeddable":true,"href":"https:\/\/secureus.se\/fr\/wp-json\/wp\/v2\/product_brand?post=150082"},{"taxonomy":"product_cat","embeddable":true,"href":"https:\/\/secureus.se\/fr\/wp-json\/wp\/v2\/product_cat?post=150082"},{"taxonomy":"product_tag","embeddable":true,"href":"https:\/\/secureus.se\/fr\/wp-json\/wp\/v2\/product_tag?post=150082"}],"curies":[{"name":"wp","href":"https:\/\/api.w.org\/{rel}","templated":true}]}}