{"id":150084,"date":"2025-04-03T12:22:13","date_gmt":"2025-04-03T10:22:13","guid":{"rendered":"https:\/\/secureus.se\/honeywell-eco1000rtu-a-lasertestenhet-for-detektorer-i-300-och-eco1000-serien\/"},"modified":"2026-04-09T11:32:24","modified_gmt":"2026-04-09T09:32:24","slug":"honeywell-eco1000rtu-a-lasertestenhet-for-detektorer-i-300-och-eco1000-serien","status":"publish","type":"product","link":"https:\/\/secureus.se\/fr\/honeywell-eco1000rtu-a-lasertestenhet-for-detektorer-i-300-och-eco1000-serien\/","title":{"rendered":"Unit\u00e9 de test laser Honeywell ECO1000RTU-A pour d\u00e9tecteurs des s\u00e9ries 300 et Eco1000"},"content":{"rendered":"<h1>Unit\u00e9 de test laser Honeywell ECO1000RTU-A pour d\u00e9tecteurs des s\u00e9ries 300 et Eco1000<\/h1>\n<p class=\"\" data-start=\"504\" data-end=\"889\">Le Honeywell ECO1000RTU-A est une unit\u00e9 de test laser avanc\u00e9e con\u00e7ue pour fonctionner avec les d\u00e9tecteurs des s\u00e9ries 300 et ECO1000.<\/p>\n<p class=\"\" data-start=\"504\" data-end=\"889\">L&#039;appareil utilise une technologie laser pour envoyer un signal cod\u00e9 qui permet de tester les d\u00e9tecteurs \u00e0 distance.<\/p>\n<p class=\"\" data-start=\"504\" data-end=\"889\">Cela \u00e9limine le besoin d\u2019acc\u00e8s physique au d\u00e9tecteur, ce qui permet de gagner du temps et de simplifier la maintenance.<\/p>\n<p class=\"\" data-start=\"891\" data-end=\"1301\">Il fonctionne avec les syst\u00e8mes 12 V et 24 V CC et permet aux utilisateurs de v\u00e9rifier facilement que les d\u00e9tecteurs fonctionnent correctement.<\/p>\n<p class=\"\" data-start=\"891\" data-end=\"1301\">Il existe \u00e9galement des options de LED \u00e0 distance qui permettent \u00e0 l&#039;utilisateur d&#039;obtenir une indication visuelle de l&#039;\u00e9tat du d\u00e9tecteur \u00e0 distance.<\/p>\n<p class=\"\" data-start=\"891\" data-end=\"1301\">Le testeur laser est compatible avec une vari\u00e9t\u00e9 de bases de d\u00e9tecteurs et constitue un outil indispensable pour une maintenance efficace et pr\u00e9cise des d\u00e9tecteurs d&#039;incendie.<\/p>","protected":false},"excerpt":{"rendered":"<p>L&#039;ECO1000RTU-A est une unit\u00e9 de test laser utilis\u00e9e pour tester \u00e0 distance les d\u00e9tecteurs des s\u00e9ries 300 et ECO1000.<\/p>\n<p>Il est id\u00e9al pour garantir le bon fonctionnement des d\u00e9tecteurs sans n\u00e9cessiter d\u2019acc\u00e8s physique.<\/p>","protected":false},"featured_media":150083,"template":"","meta":{"_acf_changed":false},"product_brand":[],"product_cat":[4755,4754],"product_tag":[],"class_list":{"0":"post-150084","1":"product","2":"type-product","3":"status-publish","4":"has-post-thumbnail","6":"product_cat-eco-1000-serien","7":"product_cat-system-sensor-300-serien","8":"pa_brands-honeywell","9":"tm-no-options","11":"first","12":"instock","13":"taxable","14":"shipping-taxable","15":"purchasable","16":"product-type-simple"},"acf":[],"_links":{"self":[{"href":"https:\/\/secureus.se\/fr\/wp-json\/wp\/v2\/product\/150084","targetHints":{"allow":["GET"]}}],"collection":[{"href":"https:\/\/secureus.se\/fr\/wp-json\/wp\/v2\/product"}],"about":[{"href":"https:\/\/secureus.se\/fr\/wp-json\/wp\/v2\/types\/product"}],"wp:featuredmedia":[{"embeddable":true,"href":"https:\/\/secureus.se\/fr\/wp-json\/wp\/v2\/media\/150083"}],"wp:attachment":[{"href":"https:\/\/secureus.se\/fr\/wp-json\/wp\/v2\/media?parent=150084"}],"wp:term":[{"taxonomy":"product_brand","embeddable":true,"href":"https:\/\/secureus.se\/fr\/wp-json\/wp\/v2\/product_brand?post=150084"},{"taxonomy":"product_cat","embeddable":true,"href":"https:\/\/secureus.se\/fr\/wp-json\/wp\/v2\/product_cat?post=150084"},{"taxonomy":"product_tag","embeddable":true,"href":"https:\/\/secureus.se\/fr\/wp-json\/wp\/v2\/product_tag?post=150084"}],"curies":[{"name":"wp","href":"https:\/\/api.w.org\/{rel}","templated":true}]}}