{"id":150086,"date":"2025-04-03T12:22:13","date_gmt":"2025-04-03T10:22:13","guid":{"rendered":"https:\/\/secureus.se\/system-sensor-eco1000br-detektorbas-standar\/"},"modified":"2026-04-23T13:28:51","modified_gmt":"2026-04-23T11:28:51","slug":"system-sensor-eco1000br-detektorbas-standar","status":"publish","type":"product","link":"https:\/\/secureus.se\/fr\/system-sensor-eco1000br-detektorbas-standar\/","title":{"rendered":"Capteur syst\u00e8me ECO1000BR Base de d\u00e9tecteur standard"},"content":{"rendered":"<h1>Capteur syst\u00e8me ECO1000BR Base de d\u00e9tecteur standard<\/h1>\n<p class=\"\" data-start=\"416\" data-end=\"795\">Le capteur syst\u00e8me ECO1000BR est une base de d\u00e9tecteur standard qui appartient \u00e0 la s\u00e9rie fiable ECO1000.<\/p>\n<p class=\"\" data-start=\"416\" data-end=\"795\">Il est \u00e9quip\u00e9 d&#039;une fonction inviolable qui s&#039;active en cassant une languette en plastique, ce qui signifie que le d\u00e9tecteur ne peut pas \u00eatre retir\u00e9 sans l&#039;utilisation d&#039;un outil appropri\u00e9.<\/p>\n<p class=\"\" data-start=\"416\" data-end=\"795\">Cela am\u00e9liore la s\u00e9curit\u00e9 en emp\u00eachant toute manipulation ou suppression ind\u00e9sirable.<\/p>\n<p class=\"\" data-start=\"797\" data-end=\"1193\">La base ECO1000BR est compatible avec toute la s\u00e9rie ECO1000 et offre une installation et une utilisation faciles.<\/p>\n<p class=\"\" data-start=\"797\" data-end=\"1193\">La base peut \u00eatre marqu\u00e9e avec une \u00e9tiquette d&#039;adresse qui peut \u00eatre d\u00e9chir\u00e9e pour une identification facile.<\/p>\n<p class=\"\" data-start=\"797\" data-end=\"1193\">Il est disponible en trois couleurs : blanc, ivoire et noir, ce qui le rend flexible et facile \u00e0 int\u00e9grer dans diff\u00e9rents environnements.<\/p>\n<p class=\"\" data-start=\"797\" data-end=\"1193\">La base dispose \u00e9galement d&#039;un ressort de court-circuit pour permettre le test du circuit avant le montage du d\u00e9tecteur.<\/p>","protected":false},"excerpt":{"rendered":"<p>L&#039;ECO1000BR est une base de d\u00e9tecteur standard con\u00e7ue pour \u00eatre utilis\u00e9e avec la s\u00e9rie ECO1000.<\/p>\n<p>Il dispose d&#039;une fonction inviolable qui emp\u00eache le retrait du d\u00e9tecteur sans l&#039;outil appropri\u00e9, offrant ainsi une s\u00e9curit\u00e9 accrue.<\/p>","protected":false},"featured_media":150085,"template":"","meta":{"_acf_changed":false},"product_brand":[],"product_cat":[4755],"product_tag":[],"class_list":{"0":"post-150086","1":"product","2":"type-product","3":"status-publish","4":"has-post-thumbnail","6":"product_cat-eco-1000-serien","7":"pa_brands-system-sensor","8":"tm-no-options","10":"first","11":"instock","12":"sale","13":"taxable","14":"shipping-taxable","15":"purchasable","16":"product-type-simple"},"acf":[],"_links":{"self":[{"href":"https:\/\/secureus.se\/fr\/wp-json\/wp\/v2\/product\/150086","targetHints":{"allow":["GET"]}}],"collection":[{"href":"https:\/\/secureus.se\/fr\/wp-json\/wp\/v2\/product"}],"about":[{"href":"https:\/\/secureus.se\/fr\/wp-json\/wp\/v2\/types\/product"}],"wp:featuredmedia":[{"embeddable":true,"href":"https:\/\/secureus.se\/fr\/wp-json\/wp\/v2\/media\/150085"}],"wp:attachment":[{"href":"https:\/\/secureus.se\/fr\/wp-json\/wp\/v2\/media?parent=150086"}],"wp:term":[{"taxonomy":"product_brand","embeddable":true,"href":"https:\/\/secureus.se\/fr\/wp-json\/wp\/v2\/product_brand?post=150086"},{"taxonomy":"product_cat","embeddable":true,"href":"https:\/\/secureus.se\/fr\/wp-json\/wp\/v2\/product_cat?post=150086"},{"taxonomy":"product_tag","embeddable":true,"href":"https:\/\/secureus.se\/fr\/wp-json\/wp\/v2\/product_tag?post=150086"}],"curies":[{"name":"wp","href":"https:\/\/api.w.org\/{rel}","templated":true}]}}