{"id":150088,"date":"2025-04-03T12:22:12","date_gmt":"2025-04-03T10:22:12","guid":{"rendered":"https:\/\/secureus.se\/honeywell-eco1000brel24l-detektorbas-med-lasningsrela\/"},"modified":"2026-04-23T13:29:05","modified_gmt":"2026-04-23T11:29:05","slug":"honeywell-eco1000brel24l-detektorbas-med-lasningsrela","status":"publish","type":"product","link":"https:\/\/secureus.se\/fr\/honeywell-eco1000brel24l-detektorbas-med-lasningsrela\/","title":{"rendered":"Base de d\u00e9tecteur Honeywell ECO1000BREL24L avec relais de verrouillage"},"content":{"rendered":"<h1>Base de d\u00e9tecteur Honeywell ECO1000BREL24L avec relais de verrouillage<\/h1>\n<p class=\"\" data-start=\"481\" data-end=\"858\">La base de d\u00e9tecteur Honeywell ECO1000BREL24L avec relais de verrouillage est une solution robuste et s\u00fbre pour les syst\u00e8mes d&#039;alarme incendie.<\/p>\n<p class=\"\" data-start=\"481\" data-end=\"858\">Il est con\u00e7u pour \u00eatre utilis\u00e9 avec la s\u00e9rie ECO1000 et fonctionne avec les syst\u00e8mes 12 V et 24 V CC.<\/p>\n<p class=\"\" data-start=\"481\" data-end=\"858\">Le relais de verrouillage garantit que le d\u00e9tecteur ne peut pas \u00eatre retir\u00e9 sans un outil appropri\u00e9, am\u00e9liorant ainsi la s\u00e9curit\u00e9 et emp\u00eachant tout retrait accidentel.<\/p>\n<p class=\"\" data-start=\"860\" data-end=\"1136\">Le syst\u00e8me de base du d\u00e9tecteur dispose d&#039;une fonction d&#039;indicateur LED \u00e0 distance, qui permet d&#039;indiquer l&#039;\u00e9tat de l&#039;alarme \u00e0 distance.<\/p>\n<p class=\"\" data-start=\"860\" data-end=\"1136\">La base a une faible consommation d&#039;\u00e9nergie et est facile \u00e0 installer et \u00e0 entretenir. Il est marqu\u00e9 CE et r\u00e9pond aux normes de s\u00e9curit\u00e9 europ\u00e9ennes.<\/p>\n<p class=\"\" data-start=\"1138\" data-end=\"1331\">Cette base est une solution id\u00e9ale pour les syst\u00e8mes d&#039;alarme incendie o\u00f9 la s\u00e9curit\u00e9 et la facilit\u00e9 d&#039;utilisation sont cruciales.<\/p>\n<p class=\"\" data-start=\"1138\" data-end=\"1331\">Il peut \u00eatre utilis\u00e9 dans une vari\u00e9t\u00e9 d\u2019applications, des environnements commerciaux aux environnements industriels.<\/p>","protected":false},"excerpt":{"rendered":"<p>L&#039;ECO1000BREL24L est une base de d\u00e9tecteur avec relais de verrouillage pour syst\u00e8mes 24 V CC, con\u00e7ue pour \u00eatre utilis\u00e9e avec la s\u00e9rie ECO1000.<\/p>\n<p>La base est dot\u00e9e d&#039;une fonction de verrouillage pour garantir que le d\u00e9tecteur reste en place et peut \u00eatre facilement int\u00e9gr\u00e9 \u00e0 divers syst\u00e8mes d&#039;alarme incendie.<\/p>","protected":false},"featured_media":150087,"template":"","meta":{"_acf_changed":false},"product_brand":[],"product_cat":[4755],"product_tag":[],"class_list":{"0":"post-150088","1":"product","2":"type-product","3":"status-publish","4":"has-post-thumbnail","6":"product_cat-eco-1000-serien","7":"pa_brands-honeywell","8":"tm-no-options","10":"first","11":"instock","12":"taxable","13":"shipping-taxable","14":"purchasable","15":"product-type-simple"},"acf":[],"_links":{"self":[{"href":"https:\/\/secureus.se\/fr\/wp-json\/wp\/v2\/product\/150088","targetHints":{"allow":["GET"]}}],"collection":[{"href":"https:\/\/secureus.se\/fr\/wp-json\/wp\/v2\/product"}],"about":[{"href":"https:\/\/secureus.se\/fr\/wp-json\/wp\/v2\/types\/product"}],"wp:featuredmedia":[{"embeddable":true,"href":"https:\/\/secureus.se\/fr\/wp-json\/wp\/v2\/media\/150087"}],"wp:attachment":[{"href":"https:\/\/secureus.se\/fr\/wp-json\/wp\/v2\/media?parent=150088"}],"wp:term":[{"taxonomy":"product_brand","embeddable":true,"href":"https:\/\/secureus.se\/fr\/wp-json\/wp\/v2\/product_brand?post=150088"},{"taxonomy":"product_cat","embeddable":true,"href":"https:\/\/secureus.se\/fr\/wp-json\/wp\/v2\/product_cat?post=150088"},{"taxonomy":"product_tag","embeddable":true,"href":"https:\/\/secureus.se\/fr\/wp-json\/wp\/v2\/product_tag?post=150088"}],"curies":[{"name":"wp","href":"https:\/\/api.w.org\/{rel}","templated":true}]}}