{"id":150091,"date":"2025-04-14T16:17:21","date_gmt":"2025-04-14T14:17:21","guid":{"rendered":"https:\/\/secureus.se\/motorlas-step-352-vanster-komplett-sats\/"},"modified":"2026-04-08T15:10:31","modified_gmt":"2026-04-08T13:10:31","slug":"motorlas-step-352-vanster-komplett-sats","status":"publish","type":"product","link":"https:\/\/secureus.se\/fr\/motorlas-step-352-vanster-komplett-sats\/","title":{"rendered":"Serrure moteur STEP 352 Gauche Ensemble complet"},"content":{"rendered":"<div><\/div>\n<p>STEP 352 est un verrou moteur d\u00e9velopp\u00e9 pour garantir un verrouillage s\u00e9curis\u00e9 24 heures sur 24. Le verrou motoris\u00e9 est d\u00e9velopp\u00e9 pour une utilisation \u00e0 haute fr\u00e9quence et peut g\u00e9rer plusieurs millions d&#039;ouvertures, qui se produisent \u00e9galement aussi rapidement qu&#039;une g\u00e2che \u00e9lectrique. Cela offre une opportunit\u00e9 unique d&#039;obtenir une s\u00e9curit\u00e9 accrue l\u00e0 o\u00f9 elle est n\u00e9cessaire, et ainsi d&#039;obtenir le verrouillage correct des portes vuln\u00e9rables et importantes.<\/p>\n<div><\/div>\n<div>Le STEP 352 est \u00e9quip\u00e9 d&#039;un verrou \u00e0 crochet et d&#039;un piston automatique. Le cylindre automatique vous permet d&#039;\u00e9quiper votre porte d&#039;une poign\u00e9e de tirage \u00e0 l&#039;ext\u00e9rieur, car l&#039;ouverture de secours peut se faire avec une cl\u00e9 de l&#039;ext\u00e9rieur, en combinaison avec l&#039;\u00e9vacuation selon. SS-EN 179:2008 de l&#039;int\u00e9rieur. La serrure peut donc \u00eatre utilis\u00e9e avec avantage dans une voie d&#039;\u00e9vacuation alarm\u00e9e.<\/div>\n<div><\/div>\n<div>La serrure peut combiner les exigences d&#039;\u00e9vacuation, de r\u00e9occupation, de protection incendie et d&#039;accessibilit\u00e9, tout en offrant \u00e0 l&#039;environnement de la porte une r\u00e9sistance \u00e0 l&#039;intrusion nettement sup\u00e9rieure. Le loquet robuste garantit que la porte est r\u00e9ellement verrouill\u00e9e, et pas seulement maintenue ferm\u00e9e.<\/div>\n<div><\/div>\n<div>STEP 352 est \u00e9quip\u00e9 du piston automatique unique de STEP. Lorsque la porte est ouverte \u00e9lectriquement, le piston automatique peut se replier, permettant ainsi l&#039;ouverture avec fonctionnement automatique de la porte. Imm\u00e9diatement apr\u00e8s l&#039;ouverture de la porte, le piston automatique s&#039;\u00e9tend, se verrouille en position et fonctionne \u00e0 nouveau comme un piston de chute ordinaire.<\/div>\n<div><\/div>\n<div>La serrure est dot\u00e9e d&#039;un double blocage o\u00f9 le blocage du p\u00eane dormant est \u00e9galement bloqu\u00e9. La position du loquet est lue par un capteur optique afin que vous puissiez \u00eatre s\u00fbr qu&#039;il est vraiment verrouill\u00e9. Le loquet est enti\u00e8rement prot\u00e9g\u00e9 contre l&#039;acc\u00e8s et assure ainsi une protection contre les manipulations.<\/div>\n<div><\/div>\n<div>STEP 352 est \u00e9quip\u00e9 de FreeDrive\u00ae, notre technologie unique et brevet\u00e9e qui d\u00e9sengage compl\u00e8tement le moteur et la bo\u00eete de vitesses de la serrure \u00e0 chaque fois que la porte est d\u00e9verrouill\u00e9e m\u00e9caniquement.<\/div>\n<div>Cela minimise l&#039;usure lors de l&#039;utilisation de la poign\u00e9e, du bouton, de la cl\u00e9 ou du dispositif d&#039;\u00e9vacuation.<\/div>\n<div><\/div>\n<div><b>L&#039;article contient :<\/b><\/div>\n<div>\n<ul>\n<li>Verrouillage du moteur ST352-L<\/li>\n<li>Unit\u00e9 de contr\u00f4le 300C<\/li>\n<li>Transfert de trame ST1283<\/li>\n<li>C\u00e2ble de connexion ST0916H 10 m<\/li>\n<li>Plaque d&#039;extr\u00e9mit\u00e9 ST2009-15<\/li>\n<li>Protection contre les per\u00e7ages ST1199<\/li>\n<li>Contact magn\u00e9tique ST0910<\/li>\n<li>Ensemble de vis et de connecteurs ST1192<\/li>\n<\/ul>\n<\/div>\n<div><\/div>\n<div><b>Propri\u00e9t\u00e9s:<\/b><\/div>\n<div>\n<ul>\n<li>Non r\u00e9versible<\/li>\n<li>Se d\u00e9verrouille en moins de 0,1 seconde<\/li>\n<li>Profondeur de mandrin de 50 mm<\/li>\n<li>Placement moderne du piston<\/li>\n<li>Avec piston automatique unique<\/li>\n<li>Les deux contr\u00f4leurs g\u00e8rent le relogement<\/li>\n<li>Technologie FreeDrive\u00ae<\/li>\n<li>Technologie de verrouillage inviolable<\/li>\n<li>Communication crypt\u00e9e OSDP AES-128<\/li>\n<li>Garantit l&#039;ouverture malgr\u00e9 une pression de bande jusqu&#039;\u00e0 80 kg<\/li>\n<li>L&#039;\u00e9vacuation et la r\u00e9occupation sont assur\u00e9es avec les \u00e9quipements d&#039;\u00e9vacuation d&#039;urgence STEP Exit<\/li>\n<li>Con\u00e7u pour une utilisation dans les portes \u00e0 haute fr\u00e9quence<\/li>\n<\/ul>\n<\/div>\n<div><\/div>\n<div><b>Fonction:<\/b><\/div>\n<div>\n<ul>\n<li>Le p\u00eane \u00e0 crochet et le piston automatique se verrouillent\/d\u00e9verrouillent \u00e9lectriquement via un signal d&#039;ouverture provenant d&#039;un syst\u00e8me d&#039;acc\u00e8s, d&#039;une serrure \u00e0 code, d&#039;un interrupteur \u00e0 coude ou similaire.<\/li>\n<li>Le p\u00eane \u00e0 crochet et le piston automatique se verrouillent\/d\u00e9verrouillent m\u00e9caniquement via le v\u00e9rin de l&#039;int\u00e9rieur et de l&#039;ext\u00e9rieur<\/li>\n<li>Le piston automatique est r\u00e9tract\u00e9 m\u00e9caniquement via le v\u00e9rin \u00e0 l&#039;aide d&#039;une pouss\u00e9e de l&#039;int\u00e9rieur et de l&#039;ext\u00e9rieur.<\/li>\n<li>Le passage normal s&#039;effectue via un signal d&#039;ouverture provenant d&#039;un syst\u00e8me d&#039;acc\u00e8s, d&#039;une serrure \u00e0 code, d&#039;un interrupteur \u00e0 coude ou similaire de l&#039;int\u00e9rieur et de l&#039;ext\u00e9rieur.<\/li>\n<\/ul>\n<\/div>\n<div><\/div>","protected":false},"excerpt":{"rendered":"<p>STEP 352 est un verrou moteur d\u00e9velopp\u00e9 pour garantir un verrouillage s\u00e9curis\u00e9 24 heures sur 24. Le verrou moteur est d\u00e9velopp\u00e9 pour une utilisation \u00e0 haute fr\u00e9quence et peut r\u00e9sister \u00e0 plusieurs millions d&#039;ouvertures, qui se produisent \u00e9galement<\/p>","protected":false},"featured_media":150090,"template":"","meta":{"_acf_changed":false},"product_brand":[],"product_cat":[2874],"product_tag":[],"class_list":{"0":"post-150091","1":"product","2":"type-product","3":"status-publish","4":"has-post-thumbnail","6":"product_cat-motorlas","7":"pa_brands-step","8":"tm-no-options","10":"first","11":"instock","12":"sale","13":"taxable","14":"shipping-taxable","15":"purchasable","16":"product-type-simple"},"acf":[],"_links":{"self":[{"href":"https:\/\/secureus.se\/fr\/wp-json\/wp\/v2\/product\/150091","targetHints":{"allow":["GET"]}}],"collection":[{"href":"https:\/\/secureus.se\/fr\/wp-json\/wp\/v2\/product"}],"about":[{"href":"https:\/\/secureus.se\/fr\/wp-json\/wp\/v2\/types\/product"}],"wp:featuredmedia":[{"embeddable":true,"href":"https:\/\/secureus.se\/fr\/wp-json\/wp\/v2\/media\/150090"}],"wp:attachment":[{"href":"https:\/\/secureus.se\/fr\/wp-json\/wp\/v2\/media?parent=150091"}],"wp:term":[{"taxonomy":"product_brand","embeddable":true,"href":"https:\/\/secureus.se\/fr\/wp-json\/wp\/v2\/product_brand?post=150091"},{"taxonomy":"product_cat","embeddable":true,"href":"https:\/\/secureus.se\/fr\/wp-json\/wp\/v2\/product_cat?post=150091"},{"taxonomy":"product_tag","embeddable":true,"href":"https:\/\/secureus.se\/fr\/wp-json\/wp\/v2\/product_tag?post=150091"}],"curies":[{"name":"wp","href":"https:\/\/api.w.org\/{rel}","templated":true}]}}