{"id":150100,"date":"2025-04-14T16:17:23","date_gmt":"2025-04-14T14:17:23","guid":{"rendered":"https:\/\/secureus.se\/motorlas-step-352s-split-hoger-komplett-sats\/"},"modified":"2026-04-23T11:24:09","modified_gmt":"2026-04-23T09:24:09","slug":"motorlas-step-352s-split-hoger-komplett-sats","status":"publish","type":"product","link":"https:\/\/secureus.se\/fr\/motorlas-step-352s-split-hoger-komplett-sats\/","title":{"rendered":"Serrure de moteur STEP 352S Split Droite Ensemble complet"},"content":{"rendered":"<p>\nSTEP 352S est une serrure motoris\u00e9e avec fonction split int\u00e9gr\u00e9e et cylindre automatique con\u00e7ue pour remplacer les serrures \u00e0 p\u00eane dormant dans la protection de la coque et ainsi cr\u00e9er un verrouillage s\u00e9curis\u00e9 24 heures sur 24. La serrure est con\u00e7ue pour un environnement de porte \u00e0 haute fr\u00e9quence avec automatisation de porte et peut g\u00e9rer plusieurs millions d&#039;ouvertures ! R\u00e9pond aux exigences des classes de serrures 2A et 2B selon SSF 3522.<\/p>\n<div>La serrure peut combiner toutes les exigences en mati\u00e8re d&#039;\u00e9vacuation, de rentr\u00e9e, de protection incendie et d&#039;accessibilit\u00e9, tout en offrant \u00e0 l&#039;environnement de la porte une r\u00e9sistance \u00e0 l&#039;intrusion nettement sup\u00e9rieure. Le STEP 352S est \u00e9quip\u00e9 d&#039;un verrou \u00e0 crochet robuste qui garantit r\u00e9ellement le verrouillage de la porte, tandis qu&#039;une fonction de division int\u00e9gr\u00e9e garantit une facilit\u00e9 d&#039;utilisation imbattable.<\/div>\n<div><\/div>\n<div>La fonction split int\u00e9gr\u00e9e permet une ouverture m\u00e9canique de l&#039;int\u00e9rieur sans bouton d&#039;ouverture. La serrure dispose d&#039;une fonction de contournement d&#039;alarme (by-pass) afin d&#039;obtenir un \u00ab passage approuv\u00e9 \u00bb. Cela conf\u00e8re \u00e0 l&#039;environnement de la porte une convivialit\u00e9 imbattable.<\/div>\n<div><\/div>\n<div>Le STEP 352S est \u00e9quip\u00e9 du piston automatique unique de STEP. Lors de l&#039;ouverture \u00e9lectrique de la porte, le piston automatique peut se replier, permettant ainsi l&#039;ouverture avec fonctionnement automatique de la porte. Imm\u00e9diatement apr\u00e8s l&#039;ouverture de la porte, le piston automatique s&#039;\u00e9tend, se verrouille en position et fonctionne \u00e0 nouveau comme un piston de chute ordinaire.<\/div>\n<div>Le STEP 352S est donc sp\u00e9cifiquement adapt\u00e9 aux environnements de portes o\u00f9 vous souhaitez une accessibilit\u00e9 accrue.<\/div>\n<div><\/div>\n<div>La serrure est dot\u00e9e d&#039;un double blocage o\u00f9 le blocage du p\u00eane dormant est \u00e9galement bloqu\u00e9. La position du loquet est lue par un capteur optique afin que vous puissiez \u00eatre s\u00fbr qu&#039;il est vraiment verrouill\u00e9. Le loquet est enti\u00e8rement prot\u00e9g\u00e9 contre l&#039;acc\u00e8s et assure ainsi une protection contre les manipulations.<\/div>\n<div><\/div>\n<div>STEP 352S est \u00e9quip\u00e9 de FreeDrive\u00ae, notre technologie unique et brevet\u00e9e qui d\u00e9sengage compl\u00e8tement le moteur et la bo\u00eete de vitesses de la serrure \u00e0 chaque fois que la porte est d\u00e9verrouill\u00e9e m\u00e9caniquement.<\/div>\n<div><\/div>\n<div>De nombreux environnements de portes su\u00e9dois sont aujourd&#039;hui \u00e9quip\u00e9s de serrures capables de r\u00e9pondre aux exigences d&#039;\u00e9vacuation, de r\u00e9occupation, d&#039;incendie et d&#039;accessibilit\u00e9, mais au prix d&#039;une faible s\u00e9curit\u00e9 anti-intrusion. Il s&#039;agit de portes de protection ext\u00e9rieures et int\u00e9rieures dans des milliers d&#039;immeubles d&#039;appartements, d&#039;h\u00f4pitaux, de maisons de soins et d&#039;\u00e9tablissements correctionnels, pour n&#039;en citer que quelques-uns.<\/div>\n<div>Avec le verrou moteur STEP 352S, vous n&#039;avez pas \u00e0 faire de compromis sur la protection contre les intrusions. Au lieu de cela, vous pouvez garantir une combinaison de toutes les exigences ci-dessus dans une seule et m\u00eame serrure, et \u00e9galement la placer dans un environnement de porte fr\u00e9quemment utilis\u00e9.<\/p>\n<p><b>L&#039;article contient :<\/b><\/div>\n<div>\n<ul>\n<li>Serrure moteur ST352S Split Droite<\/li>\n<li>Unit\u00e9 de contr\u00f4le ST300C<\/li>\n<li>Transfert de trame ST1283<\/li>\n<li>C\u00e2ble de connexion ST0916H 10 m<\/li>\n<li>Broches d&#039;impression ST1088-50 et ST1088-57<\/li>\n<li>Plaque d&#039;extr\u00e9mit\u00e9 ST2009-15<\/li>\n<li>Protection contre les per\u00e7ages ST1199<\/li>\n<li>Contact magn\u00e9tique ST0910<\/li>\n<li>Ensemble de vis et de connecteurs ST1192<\/li>\n<\/ul>\n<\/div>\n<div><b>Propri\u00e9t\u00e9s:<\/b><\/p>\n<ul>\n<li>Non r\u00e9versible<\/li>\n<li>Se d\u00e9verrouille en moins de 0,1 seconde<\/li>\n<li>Placement moderne du piston<\/li>\n<li>Les deux contr\u00f4leurs g\u00e8rent le relogement<\/li>\n<li>Technologie FreeDrive\u00ae<\/li>\n<li>Technologie de verrouillage inviolable<\/li>\n<li>Profondeur de mandrin de 50 mm<\/li>\n<li>Communication crypt\u00e9e AES-128<\/li>\n<li>Garantit l&#039;ouverture malgr\u00e9 une pression de bande jusqu&#039;\u00e0 80 kg<\/li>\n<li>La connexion au verrouillage du moteur se fait via RS-485<\/li>\n<li>Broche fendue int\u00e9gr\u00e9e<\/li>\n<li>L&#039;\u00e9vacuation et la rentr\u00e9e sont assur\u00e9es avec les accessoires d&#039;\u00e9vacuation d&#039;urgence STEP Exit. Certifi\u00e9 selon la norme SS-EN 179:2008<\/li>\n<li>Certifi\u00e9 pour la protection contre l&#039;effraction dans les classes de serrures 2A et 2B selon SSF 3522<\/li>\n<li>Certifi\u00e9 en classe de protection incendie E\/EI120 selon SS-EN 14846:2008<\/li>\n<li>Certifi\u00e9 Grade L pour la corrosion, les temp\u00e9ratures et l&#039;humidit\u00e9, ce qui correspond aux exigences \u00e9lev\u00e9es selon SS-EN 14846<\/li>\n<li>Con\u00e7u pour une utilisation dans les portes \u00e0 haute fr\u00e9quence<\/li>\n<li>Avec piston automatique unique<\/li>\n<\/ul>\n<\/div>\n<div><b>Fonction:<\/b><\/p>\n<ul>\n<li>Le crochet-p\u00eane et le cylindre automatique se verrouillent\/d\u00e9verrouillent \u00e9lectriquement via un signal d&#039;ouverture provenant d&#039;un syst\u00e8me d&#039;acc\u00e8s, d&#039;une serrure \u00e0 code, d&#039;un bouton-poussoir ou similaire.<\/li>\n<li>Le p\u00eane \u00e0 crochet et le piston automatique se verrouillent\/d\u00e9verrouillent m\u00e9caniquement via un bouton poussoir de l&#039;int\u00e9rieur (fonction split)<\/li>\n<li>Le piston automatique est r\u00e9tract\u00e9 m\u00e9caniquement via la tige de pouss\u00e9e avec une pouss\u00e9e de l&#039;int\u00e9rieur et de l&#039;ext\u00e9rieur.<\/li>\n<li>Le passage normal se fait par une pouss\u00e9e de l&#039;int\u00e9rieur<\/li>\n<li>C\u00f4t\u00e9 fendu m\u00e9canique r\u00e9glable. Le changement de c\u00f4t\u00e9 s&#039;effectue m\u00e9caniquement sur le bo\u00eetier de la serrure<\/li>\n<\/ul>\n<\/div>","protected":false},"excerpt":{"rendered":"<p>STEP 352S est une serrure motoris\u00e9e avec fonction split int\u00e9gr\u00e9e et cylindre automatique con\u00e7ue pour remplacer les serrures \u00e0 p\u00eane dormant dans la protection de la coque et ainsi cr\u00e9er un verrouillage s\u00e9curis\u00e9 24 heures sur 24. La serrure est con\u00e7ue pour un<\/p>","protected":false},"featured_media":150099,"template":"","meta":{"_acf_changed":false},"product_brand":[],"product_cat":[2874],"product_tag":[],"class_list":{"0":"post-150100","1":"product","2":"type-product","3":"status-publish","4":"has-post-thumbnail","6":"product_cat-motorlas","7":"pa_brands-step","8":"tm-no-options","10":"first","11":"instock","12":"sale","13":"taxable","14":"shipping-taxable","15":"purchasable","16":"product-type-simple"},"acf":[],"_links":{"self":[{"href":"https:\/\/secureus.se\/fr\/wp-json\/wp\/v2\/product\/150100","targetHints":{"allow":["GET"]}}],"collection":[{"href":"https:\/\/secureus.se\/fr\/wp-json\/wp\/v2\/product"}],"about":[{"href":"https:\/\/secureus.se\/fr\/wp-json\/wp\/v2\/types\/product"}],"wp:featuredmedia":[{"embeddable":true,"href":"https:\/\/secureus.se\/fr\/wp-json\/wp\/v2\/media\/150099"}],"wp:attachment":[{"href":"https:\/\/secureus.se\/fr\/wp-json\/wp\/v2\/media?parent=150100"}],"wp:term":[{"taxonomy":"product_brand","embeddable":true,"href":"https:\/\/secureus.se\/fr\/wp-json\/wp\/v2\/product_brand?post=150100"},{"taxonomy":"product_cat","embeddable":true,"href":"https:\/\/secureus.se\/fr\/wp-json\/wp\/v2\/product_cat?post=150100"},{"taxonomy":"product_tag","embeddable":true,"href":"https:\/\/secureus.se\/fr\/wp-json\/wp\/v2\/product_tag?post=150100"}],"curies":[{"name":"wp","href":"https:\/\/api.w.org\/{rel}","templated":true}]}}