{"id":151331,"date":"2025-04-14T13:20:07","date_gmt":"2025-04-14T11:20:07","guid":{"rendered":"https:\/\/secureus.se\/?post_type=product&#038;p=151331"},"modified":"2026-03-12T22:45:32","modified_gmt":"2026-03-12T21:45:32","slug":"microsd-minneskort-128gb-securex-card-pro","status":"publish","type":"product","link":"https:\/\/secureus.se\/fr\/microsd-minneskort-128gb-securex-card-pro\/","title":{"rendered":"Carte m\u00e9moire MicroSD 128 Go \u2013 SecureX Card Pro Series"},"content":{"rendered":"<h4 class=\"\" data-start=\"487\" data-end=\"546\"><strong data-start=\"492\" data-end=\"546\">Carte m\u00e9moire MicroSD 128 Go \u2013 SecureX Card Pro Series<\/strong><\/h4>\n<p class=\"\" data-start=\"548\" data-end=\"919\">La carte m\u00e9moire MicroSD SecureX Card Pro Series de 128 Go est une carte de stockage hautes performances d\u00e9velopp\u00e9e pour une utilisation professionnelle dans les \u00e9quipements de s\u00e9curit\u00e9, de surveillance et autres \u00e9quipements gourmands en donn\u00e9es. Que vous l&#039;utilisiez dans des cam\u00e9ras IP, des syst\u00e8mes automobiles, des t\u00e9l\u00e9phones portables ou des \u00e9quipements m\u00e9dicaux, cette carte m\u00e9moire offre un transfert de donn\u00e9es stable et rapide dans toutes les conditions.<\/p>\n<p class=\"\" data-start=\"921\" data-end=\"1206\">La carte est class\u00e9e comme <strong data-start=\"949\" data-end=\"965\">Classe 10, U3<\/strong>, ce qui signifie des vitesses de lecture et d&#039;\u00e9criture \u00e9lev\u00e9es qui peuvent g\u00e9rer l&#039;enregistrement vid\u00e9o haute d\u00e9finition sans d\u00e9calage. Avec une temp\u00e9rature de fonctionnement de <strong data-start=\"1113\" data-end=\"1133\">-25\u00b0C \u00e0 +80\u00b0C<\/strong> et de construction durable, il est parfait pour une utilisation int\u00e9rieure et ext\u00e9rieure.<\/p>\n<p class=\"\" data-start=\"1208\" data-end=\"1293\">La carte est livr\u00e9e avec un adaptateur SD pour une large compatibilit\u00e9 avec d&#039;autres appareils.<\/p>\n<hr class=\"\" data-start=\"1295\" data-end=\"1298\" \/>\n<h4 class=\"\" data-start=\"1300\" data-end=\"1322\">\u2705 <strong data-start=\"1307\" data-end=\"1322\">Propri\u00e9t\u00e9s:<\/strong><\/h4>\n<ul data-start=\"1324\" data-end=\"1658\">\n<li class=\"\" data-start=\"1324\" data-end=\"1356\">\n<p class=\"\" data-start=\"1326\" data-end=\"1356\"><strong data-start=\"1326\" data-end=\"1348\">Capacit\u00e9 de stockage :<\/strong> 128 Go<\/p>\n<\/li>\n<li class=\"\" data-start=\"1357\" data-end=\"1442\">\n<p class=\"\" data-start=\"1359\" data-end=\"1442\"><strong data-start=\"1359\" data-end=\"1379\">Classe de vitesse :<\/strong> U3 \/ Classe 10 \u2013 optimis\u00e9 pour la vid\u00e9o et le transfert de donn\u00e9es rapide<\/p>\n<\/li>\n<li class=\"\" data-start=\"1443\" data-end=\"1529\">\n<p class=\"\" data-start=\"1445\" data-end=\"1529\"><strong data-start=\"1445\" data-end=\"1468\">Domaines d&#039;utilisation :<\/strong> Cam\u00e9ras IP, DVR, GPS, smartphones, appareils m\u00e9dicaux, etc.<\/p>\n<\/li>\n<li class=\"\" data-start=\"1530\" data-end=\"1571\">\n<p class=\"\" data-start=\"1532\" data-end=\"1571\"><strong data-start=\"1532\" data-end=\"1552\">Temp\u00e9rature de fonctionnement :<\/strong> -25\u00b0C \u00e0 +80\u00b0C<\/p>\n<\/li>\n<li class=\"\" data-start=\"1572\" data-end=\"1593\">\n<p class=\"\" data-start=\"1574\" data-end=\"1593\"><strong data-start=\"1574\" data-end=\"1586\">Garantie:<\/strong> 5 ans<\/p>\n<\/li>\n<li class=\"\" data-start=\"1594\" data-end=\"1624\">\n<p class=\"\" data-start=\"1596\" data-end=\"1624\"><strong data-start=\"1596\" data-end=\"1619\">Adaptateur inclus :<\/strong> Oui<\/p>\n<\/li>\n<li class=\"\" data-start=\"1625\" data-end=\"1658\">\n<p class=\"\" data-start=\"1627\" data-end=\"1658\"><strong data-start=\"1627\" data-end=\"1642\">Certificat:<\/strong> CE, FCC, RoHS<\/p>\n<\/li>\n<\/ul>\n<hr class=\"\" data-start=\"1660\" data-end=\"1663\" \/>\n<p class=\"\" data-start=\"1665\" data-end=\"1786\">Obtenez des performances maximales et une tranquillit\u00e9 d&#039;esprit dans votre surveillance avec une carte MicroSD \u00e0 laquelle vous pouvez faire confiance. <strong data-start=\"1758\" data-end=\"1785\">Carte SecureX s\u00e9rie Pro<\/strong>.<\/p>","protected":false},"excerpt":{"rendered":"<p><strong data-start=\"208\" data-end=\"262\">Carte m\u00e9moire MicroSD 128 Go \u2013 SecureX Card Pro Series<\/strong><br data-start=\"262\" data-end=\"265\" \/>Carte MicroSD fiable et rapide pour la surveillance, les smartphones et autres appareils. Classe 10, vitesse U3 et garantie de 5 ans \u2013 parfait pour le stockage exigeant.<\/p>","protected":false},"featured_media":162722,"template":"","meta":{"_acf_changed":false},"product_brand":[],"product_cat":[3260],"product_tag":[],"class_list":{"0":"post-151331","1":"product","2":"type-product","3":"status-publish","4":"has-post-thumbnail","6":"product_cat-micro-sd-minneskort","7":"product_shipping_class-postnord-varubrev","8":"tm-no-options","10":"first","11":"outofstock","12":"sale","13":"taxable","14":"shipping-taxable","15":"purchasable","16":"product-type-simple"},"acf":[],"_links":{"self":[{"href":"https:\/\/secureus.se\/fr\/wp-json\/wp\/v2\/product\/151331","targetHints":{"allow":["GET"]}}],"collection":[{"href":"https:\/\/secureus.se\/fr\/wp-json\/wp\/v2\/product"}],"about":[{"href":"https:\/\/secureus.se\/fr\/wp-json\/wp\/v2\/types\/product"}],"wp:featuredmedia":[{"embeddable":true,"href":"https:\/\/secureus.se\/fr\/wp-json\/wp\/v2\/media\/162722"}],"wp:attachment":[{"href":"https:\/\/secureus.se\/fr\/wp-json\/wp\/v2\/media?parent=151331"}],"wp:term":[{"taxonomy":"product_brand","embeddable":true,"href":"https:\/\/secureus.se\/fr\/wp-json\/wp\/v2\/product_brand?post=151331"},{"taxonomy":"product_cat","embeddable":true,"href":"https:\/\/secureus.se\/fr\/wp-json\/wp\/v2\/product_cat?post=151331"},{"taxonomy":"product_tag","embeddable":true,"href":"https:\/\/secureus.se\/fr\/wp-json\/wp\/v2\/product_tag?post=151331"}],"curies":[{"name":"wp","href":"https:\/\/api.w.org\/{rel}","templated":true}]}}