{"id":151626,"date":"2025-04-30T10:03:20","date_gmt":"2025-04-30T08:03:20","guid":{"rendered":"https:\/\/secureus.se\/solo-611-urban-ryggsack\/"},"modified":"2026-04-23T12:47:44","modified_gmt":"2026-04-23T10:47:44","slug":"solo-611-urban-ryggsack","status":"publish","type":"product","link":"https:\/\/secureus.se\/fr\/solo-611-urban-ryggsack\/","title":{"rendered":"Solo 611 \u2013 Sac \u00e0 dos urbain"},"content":{"rendered":"<h1>Solo 611 \u2013 Sac \u00e0 dos urbain<\/h1>\n<h3 data-start=\"307\" data-end=\"363\">Sac \u00e0 dos l\u00e9ger et flexible pour les \u00e9quipements de test<\/h3>\n<p data-start=\"364\" data-end=\"657\">Le sac \u00e0 dos Solo 611 Urban est con\u00e7u pour les techniciens et les installateurs qui ont besoin de transporter facilement du mat\u00e9riel de test en ville ou sur de grands chantiers.<\/p>\n<p data-start=\"364\" data-end=\"657\">Il peut accueillir des \u00e9quipements tels que le Solo 365, le Testifire 1001\/2001 et le Solo 330, ainsi que des perches t\u00e9lescopiques courtes telles que le Solo 110 et le Solo 111.<\/p>\n<h3 data-start=\"659\" data-end=\"696\">Compartiments intelligents et personnalisables<\/h3>\n<p data-start=\"697\" data-end=\"1007\">Le sac \u00e0 dos poss\u00e8de un syst\u00e8me int\u00e9rieur principal adaptable pour l&#039;\u00e9quipement de test et les tiges de batterie.<\/p>\n<p data-start=\"697\" data-end=\"1007\">Il poss\u00e8de un compartiment rembourr\u00e9 pour un ordinateur portable ou une tablette, de grandes poches zipp\u00e9es pour les cartouches et une poche avant pour les blocs-notes A4 et les petits outils.<\/p>\n<p data-start=\"697\" data-end=\"1007\">Vous pouvez \u00e9galement placer le logo de votre entreprise dans une pochette transparente.<\/p>\n<h3 data-start=\"1009\" data-end=\"1036\">Confort et portabilit\u00e9<\/h3>\n<p data-start=\"1037\" data-end=\"1307\">Le sac \u00e0 dos Urban Backpack Solo 611 poss\u00e8de de larges bretelles rembourr\u00e9es, une sangle de poitrine pour l&#039;\u00e9quilibre du poids et p\u00e8se moins de 1,5 kg.<\/p>\n<p data-start=\"1037\" data-end=\"1307\">Les attaches \u00e0 d\u00e9gagement rapide du sac \u00e0 cannes Solo 612 offrent une flexibilit\u00e9 accrue.<\/p>\n<p data-start=\"1037\" data-end=\"1307\">Il est facile \u00e0 transporter tout au long de la journ\u00e9e de travail, tout en permettant de garder votre \u00e9quipement organis\u00e9 et prot\u00e9g\u00e9.<\/p>\n<h3 data-start=\"1309\" data-end=\"1336\">Avantages du Solo 611<\/h3>\n<ul data-start=\"1337\" data-end=\"1640\">\n<li data-start=\"1337\" data-end=\"1397\">\n<p data-start=\"1339\" data-end=\"1397\">Syst\u00e8me de design int\u00e9rieur personnalisable pour les \u00e9quipements de test<\/p>\n<\/li>\n<li data-start=\"1398\" data-end=\"1443\">\n<p data-start=\"1400\" data-end=\"1443\">Compartiments rembourr\u00e9s pour ordinateur ou tablette<\/p>\n<\/li>\n<li data-start=\"1444\" data-end=\"1502\">\n<p data-start=\"1446\" data-end=\"1502\">Poches zipp\u00e9es pour cartouches et poche avant pour outils<\/p>\n<\/li>\n<li data-start=\"1503\" data-end=\"1552\">\n<p data-start=\"1505\" data-end=\"1552\">Attaches rapides r\u00e9glables pour \u00e9tui \u00e0 canne Solo 612<\/p>\n<\/li>\n<li data-start=\"1553\" data-end=\"1606\">\n<p data-start=\"1555\" data-end=\"1606\">Confortable \u00e0 porter gr\u00e2ce \u00e0 ses larges bretelles et sa sangle de poitrine<\/p>\n<\/li>\n<li data-start=\"1607\" data-end=\"1640\">\n<p data-start=\"1609\" data-end=\"1640\">L\u00e9ger \u2013 p\u00e8se moins de 1,5 kg<\/p>\n<\/li>\n<\/ul>\n<p data-start=\"1642\" data-end=\"1669\">SP\u00c9CIFICATIONS TECHNIQUES :<\/p>\n<ul data-start=\"1670\" data-end=\"2012\">\n<li data-start=\"1670\" data-end=\"1697\">\n<p data-start=\"1672\" data-end=\"1697\">Produit : Sac \u00e0 dos urbain<\/p>\n<\/li>\n<li data-start=\"1698\" data-end=\"1718\">\n<p data-start=\"1700\" data-end=\"1718\">Mod\u00e8le : Solo 611<\/p>\n<\/li>\n<li data-start=\"1719\" data-end=\"1778\">\n<p data-start=\"1721\" data-end=\"1778\">Compatible avec : Solo 365, Testifire 1001\/2001, Solo 330<\/p>\n<\/li>\n<li data-start=\"1779\" data-end=\"1871\">\n<p data-start=\"1781\" data-end=\"1871\">Compartiments : Rembourr\u00e9 pour ordinateur\/tablette, grandes poches zipp\u00e9es, poche avant pour petits outils\/format A4<\/p>\n<\/li>\n<li data-start=\"1872\" data-end=\"1911\">\n<p data-start=\"1874\" data-end=\"1911\">Barres de test : Solo 110, Solo 111<\/p>\n<\/li>\n<li data-start=\"1912\" data-end=\"1954\">\n<p data-start=\"1914\" data-end=\"1954\">Confort de portage : bretelles larges, sangle de poitrine<\/p>\n<\/li>\n<li data-start=\"1955\" data-end=\"1972\">\n<p data-start=\"1957\" data-end=\"1972\">Poids : &lt; 1,5 kg<\/p>\n<\/li>\n<li data-start=\"1973\" data-end=\"2012\">\n<p data-start=\"1975\" data-end=\"2012\">Mati\u00e8re : Textile r\u00e9sistant<\/p>\n<\/li>\n<\/ul>","protected":false},"excerpt":{"rendered":"<p>Le sac \u00e0 dos Urban Backpack Solo 611 est un sac \u00e0 dos l\u00e9ger et flexible pour Solo 365, Testifire 1001\/2001 et Solo 330.<\/p>\n<p>Elle poss\u00e8de des compartiments rembourr\u00e9s, des sangles r\u00e9glables et de l&#039;espace pour le mat\u00e9riel de test, les petits outils et les batteries, ce qui la rend id\u00e9ale pour travailler sur des chantiers de grande envergure.<\/p>","protected":false},"featured_media":151625,"template":"","meta":{"_acf_changed":false},"product_brand":[],"product_cat":[2945,4758,5072,2946],"product_tag":[],"class_list":{"0":"post-151626","1":"product","2":"type-product","3":"status-publish","4":"has-post-thumbnail","6":"product_cat-solo","7":"product_cat-forvaring-vaskor","8":"product_cat-solo-365","9":"product_cat-testifire","10":"pa_brands-solo","11":"tm-no-options","13":"first","14":"instock","15":"sale","16":"taxable","17":"shipping-taxable","18":"purchasable","19":"product-type-simple"},"acf":[],"_links":{"self":[{"href":"https:\/\/secureus.se\/fr\/wp-json\/wp\/v2\/product\/151626","targetHints":{"allow":["GET"]}}],"collection":[{"href":"https:\/\/secureus.se\/fr\/wp-json\/wp\/v2\/product"}],"about":[{"href":"https:\/\/secureus.se\/fr\/wp-json\/wp\/v2\/types\/product"}],"wp:featuredmedia":[{"embeddable":true,"href":"https:\/\/secureus.se\/fr\/wp-json\/wp\/v2\/media\/151625"}],"wp:attachment":[{"href":"https:\/\/secureus.se\/fr\/wp-json\/wp\/v2\/media?parent=151626"}],"wp:term":[{"taxonomy":"product_brand","embeddable":true,"href":"https:\/\/secureus.se\/fr\/wp-json\/wp\/v2\/product_brand?post=151626"},{"taxonomy":"product_cat","embeddable":true,"href":"https:\/\/secureus.se\/fr\/wp-json\/wp\/v2\/product_cat?post=151626"},{"taxonomy":"product_tag","embeddable":true,"href":"https:\/\/secureus.se\/fr\/wp-json\/wp\/v2\/product_tag?post=151626"}],"curies":[{"name":"wp","href":"https:\/\/api.w.org\/{rel}","templated":true}]}}