{"id":151628,"date":"2025-04-30T10:03:22","date_gmt":"2025-04-30T08:03:22","guid":{"rendered":"https:\/\/secureus.se\/solo-602-koger-for-provstanger\/"},"modified":"2026-04-08T16:02:17","modified_gmt":"2026-04-08T14:02:17","slug":"solo-602-koger-for-provstanger","status":"publish","type":"product","link":"https:\/\/secureus.se\/fr\/solo-602-koger-for-provstanger\/","title":{"rendered":"Carquois Solo 602 pour cannes d&#039;essai"},"content":{"rendered":"<h1>Carquois Solo 602 pour cannes d&#039;essai<\/h1>\n<h3 data-start=\"229\" data-end=\"266\">Carquois pratique pour cannes d&#039;essai<\/h3>\n<p data-start=\"267\" data-end=\"491\">Le Solo 602 est un carquois sp\u00e9cialement con\u00e7u pour faciliter le transport des barres de test Solo 100, Solo 108 et Solo 101.<\/p>\n<p data-start=\"267\" data-end=\"491\">Sa construction robuste prot\u00e8ge l&#039;\u00e9quipement et permet de tout ranger facilement au m\u00eame endroit.<\/p>\n<h3 data-start=\"493\" data-end=\"532\">Conception durable et conviviale<\/h3>\n<p data-start=\"533\" data-end=\"828\">Le carquois est fabriqu\u00e9 en toile r\u00e9sistante qui prot\u00e8ge les cannes de test des chocs et de la salet\u00e9.<\/p>\n<p data-start=\"533\" data-end=\"828\">Son design noir est \u00e9l\u00e9gant et professionnel, tandis que sa bandouli\u00e8re facilite le transport du carquois et du mat\u00e9riel entre les chantiers.<\/p>\n<p data-start=\"533\" data-end=\"828\">Le Solo 602 est \u00e9galement inclus dans le sac de rangement. <strong data-start=\"813\" data-end=\"825\">Solo 610<\/strong>.<\/p>\n<h3 data-start=\"830\" data-end=\"857\">Avantages du Solo 602<\/h3>\n<ul data-start=\"858\" data-end=\"1085\">\n<li data-start=\"858\" data-end=\"908\">\n<p data-start=\"860\" data-end=\"908\">Con\u00e7u pour les barres d&#039;essai Solo 100, 108 et 101<\/p>\n<\/li>\n<li data-start=\"909\" data-end=\"960\">\n<p data-start=\"911\" data-end=\"960\">Toile r\u00e9sistante pour un transport prot\u00e9g\u00e9<\/p>\n<\/li>\n<li data-start=\"961\" data-end=\"1001\">\n<p data-start=\"963\" data-end=\"1001\">Bandouli\u00e8re pour un transport facile et confortable<\/p>\n<\/li>\n<li data-start=\"1002\" data-end=\"1047\">\n<p data-start=\"1004\" data-end=\"1047\">La couleur noire convient aux environnements professionnels.<\/p>\n<\/li>\n<li data-start=\"1048\" data-end=\"1085\">\n<p data-start=\"1050\" data-end=\"1085\">Inclus comme carquois dans l&#039;\u00e9tui Solo 610<\/p>\n<\/li>\n<\/ul>\n<p data-start=\"1087\" data-end=\"1114\"><strong>SP\u00c9CIFICATIONS TECHNIQUES :<\/strong><\/p>\n<ul data-start=\"1115\" data-end=\"1403\">\n<li data-start=\"1115\" data-end=\"1160\">\n<p data-start=\"1117\" data-end=\"1160\">Produit : \u00c9tui\/carquois de transport pour cannes d&#039;essai<\/p>\n<\/li>\n<li data-start=\"1161\" data-end=\"1185\">\n<p data-start=\"1163\" data-end=\"1185\">Mod\u00e8le : Solo 602-001<\/p>\n<\/li>\n<li data-start=\"1186\" data-end=\"1234\">\n<p data-start=\"1188\" data-end=\"1234\">Compatible avec : Solo 100, Solo 108, Solo 101<\/p>\n<\/li>\n<li data-start=\"1235\" data-end=\"1267\">\n<p data-start=\"1237\" data-end=\"1267\">Mati\u00e8re : Toile, r\u00e9sistante<\/p>\n<\/li>\n<li data-start=\"1268\" data-end=\"1316\">\n<p data-start=\"1270\" data-end=\"1316\">Fonction : Protection et transport des barres d&#039;essai<\/p>\n<\/li>\n<li data-start=\"1317\" data-end=\"1358\">\n<p data-start=\"1319\" data-end=\"1358\">Transport : Bandouli\u00e8re pour un transport confortable<\/p>\n<\/li>\n<li data-start=\"1359\" data-end=\"1374\">\n<p data-start=\"1361\" data-end=\"1374\">Couleur: Noir<\/p>\n<\/li>\n<li data-start=\"1375\" data-end=\"1403\">\n<p data-start=\"1377\" data-end=\"1403\">Inclus dans : \u00e9tui Solo 610<\/p>\n<\/li>\n<\/ul>","protected":false},"excerpt":{"rendered":"<p>Le Solo 602 quiver est un \u00e9tui de transport robuste pour les cannes de test Solo 100, 108 et 101.<\/p>\n<p>Fabriqu\u00e9 en toile r\u00e9sistante avec une bandouli\u00e8re, id\u00e9al pour un transport s\u00fbr et facile sur le chantier.<\/p>","protected":false},"featured_media":151627,"template":"","meta":{"_acf_changed":false},"product_brand":[],"product_cat":[2945,4758,5088],"product_tag":[],"class_list":{"0":"post-151628","1":"product","2":"type-product","3":"status-publish","4":"has-post-thumbnail","6":"product_cat-solo","7":"product_cat-forvaring-vaskor","8":"product_cat-solo-solo","9":"pa_brands-solo","10":"tm-no-options","12":"first","13":"instock","14":"taxable","15":"shipping-taxable","16":"purchasable","17":"product-type-simple"},"acf":[],"_links":{"self":[{"href":"https:\/\/secureus.se\/fr\/wp-json\/wp\/v2\/product\/151628","targetHints":{"allow":["GET"]}}],"collection":[{"href":"https:\/\/secureus.se\/fr\/wp-json\/wp\/v2\/product"}],"about":[{"href":"https:\/\/secureus.se\/fr\/wp-json\/wp\/v2\/types\/product"}],"wp:featuredmedia":[{"embeddable":true,"href":"https:\/\/secureus.se\/fr\/wp-json\/wp\/v2\/media\/151627"}],"wp:attachment":[{"href":"https:\/\/secureus.se\/fr\/wp-json\/wp\/v2\/media?parent=151628"}],"wp:term":[{"taxonomy":"product_brand","embeddable":true,"href":"https:\/\/secureus.se\/fr\/wp-json\/wp\/v2\/product_brand?post=151628"},{"taxonomy":"product_cat","embeddable":true,"href":"https:\/\/secureus.se\/fr\/wp-json\/wp\/v2\/product_cat?post=151628"},{"taxonomy":"product_tag","embeddable":true,"href":"https:\/\/secureus.se\/fr\/wp-json\/wp\/v2\/product_tag?post=151628"}],"curies":[{"name":"wp","href":"https:\/\/api.w.org\/{rel}","templated":true}]}}