{"id":151755,"date":"2025-04-15T13:02:41","date_gmt":"2025-04-15T11:02:41","guid":{"rendered":"https:\/\/secureus.se\/?post_type=product&#038;p=151755"},"modified":"2026-04-20T22:24:41","modified_gmt":"2026-04-20T20:24:41","slug":"nodoppningsknapp-larmknapp-gron-led-summer-3-relaer-aterstallbar-med-nyckel","status":"publish","type":"product","link":"https:\/\/secureus.se\/fr\/nodoppningsknapp-larmknapp-gron-led-summer-3-relaer-aterstallbar-med-nyckel\/","title":{"rendered":"Bouton d&#039;ouverture d&#039;urgence, bouton d&#039;alarme, LED verte LK50 avec LED + buzzer et 3 relais, cl\u00e9 de r\u00e9initialisation incluse."},"content":{"rendered":"<h4 class=\"\" data-start=\"418\" data-end=\"481\"><strong data-start=\"423\" data-end=\"481\">Bouton d&#039;ouverture d&#039;urgence vert \u2013 LED et buzzer, 3 relais C\/NC\/NO<\/strong><\/h4>\n<p class=\"\" data-start=\"483\" data-end=\"767\">Ce bouton de d\u00e9verrouillage d&#039;urgence vert est con\u00e7u pour les syst\u00e8mes d&#039;alarme et de s\u00e9curit\u00e9 professionnels et offre une flexibilit\u00e9 et une facilit\u00e9 d&#039;utilisation maximales. Le bouton a <strong data-start=\"638\" data-end=\"670\">trois commutations libres (C\/NC\/NO)<\/strong> qui peut \u00eatre utilis\u00e9 pour un contr\u00f4le optionnel, comme des portes, des alarmes ou d&#039;autres fonctions de s\u00e9curit\u00e9.<\/p>\n<p class=\"\" data-start=\"769\" data-end=\"1065\">Sur le devant, il y a un symbole clair avec un homme courant vers une porte, ce qui rend la fonction \u00e9vidente m\u00eame pour les utilisateurs inexp\u00e9riment\u00e9s. Lorsque le bouton est enfonc\u00e9, il fournit \u00e0 la fois <strong data-start=\"929\" data-end=\"952\">ronfleur<\/strong> et <strong data-start=\"957\" data-end=\"983\">indication visuelle par LED<\/strong>, et ces fonctions peuvent \u00eatre facilement r\u00e9gl\u00e9es directement \u00e0 l&#039;int\u00e9rieur du bouton via des commutateurs.<\/p>\n<p class=\"\" data-start=\"1067\" data-end=\"1365\">Contrairement aux mod\u00e8les en verre traditionnels, vous n&#039;avez pas besoin de remplacer de pi\u00e8ces apr\u00e8s un impact : le bouton se r\u00e9initialise en douceur avec lui <strong data-start=\"1198\" data-end=\"1221\">la cl\u00e9 incluse<\/strong>, \u00e9liminant ainsi les co\u00fbts d&#039;exploitation des pi\u00e8ces de rechange. La marque visuelle qui appara\u00eet lors de l&#039;activation dispara\u00eet automatiquement lors de la r\u00e9initialisation.<\/p>\n<p data-start=\"1067\" data-end=\"1365\"><span style=\"text-decoration: underline;\"><strong>Ce produit poss\u00e8de la certification CE pour les march\u00e9s europ\u00e9ens et nordiques.<\/strong><\/span><\/p>\n<hr class=\"\" data-start=\"1367\" data-end=\"1370\" \/>\n<h4 class=\"\" data-start=\"1372\" data-end=\"1394\"><strong data-start=\"1379\" data-end=\"1394\">Propri\u00e9t\u00e9s:<\/strong><\/h4>\n<ul data-start=\"1396\" data-end=\"1825\">\n<li class=\"\" data-start=\"1396\" data-end=\"1453\">\n<p class=\"\" data-start=\"1398\" data-end=\"1453\"><strong data-start=\"1398\" data-end=\"1409\">Relais :<\/strong> 3 pi\u00e8ces (C\/NC\/NO) pour un contr\u00f4le flexible<\/p>\n<\/li>\n<li data-start=\"1396\" data-end=\"1453\"><strong>Volt<\/strong>: DC12V\/DC24V \u2013 30VDC Max<\/li>\n<li class=\"\" data-start=\"1454\" data-end=\"1518\">\n<p class=\"\" data-start=\"1456\" data-end=\"1518\"><strong data-start=\"1456\" data-end=\"1473\">LED et buzzer :<\/strong> Int\u00e9gr\u00e9, r\u00e9glable via des interrupteurs internes<\/p>\n<\/li>\n<li class=\"\" data-start=\"1519\" data-end=\"1581\">\n<p class=\"\" data-start=\"1521\" data-end=\"1581\"><strong data-start=\"1521\" data-end=\"1539\">R\u00e9initialiser:<\/strong> Avec cl\u00e9 incluse \u2013 pas de remplacement de verre<\/p>\n<\/li>\n<li class=\"\" data-start=\"1582\" data-end=\"1655\">\n<p class=\"\" data-start=\"1584\" data-end=\"1655\"><strong data-start=\"1584\" data-end=\"1606\">Marquage visuel :<\/strong> Affiche l&#039;activation, dispara\u00eet lors de la r\u00e9initialisation<\/p>\n<\/li>\n<li class=\"\" data-start=\"1656\" data-end=\"1717\">\n<p class=\"\" data-start=\"1658\" data-end=\"1717\"><strong data-start=\"1658\" data-end=\"1669\">Symbole:<\/strong> Homme courant vers la porte pour une utilisation libre<\/p>\n<\/li>\n<li class=\"\" data-start=\"1718\" data-end=\"1825\">\n<p class=\"\" data-start=\"1720\" data-end=\"1736\"><strong data-start=\"1720\" data-end=\"1734\">Accessoires:<\/strong><\/p>\n<ul data-start=\"1740\" data-end=\"1825\">\n<li class=\"\" data-start=\"1740\" data-end=\"1785\">\n<p class=\"\" data-start=\"1742\" data-end=\"1785\">Housse de protection LK-5-GLAS (r\u00e9f. 6301061-SH)<\/p>\n<\/li>\n<li class=\"\" data-start=\"1789\" data-end=\"1825\">\n<p class=\"\" data-start=\"1791\" data-end=\"1825\">Cl\u00e9 suppl\u00e9mentaire (r\u00e9f\u00e9rence 6301060-SH)<\/p>\n<\/li>\n<\/ul>\n<\/li>\n<\/ul>\n<hr class=\"\" data-start=\"1827\" data-end=\"1830\" \/>\n<p class=\"\" data-start=\"1832\" data-end=\"1947\">Il s\u2019agit d\u2019une solution de bouton d\u2019urgence fiable, \u00e9conomique et avanc\u00e9e qui s\u2019int\u00e8gre parfaitement dans les syst\u00e8mes de s\u00e9curit\u00e9 modernes.<\/p>","protected":false},"excerpt":{"rendered":"<p><strong data-start=\"142\" data-end=\"191\">Bouton d&#039;ouverture d&#039;urgence Vert \u2013 LED, Buzzer, 3 Relais<\/strong><br data-start=\"191\" data-end=\"194\" \/>Bouton d&#039;alarme vert avec symbole de l&#039;homme qui court, trois changements gratuits (C\/NC\/NO), LED r\u00e9glable et buzzer, r\u00e9initialisation facile avec la cl\u00e9 incluse - aucun remplacement de verre requis.<br \/>\n<strong>DC12V\/DC24V - 30VDC Max<\/strong><\/p>","protected":false},"featured_media":151789,"template":"","meta":{"_acf_changed":false},"product_brand":[],"product_cat":[1830,4828,1332],"product_tag":[2937,2958],"class_list":{"0":"post-151755","1":"product","2":"type-product","3":"status-publish","4":"has-post-thumbnail","6":"product_cat-brandknappar","7":"product_cat-nodknappar","8":"product_cat-utrymning-tillbehor","9":"product_tag-oppnaknappar","10":"product_tag-stonehouse-produkt","11":"product_shipping_class-postnord-varubrev","12":"pa_brands-stonehouse-security","13":"pa_farg-gron","14":"pa_sakerhetssystem-new-products-incoming","15":"pa_sakerhetssystem-aptus-mfd","16":"pa_sakerhetssystem-assa-arx-solid","17":"pa_sakerhetssystem-axema","18":"pa_sakerhetssystem-axema-vaka-access","19":"pa_sakerhetssystem-backup-batterier","20":"pa_sakerhetssystem-backup-12-24v","21":"pa_sakerhetssystem-bewator-vanderbilt-entro-8-siffror","22":"pa_sakerhetssystem-bewator-vanderbilt-omnis-13-siffror","23":"pa_sakerhetssystem-blank-inga-nummer","24":"pa_sakerhetssystem-category-sv","25":"pa_sakerhetssystem-chipnummer-decimalt","26":"pa_sakerhetssystem-chipnummer-hexadecimalt","27":"pa_sakerhetssystem-column5","28":"pa_sakerhetssystem-detektorer-ovriga-larmgivare","29":"pa_sakerhetssystem-dorrmagneter-tillbehor","30":"pa_sakerhetssystem-dsc-neo-hybrid-for-proffs","31":"pa_sakerhetssystem-elektriska-las","32":"pa_sakerhetssystem-eol-risco","33":"pa_sakerhetssystem-fargband-retransfer","34":"pa_sakerhetssystem-inbrottslarm","35":"pa_sakerhetssystem-ja","36":"pa_sakerhetssystem-kabel-installation","37":"pa_sakerhetssystem-kortprinter","38":"pa_sakerhetssystem-kortprinter-fargband","39":"pa_sakerhetssystem-larmtillbehor-elektronik","40":"pa_sakerhetssystem-motorlas","41":"pa_sakerhetssystem-nyckelband-korthallare","42":"pa_sakerhetssystem-ovriga-sakerhets-besokssystem","43":"pa_sakerhetssystem-ovriga-system","44":"pa_sakerhetssystem-paxton","45":"pa_sakerhetssystem-produkter-online","46":"pa_sakerhetssystem-rco","47":"pa_sakerhetssystem-rfid-plastkort","48":"pa_sakerhetssystem-rfid-taggar","49":"pa_sakerhetssystem-rfid-bordslasare","50":"pa_sakerhetssystem-rfid-stickers-armband","51":"pa_sakerhetssystem-rfid-taggar-kort","52":"pa_sakerhetssystem-rfid-taggar-access-system","53":"pa_sakerhetssystem-risco-agility-tradlost-larm","54":"pa_sakerhetssystem-risco-end-of-line","55":"pa_sakerhetssystem-safetron-las-tillbehor","56":"pa_sakerhetssystem-smart-home","57":"pa_sakerhetssystem-smart-home-smart-security-by-stonehouse","58":"pa_sakerhetssystem-tidomat","59":"tm-no-options","61":"first","62":"instock","63":"sale","64":"featured","65":"taxable","66":"shipping-taxable","67":"purchasable","68":"product-type-simple"},"acf":[],"_links":{"self":[{"href":"https:\/\/secureus.se\/fr\/wp-json\/wp\/v2\/product\/151755","targetHints":{"allow":["GET"]}}],"collection":[{"href":"https:\/\/secureus.se\/fr\/wp-json\/wp\/v2\/product"}],"about":[{"href":"https:\/\/secureus.se\/fr\/wp-json\/wp\/v2\/types\/product"}],"wp:featuredmedia":[{"embeddable":true,"href":"https:\/\/secureus.se\/fr\/wp-json\/wp\/v2\/media\/151789"}],"wp:attachment":[{"href":"https:\/\/secureus.se\/fr\/wp-json\/wp\/v2\/media?parent=151755"}],"wp:term":[{"taxonomy":"product_brand","embeddable":true,"href":"https:\/\/secureus.se\/fr\/wp-json\/wp\/v2\/product_brand?post=151755"},{"taxonomy":"product_cat","embeddable":true,"href":"https:\/\/secureus.se\/fr\/wp-json\/wp\/v2\/product_cat?post=151755"},{"taxonomy":"product_tag","embeddable":true,"href":"https:\/\/secureus.se\/fr\/wp-json\/wp\/v2\/product_tag?post=151755"}],"curies":[{"name":"wp","href":"https:\/\/api.w.org\/{rel}","templated":true}]}}