{"id":151816,"date":"2025-05-08T16:26:21","date_gmt":"2025-05-08T14:26:21","guid":{"rendered":"https:\/\/secureus.se\/aritech-kombi-rok-varme-detektor-dp721rt\/"},"modified":"2026-04-23T10:17:20","modified_gmt":"2026-04-23T08:17:20","slug":"aritech-kombi-rok-varme-detektor-dp721rt","status":"publish","type":"product","link":"https:\/\/secureus.se\/fr\/aritech-kombi-rok-varme-detektor-dp721rt\/","title":{"rendered":"D\u00e9tecteur combin\u00e9 fum\u00e9e-chaleur Aritech DP721RT"},"content":{"rendered":"<p>D\u00e9tecteur combin\u00e9 de fum\u00e9e et de chaleur avec chambre de fum\u00e9e rempla\u00e7able, D\u00e9tecteur optique de fum\u00e9e et de chaleur, quatre fils, tension d&#039;alimentation 8,5-33 VDC, Avec sortie relais inverseur, auto-r\u00e9initialisation IP43. Tous les d\u00e9tecteurs de fum\u00e9e Aritech s\u00e9rie 700 surveillent en permanence leur sensibilit\u00e9 et leur \u00e9tat de fonctionnement. La d\u00e9rive de fond est compens\u00e9e quotidiennement pour maintenir la sensibilit\u00e9 calibr\u00e9e d&#039;origine dans les limites requises. Une fois par jour, le d\u00e9tecteur effectue un test de diagnostic complet qui comprend un test dynamique de la chambre de d\u00e9tection et de l&#039;\u00e9lectronique interne. Si un d\u00e9tecteur sort de port\u00e9e ou \u00e9choue au test de diagnostic interne, cela est signal\u00e9 au panneau et indiqu\u00e9 sur le d\u00e9tecteur comme un d\u00e9faut avec une diode jaune.<\/p>","protected":false},"excerpt":{"rendered":"<p>D\u00e9tecteur combin\u00e9 de fum\u00e9e et de chaleur, chambre de fum\u00e9e rempla\u00e7able. D\u00e9tecteur optique de fum\u00e9e et de chaleur. Quatre fils, tension d&#039;alimentation 8,5-33 VDC. `Avec sortie relais inverseur IP43<\/p>\n<p>Autodiagnostic automatique<br \/>\nTests sur site sans \u00e9quipement de mesure suppl\u00e9mentaire<br \/>\nCapteur optique avec chambre rempla\u00e7able in situ et recyclable (respectueux de l&#039;environnement)<br \/>\nLED s\u00e9par\u00e9es pour l&#039;incendie et le d\u00e9faut<br \/>\nPeut \u00eatre aliment\u00e9 par 12-24 VDC<\/p>","protected":false},"featured_media":151815,"template":"","meta":{"_acf_changed":false},"product_brand":[],"product_cat":[3373,4157],"product_tag":[],"class_list":{"0":"post-151816","1":"product","2":"type-product","3":"status-publish","4":"has-post-thumbnail","6":"product_cat-rokdetektorer","7":"product_cat-varmedetektor","8":"pa_brands-aritech","9":"tm-no-options","11":"first","12":"outofstock","13":"sale","14":"taxable","15":"shipping-taxable","16":"purchasable","17":"product-type-simple"},"acf":[],"_links":{"self":[{"href":"https:\/\/secureus.se\/fr\/wp-json\/wp\/v2\/product\/151816","targetHints":{"allow":["GET"]}}],"collection":[{"href":"https:\/\/secureus.se\/fr\/wp-json\/wp\/v2\/product"}],"about":[{"href":"https:\/\/secureus.se\/fr\/wp-json\/wp\/v2\/types\/product"}],"wp:featuredmedia":[{"embeddable":true,"href":"https:\/\/secureus.se\/fr\/wp-json\/wp\/v2\/media\/151815"}],"wp:attachment":[{"href":"https:\/\/secureus.se\/fr\/wp-json\/wp\/v2\/media?parent=151816"}],"wp:term":[{"taxonomy":"product_brand","embeddable":true,"href":"https:\/\/secureus.se\/fr\/wp-json\/wp\/v2\/product_brand?post=151816"},{"taxonomy":"product_cat","embeddable":true,"href":"https:\/\/secureus.se\/fr\/wp-json\/wp\/v2\/product_cat?post=151816"},{"taxonomy":"product_tag","embeddable":true,"href":"https:\/\/secureus.se\/fr\/wp-json\/wp\/v2\/product_tag?post=151816"}],"curies":[{"name":"wp","href":"https:\/\/api.w.org\/{rel}","templated":true}]}}