{"id":151981,"date":"2025-05-12T11:51:00","date_gmt":"2025-05-12T09:51:00","guid":{"rendered":"https:\/\/secureus.se\/evolis-pmy2-ktds-uppgraderingskit-for-primacy-2-till-dubbelsidig\/"},"modified":"2026-04-08T16:09:50","modified_gmt":"2026-04-08T14:09:50","slug":"evolis-pmy2-ktds-uppgraderingskit-for-primacy-2-till-dubbelsidig","status":"publish","type":"product","link":"https:\/\/secureus.se\/fr\/evolis-pmy2-ktds-uppgraderingskit-for-primacy-2-till-dubbelsidig\/","title":{"rendered":"Kit de mise \u00e0 niveau Evolis PMY2-KTDS pour Primacy 2 vers recto-verso"},"content":{"rendered":"<p>Kit de mise \u00e0 niveau recto verso pour Evolis Primacy 2. La mise \u00e0 niveau de votre Evolis Primacy 2 vers l&#039;impression recto verso est facile avec le kit de mise \u00e0 niveau PMY2-KTDS, fourni avec des instructions d&#039;installation sur le terrain.<\/p>\n<p>Code fabricant : PMY2-KTDS<\/p>\n<p>Poids du produit : 0,20 kg<\/p>","protected":false},"excerpt":{"rendered":"<p>Kit de mise \u00e0 niveau double face pour Evolis Primacy 2<\/p>","protected":false},"featured_media":151980,"template":"","meta":{"_acf_changed":false},"product_brand":[],"product_cat":[3205],"product_tag":[4863],"class_list":{"0":"post-151981","1":"product","2":"type-product","3":"status-publish","4":"has-post-thumbnail","6":"product_cat-evolis","7":"product_tag-pf","8":"pa_brands-evolis","9":"tm-no-options","11":"first","12":"instock","13":"sale","14":"taxable","15":"shipping-taxable","16":"purchasable","17":"product-type-simple"},"acf":[],"_links":{"self":[{"href":"https:\/\/secureus.se\/fr\/wp-json\/wp\/v2\/product\/151981","targetHints":{"allow":["GET"]}}],"collection":[{"href":"https:\/\/secureus.se\/fr\/wp-json\/wp\/v2\/product"}],"about":[{"href":"https:\/\/secureus.se\/fr\/wp-json\/wp\/v2\/types\/product"}],"wp:featuredmedia":[{"embeddable":true,"href":"https:\/\/secureus.se\/fr\/wp-json\/wp\/v2\/media\/151980"}],"wp:attachment":[{"href":"https:\/\/secureus.se\/fr\/wp-json\/wp\/v2\/media?parent=151981"}],"wp:term":[{"taxonomy":"product_brand","embeddable":true,"href":"https:\/\/secureus.se\/fr\/wp-json\/wp\/v2\/product_brand?post=151981"},{"taxonomy":"product_cat","embeddable":true,"href":"https:\/\/secureus.se\/fr\/wp-json\/wp\/v2\/product_cat?post=151981"},{"taxonomy":"product_tag","embeddable":true,"href":"https:\/\/secureus.se\/fr\/wp-json\/wp\/v2\/product_tag?post=151981"}],"curies":[{"name":"wp","href":"https:\/\/api.w.org\/{rel}","templated":true}]}}