{"id":152197,"date":"2025-05-20T14:56:08","date_gmt":"2025-05-20T12:56:08","guid":{"rendered":"https:\/\/secureus.se\/?post_type=product&#038;p=152197"},"modified":"2026-02-25T13:05:47","modified_gmt":"2026-02-25T12:05:47","slug":"elektrisk-musfalla-rattfalla-wi-fi-fanga-skadedjuren-smart-och-sakert","status":"publish","type":"product","link":"https:\/\/secureus.se\/fr\/elektrisk-musfalla-rattfalla-wi-fi-fanga-skadedjuren-smart-och-sakert\/","title":{"rendered":"Pi\u00e8ge \u00e0 souris \u00e9lectrique \/ Pi\u00e8ge \u00e0 rats Wi-Fi \u2013 Contr\u00f4l\u00e9 par application \u2013 \u00c9cologique \u2013 Attrapez les nuisibles intelligemment et en toute s\u00e9curit\u00e9"},"content":{"rendered":"<p data-start=\"577\" data-end=\"727\">Pi\u00e8ge \u00e0 souris et rats \u00e9cologique, intelligent et hygi\u00e9nique qui tue par un choc \u00e9lectrique rapide et envoie une notification push sur votre t\u00e9l\u00e9phone portable lorsqu&#039;il a frapp\u00e9. Aliment\u00e9 par batterie, sans odeur et facile \u00e0 nettoyer \u2013 parfait pour les cuisines, les garages et les entrep\u00f4ts.<\/p>\n<p class=\"\" data-start=\"577\" data-end=\"727\">\u00c9vitez les pi\u00e8ges traditionnels et les plaques de colle collantes. Avec notre <strong data-start=\"636\" data-end=\"673\">Pi\u00e8ge \u00e0 souris et \u00e0 rats \u00e9lectrique Wi-Fi<\/strong> la lutte antiparasitaire devient \u00e0 la fois hygi\u00e9nique et intelligente :<\/p>\n<ol data-start=\"729\" data-end=\"1138\">\n<li class=\"\" data-start=\"729\" data-end=\"797\">\n<p class=\"\" data-start=\"732\" data-end=\"797\"><strong data-start=\"732\" data-end=\"744\">Exposition<\/strong> pi\u00e8ge o\u00f9 vous voyez de l\u2019activit\u00e9 \u2013 cuisine, d\u00e9barras, garage.<\/p>\n<\/li>\n<li class=\"\" data-start=\"798\" data-end=\"888\">\n<p class=\"\" data-start=\"801\" data-end=\"888\"><strong data-start=\"801\" data-end=\"815\">Connexion \u00e0 l&#039;application<\/strong> via <strong>2,4 GHz<\/strong>-Wi-Fi\/Bluetooth 5.0 et obtenez le statut en direct directement sur votre t\u00e9l\u00e9phone.<\/p>\n<\/li>\n<li class=\"\" data-start=\"889\" data-end=\"948\">\n<p class=\"\" data-start=\"892\" data-end=\"948\"><strong data-start=\"892\" data-end=\"901\">Attirer<\/strong> avec l&#039;app\u00e2t de votre choix dans la bo\u00eete alimentaire amovible.<\/p>\n<\/li>\n<li class=\"\" data-start=\"949\" data-end=\"1084\">\n<p class=\"\" data-start=\"952\" data-end=\"1084\"><strong data-start=\"952\" data-end=\"964\">Soyez averti<\/strong> Lorsqu&#039;une souris\/un rat est attrap\u00e9, le pi\u00e8ge d\u00e9livre un choc \u00e9lectrique rapide et maintient une tension \u00e9lev\u00e9e pendant 2 minutes pour une efficacit\u00e9 maximale.<\/p>\n<\/li>\n<li class=\"\" data-start=\"1085\" data-end=\"1138\">\n<p class=\"\" data-start=\"1088\" data-end=\"1138\"><strong data-start=\"1088\" data-end=\"1104\">Vider et nettoyer<\/strong> sans toucher le nuisible. Clair!<\/p>\n<\/li>\n<\/ol>\n<p class=\"\" data-start=\"1140\" data-end=\"1237\">Le pi\u00e8ge convient aussi bien aux particuliers qu&#039;aux professionnels qui souhaitent r\u00e9duire les risques de blessures, d&#039;odeurs et de souffrances inutiles.<\/p>\n<hr class=\"\" data-start=\"2106\" data-end=\"2109\" \/>\n<h2 class=\"\" data-start=\"2111\" data-end=\"2158\"><strong data-start=\"2114\" data-end=\"2158\">Comment installer le pi\u00e8ge (\u00e9tape par \u00e9tape)<\/strong><\/h2>\n<ol data-start=\"2160\" data-end=\"2542\">\n<li class=\"\" data-start=\"2160\" data-end=\"2201\">\n<p class=\"\" data-start=\"2163\" data-end=\"2201\"><strong data-start=\"2163\" data-end=\"2179\">Ouvrez le couvercle<\/strong> et le sortir de la bo\u00eete \u00e0 lunch.<\/p>\n<\/li>\n<li class=\"\" data-start=\"2202\" data-end=\"2294\">\n<p class=\"\" data-start=\"2205\" data-end=\"2294\"><strong data-start=\"2205\" data-end=\"2227\">Ins\u00e9rez les piles<\/strong> (4 piles AA). Fermez le couvercle et maintenez le bouton de r\u00e9initialisation enfonc\u00e9 pendant 3 secondes pour effectuer l&#039;appairage.<\/p>\n<\/li>\n<li class=\"\" data-start=\"2295\" data-end=\"2368\">\n<p class=\"\" data-start=\"2298\" data-end=\"2368\"><strong data-start=\"2298\" data-end=\"2315\">Remplissez la bo\u00eete \u00e0 lunch<\/strong> avec du beurre de cacahu\u00e8te, du fromage ou un autre app\u00e2t attrayant.<\/p>\n<\/li>\n<li class=\"\" data-start=\"2369\" data-end=\"2454\">\n<p class=\"\" data-start=\"2372\" data-end=\"2454\"><strong data-start=\"2372\" data-end=\"2385\">Mettre ensemble<\/strong> et placez le pi\u00e8ge avec l&#039;entr\u00e9e le long d&#039;un mur o\u00f9 se d\u00e9placent les rongeurs.<\/p>\n<\/li>\n<li class=\"\" data-start=\"2455\" data-end=\"2542\">\n<p class=\"\" data-start=\"2458\" data-end=\"2542\"><strong data-start=\"2458\" data-end=\"2474\">D\u00e9marrer l&#039;application<\/strong> et suivez les instructions pour ajouter l&#039;appareil \u00e0 votre Wi-Fi.<\/p>\n<\/li>\n<\/ol>\n<blockquote data-start=\"2544\" data-end=\"2621\">\n<p class=\"\" data-start=\"2546\" data-end=\"2621\"><strong data-start=\"2546\" data-end=\"2555\">Conseil:<\/strong> Placez le pi\u00e8ge \u00e0 port\u00e9e du Wi-Fi pour garantir les notifications push.<\/p>\n<\/blockquote>\n<hr class=\"\" data-start=\"2623\" data-end=\"2626\" \/>\n<h2 class=\"\" data-start=\"2628\" data-end=\"2655\"><strong data-start=\"2631\" data-end=\"2655\">Foire aux questions (FAQ)<\/strong><\/h2>\n<p class=\"\" data-start=\"2657\" data-end=\"2767\"><strong data-start=\"2657\" data-end=\"2690\">Comment placer au mieux le pi\u00e8ge ?<\/strong><br data-start=\"2690\" data-end=\"2693\" \/>Le long des murs, derri\u00e8re les appareils ou \u00e0 proximit\u00e9 des sources de nourriture\/d&#039;eau o\u00f9 vous avez vu des traces.<\/p>\n<p class=\"\" data-start=\"2769\" data-end=\"2908\"><strong data-start=\"2769\" data-end=\"2788\">Comment nettoyer ?<\/strong><br data-start=\"2788\" data-end=\"2791\" \/>Mettez des gants, d\u00e9chargez la bo\u00eete de nourriture et la bo\u00eete de collecte. Rincer \u00e0 l\u2019eau chaude avec du d\u00e9tergent, s\u00e9cher compl\u00e8tement et remonter.<\/p>\n<p class=\"\" data-start=\"2910\" data-end=\"3036\"><strong data-start=\"2910\" data-end=\"2952\">Dois-je v\u00e9rifier le pi\u00e8ge quotidiennement ?<\/strong><br data-start=\"2952\" data-end=\"2955\" \/>Les notifications de l&#039;application sont g\u00e9n\u00e9ralement suffisantes, mais une visite physique une fois par jour est recommand\u00e9e pour des raisons d&#039;hygi\u00e8ne.<\/p>\n<p class=\"\" data-start=\"3038\" data-end=\"3166\"><strong data-start=\"3038\" data-end=\"3072\">Est-ce sans danger pour les enfants\/animaux domestiques ?<\/strong><br data-start=\"3072\" data-end=\"3075\" \/>Oui, mais la haute tension est activ\u00e9e \u2013 placez-la hors de port\u00e9e et retirez toujours les piles lors de l\u2019entretien.<\/p>\n<p data-start=\"3038\" data-end=\"3166\"><strong data-start=\"3038\" data-end=\"3072\">Quelle application utilisez-vous ?<br \/>\n<\/strong>Le pi\u00e8ge est compatible, entre autres, avec Tuya, Smart Life et l&#039;application Stonehouse Smart.<\/p>\n<hr class=\"\" data-start=\"3168\" data-end=\"3171\" \/>\n<h2 class=\"\" data-start=\"3173\" data-end=\"3198\"><strong data-start=\"3176\" data-end=\"3198\">Le paquet contient<\/strong><\/h2>\n<ul data-start=\"3200\" data-end=\"3323\">\n<li class=\"\" data-start=\"3200\" data-end=\"3238\">\n<p class=\"\" data-start=\"3202\" data-end=\"3238\">1 \u00d7 Pi\u00e8ge \u00e0 souris\/rat \u00e9lectrique Wi-Fi<\/p>\n<\/li>\n<li class=\"\" data-start=\"3239\" data-end=\"3264\">\n<p class=\"\" data-start=\"3241\" data-end=\"3264\">1 \u00d7 Bo\u00eete \u00e0 lunch amovible<\/p>\n<\/li>\n<li class=\"\" data-start=\"3265\" data-end=\"3298\">\n<p class=\"\" data-start=\"3267\" data-end=\"3298\">1 \u00d7 Manuel (su\u00e9dois\/anglais)<\/p>\n<\/li>\n<li class=\"\" data-start=\"3299\" data-end=\"3323\">\n<p class=\"\" data-start=\"3301\" data-end=\"3323\"><strong data-start=\"3301\" data-end=\"3323\">Piles non incluses<\/strong><\/p>\n<\/li>\n<\/ul>\n<hr class=\"\" data-start=\"3325\" data-end=\"3328\" \/>\n<h2 class=\"\" data-start=\"1244\" data-end=\"1275\"><strong data-start=\"1247\" data-end=\"1275\">Sp\u00e9cifications techniques<\/strong><\/h2>\n<div class=\"_tableContainer_16hzy_1\">\n<div class=\"_tableWrapper_16hzy_14 group flex w-fit flex-col-reverse\">\n<table class=\"w-fit min-w-(--thread-content-width)\" data-start=\"1277\" data-end=\"1633\">\n<thead data-start=\"1277\" data-end=\"1298\">\n<tr data-start=\"1277\" data-end=\"1298\">\n<th data-start=\"1277\" data-end=\"1289\" data-col-size=\"sm\">Param\u00e8tre<\/th>\n<th data-start=\"1289\" data-end=\"1298\" data-col-size=\"md\">Valeur<\/th>\n<\/tr>\n<\/thead>\n<tbody data-start=\"1321\" data-end=\"1633\">\n<tr data-start=\"1321\" data-end=\"1366\">\n<td data-start=\"1321\" data-end=\"1340\" data-col-size=\"sm\">Alimentation<\/td>\n<td data-col-size=\"md\" data-start=\"1340\" data-end=\"1366\">4 piles AA\/LR6 1,5 V (6 V)<\/td>\n<\/tr>\n<tr data-start=\"1367\" data-end=\"1395\">\n<td data-start=\"1367\" data-end=\"1384\" data-col-size=\"sm\">Alimentation en veille<\/td>\n<td data-col-size=\"md\" data-start=\"1384\" data-end=\"1395\">52,5 \u00b5A<\/td>\n<\/tr>\n<tr data-start=\"1396\" data-end=\"1455\">\n<td data-start=\"1396\" data-end=\"1407\" data-col-size=\"sm\">Sans fil<\/td>\n<td data-col-size=\"md\" data-start=\"1407\" data-end=\"1455\">Wi-Fi 802.11 b\/g\/n (2,4 GHz) \/ Bluetooth 5.0<\/td>\n<\/tr>\n<tr data-start=\"1456\" data-end=\"1489\">\n<td data-start=\"1456\" data-end=\"1467\" data-col-size=\"sm\">Port\u00e9e<\/td>\n<td data-col-size=\"md\" data-start=\"1467\" data-end=\"1489\">environ 45 m (vue d\u00e9gag\u00e9e)<\/td>\n<\/tr>\n<tr data-start=\"1490\" data-end=\"1540\">\n<td data-start=\"1490\" data-end=\"1504\" data-col-size=\"sm\">Temp\u00e9rature de fonctionnement<\/td>\n<td data-col-size=\"md\" data-start=\"1504\" data-end=\"1540\">\u221210 \u00b0C \u2026 +60 \u00b0C (14 \u00b0F \u2026 140 \u00b0F)<\/td>\n<\/tr>\n<tr data-start=\"1541\" data-end=\"1595\">\n<td data-start=\"1541\" data-end=\"1557\" data-col-size=\"sm\">Humidit\u00e9<\/td>\n<td data-start=\"1557\" data-end=\"1595\" data-col-size=\"md\">1 % \u2026 85 % RH (sans condensation)<\/td>\n<\/tr>\n<tr data-start=\"1596\" data-end=\"1633\">\n<td data-start=\"1596\" data-end=\"1611\" data-col-size=\"sm\">Dimensions (L \u00d7 l \u00d7 H)<\/td>\n<td data-col-size=\"md\" data-start=\"1611\" data-end=\"1633\">222 \u00d7 112 \u00d7 120 mm<\/td>\n<\/tr>\n<\/tbody>\n<\/table>\n<div class=\"sticky end-(--thread-content-margin) h-0 self-end select-none\">\n<div class=\"absolute end-0 flex items-end\"><\/div>\n<\/div>\n<\/div>\n<\/div>\n<hr class=\"\" data-start=\"1635\" data-end=\"1638\" \/>\n<h2 class=\"\" data-start=\"1640\" data-end=\"1673\"><strong data-start=\"1643\" data-end=\"1673\">Indicateur LED \u2013 guide rapide<\/strong><\/h2>\n<div class=\"_tableContainer_16hzy_1\">\n<div class=\"_tableWrapper_16hzy_14 group flex w-fit flex-col-reverse\">\n<table class=\"w-fit min-w-(--thread-content-width)\" data-start=\"1675\" data-end=\"2104\">\n<thead data-start=\"1675\" data-end=\"1702\">\n<tr data-start=\"1675\" data-end=\"1702\">\n<th data-start=\"1675\" data-end=\"1688\" data-col-size=\"sm\">Mode appareil<\/th>\n<th data-start=\"1688\" data-end=\"1702\" data-col-size=\"md\">Signal LED<\/th>\n<\/tr>\n<\/thead>\n<tbody data-start=\"1731\" data-end=\"2104\">\n<tr data-start=\"1731\" data-end=\"1796\">\n<td data-start=\"1731\" data-end=\"1757\" data-col-size=\"sm\">Couplage Wi-Fi\/Bluetooth<\/td>\n<td data-col-size=\"md\" data-start=\"1757\" data-end=\"1796\"><strong data-start=\"1759\" data-end=\"1767\">Vert<\/strong> clignote rapidement (2 \u00d7 \/ sec)<\/td>\n<\/tr>\n<tr data-start=\"1797\" data-end=\"1858\">\n<td data-start=\"1797\" data-end=\"1817\" data-col-size=\"sm\">Mode AP\/Bluetooth<\/td>\n<td data-col-size=\"md\" data-start=\"1817\" data-end=\"1858\"><strong data-start=\"1819\" data-end=\"1827\">Vert<\/strong> clignote lentement (toutes les 2 secondes)<\/td>\n<\/tr>\n<tr data-start=\"1859\" data-end=\"1914\">\n<td data-start=\"1859\" data-end=\"1876\" data-col-size=\"sm\">Attrape les rongeurs<\/td>\n<td data-col-size=\"md\" data-start=\"1876\" data-end=\"1914\"><strong data-start=\"1878\" data-end=\"1885\">ROUGE<\/strong> s&#039;allume pendant 1 min, clignote pendant 1 min<\/td>\n<\/tr>\n<tr data-start=\"1915\" data-end=\"1991\">\n<td data-start=\"1915\" data-end=\"1932\" data-col-size=\"sm\">Rongeur attrap\u00e9<\/td>\n<td data-col-size=\"md\" data-start=\"1932\" data-end=\"1991\"><strong data-start=\"1934\" data-end=\"1941\">ROUGE<\/strong> clignote 10 fois, se r\u00e9p\u00e8te toutes les 5 minutes (max 30 minutes)<\/td>\n<\/tr>\n<tr data-start=\"1992\" data-end=\"2047\">\n<td data-start=\"1992\" data-end=\"2007\" data-col-size=\"sm\">R\u00e9veil OTA<\/td>\n<td data-col-size=\"md\" data-start=\"2007\" data-end=\"2047\">Prise <strong data-start=\"2014\" data-end=\"2029\">bouton de r\u00e9initialisation<\/strong> 1 s (vert continu)<\/td>\n<\/tr>\n<tr data-start=\"2048\" data-end=\"2104\">\n<td data-start=\"2048\" data-end=\"2064\" data-col-size=\"sm\">R\u00e9initialisation d&#039;usine<\/td>\n<td data-col-size=\"md\" data-start=\"2064\" data-end=\"2104\">Prise <strong data-start=\"2071\" data-end=\"2086\">bouton de r\u00e9initialisation<\/strong> 6 s (vert continu)<\/td>\n<\/tr>\n<\/tbody>\n<\/table>\n<div class=\"sticky end-(--thread-content-margin) h-0 self-end select-none\">\n<div class=\"absolute end-0 flex items-end\">\n<hr class=\"\" data-start=\"1635\" data-end=\"1638\" \/>\n<\/div>\n<\/div>\n<\/div>\n<\/div>\n<h2 class=\"\" data-start=\"3330\" data-end=\"3357\"><strong data-start=\"3333\" data-end=\"3357\">Informations de s\u00e9curit\u00e9<\/strong><\/h2>\n<ul data-start=\"3359\" data-end=\"3612\">\n<li class=\"\" data-start=\"3359\" data-end=\"3429\">\n<p class=\"\" data-start=\"3361\" data-end=\"3429\">Utilis\u00e9 <strong data-start=\"3368\" data-end=\"3378\">seulement<\/strong> alcalin, <strong data-start=\"3390\" data-end=\"3396\">pas<\/strong> piles AA rechargeables.<\/p>\n<\/li>\n<li class=\"\" data-start=\"3430\" data-end=\"3499\">\n<p class=\"\" data-start=\"3432\" data-end=\"3499\">Tuyau <strong data-start=\"3436\" data-end=\"3446\">Jamais<\/strong> les plaques m\u00e9talliques \u00e0 l&#039;int\u00e9rieur du pi\u00e8ge lorsqu&#039;il est activ\u00e9.<\/p>\n<\/li>\n<li class=\"\" data-start=\"3500\" data-end=\"3559\">\n<p class=\"\" data-start=\"3502\" data-end=\"3559\">Tenir \u00e0 l\u2019\u00e9cart de l\u2019eau ; nettoyer les pi\u00e8ces amovibles s\u00e9par\u00e9ment.<\/p>\n<\/li>\n<li class=\"\" data-start=\"3560\" data-end=\"3612\">\n<p class=\"\" data-start=\"3562\" data-end=\"3612\">\u00c9teignez (bouton Power\/Clear) avant chaque vidange.<\/p>\n<\/li>\n<\/ul>","protected":false},"excerpt":{"rendered":"<ul>\n<li class=\"\" data-start=\"112\" data-end=\"164\">\n<p class=\"\" data-start=\"114\" data-end=\"164\">\u26a1 <strong data-start=\"116\" data-end=\"137\">Choc \u00e9lectrique imm\u00e9diat<\/strong> \u2013 mise \u00e0 mort humaine et rapide<\/p>\n<\/li>\n<li class=\"\" data-start=\"165\" data-end=\"237\">\n<p class=\"\" data-start=\"167\" data-end=\"237\">\ud83d\udcf1 <strong data-start=\"170\" data-end=\"188\">Wi-Fi connect\u00e9<\/strong> \u2013 recevez une notification push sur votre t\u00e9l\u00e9phone portable lorsque le pi\u00e8ge est d\u00e9clench\u00e9<\/p>\n<\/li>\n<li class=\"\" data-start=\"238\" data-end=\"314\">\n<p class=\"\" data-start=\"240\" data-end=\"314\">\ud83d\udd0b <strong data-start=\"243\" data-end=\"272\">Aliment\u00e9 par 4 piles AA<\/strong> \u2013 pas de fil, jusqu&#039;\u00e0 6 mois en veille<\/p>\n<\/li>\n<li class=\"\" data-start=\"315\" data-end=\"377\">\n<p class=\"\" data-start=\"317\" data-end=\"377\">\ud83e\uddfd <strong data-start=\"320\" data-end=\"340\">Facile \u00e0 nettoyer<\/strong> \u2013 bo\u00eete \u00e0 lunch amovible et bo\u00eete de collecte des d\u00e9chets<\/p>\n<\/li>\n<li class=\"\" data-start=\"378\" data-end=\"454\">\n<p class=\"\" data-start=\"380\" data-end=\"454\">\ud83c\udf21\ufe0f <strong data-start=\"384\" data-end=\"402\">R\u00e9siste aux environnements difficiles<\/strong> \u2013 fonctionne de \u221210 \u00b0C \u00e0 +60 \u00b0C et avec une humidit\u00e9 \u00e9lev\u00e9e<\/p>\n<\/li>\n<li class=\"\" data-start=\"455\" data-end=\"543\">\n<p class=\"\" data-start=\"457\" data-end=\"543\">\ud83d\udc76 <strong data-start=\"460\" data-end=\"485\">S\u00e9curit\u00e9 enfant et animal<\/strong> \u2013 la haute tension n\u2019est activ\u00e9e que lorsque le rongeur est compl\u00e8tement \u00e0 l\u2019int\u00e9rieur<\/p>\n<\/li>\n<\/ul>","protected":false},"featured_media":152377,"template":"","meta":{"_acf_changed":false},"product_brand":[],"product_cat":[4663,4764],"product_tag":[],"class_list":{"0":"post-152197","1":"product","2":"type-product","3":"status-publish","4":"has-post-thumbnail","6":"product_cat-smart-home","7":"product_cat-smart-djur-natur","8":"pa_brands-stonehouse-smart","9":"tm-no-options","11":"first","12":"outofstock","13":"sale","14":"taxable","15":"shipping-taxable","16":"purchasable","17":"product-type-simple"},"acf":[],"_links":{"self":[{"href":"https:\/\/secureus.se\/fr\/wp-json\/wp\/v2\/product\/152197","targetHints":{"allow":["GET"]}}],"collection":[{"href":"https:\/\/secureus.se\/fr\/wp-json\/wp\/v2\/product"}],"about":[{"href":"https:\/\/secureus.se\/fr\/wp-json\/wp\/v2\/types\/product"}],"wp:featuredmedia":[{"embeddable":true,"href":"https:\/\/secureus.se\/fr\/wp-json\/wp\/v2\/media\/152377"}],"wp:attachment":[{"href":"https:\/\/secureus.se\/fr\/wp-json\/wp\/v2\/media?parent=152197"}],"wp:term":[{"taxonomy":"product_brand","embeddable":true,"href":"https:\/\/secureus.se\/fr\/wp-json\/wp\/v2\/product_brand?post=152197"},{"taxonomy":"product_cat","embeddable":true,"href":"https:\/\/secureus.se\/fr\/wp-json\/wp\/v2\/product_cat?post=152197"},{"taxonomy":"product_tag","embeddable":true,"href":"https:\/\/secureus.se\/fr\/wp-json\/wp\/v2\/product_tag?post=152197"}],"curies":[{"name":"wp","href":"https:\/\/api.w.org\/{rel}","templated":true}]}}