{"id":152352,"date":"2025-05-20T16:02:20","date_gmt":"2025-05-20T14:02:20","guid":{"rendered":"https:\/\/secureus.se\/?post_type=product&#038;p=152352"},"modified":"2026-03-03T15:42:00","modified_gmt":"2026-03-03T14:42:00","slug":"automatiskt-bevattningssystem-appstyrd-wi-fi-smart-bevattningskontroll","status":"publish","type":"product","link":"https:\/\/secureus.se\/fr\/automatiskt-bevattningssystem-appstyrd-wi-fi-smart-bevattningskontroll\/","title":{"rendered":"Syst\u00e8me d\u2019irrigation automatique \u2013 Contr\u00f4l\u00e9 par application \u2013 Wi-Fi \u2013 Contr\u00f4le d\u2019irrigation intelligent \u2013 Arrosez o\u00f9 que vous soyez !"},"content":{"rendered":"<p class=\"\" data-start=\"696\" data-end=\"912\">Passez des vacances sans souci et \u00e9vitez de vous laver les mains tous les jours. <strong data-start=\"755\" data-end=\"786\">Irrigation goutte \u00e0 goutte intelligente Wi-Fi<\/strong> est un syst\u00e8me goutte \u00e0 goutte complet et rechargeable qui fournit \u00e0 vos plantes exactement la bonne quantit\u00e9 d&#039;eau, contr\u00f4l\u00e9e directement depuis votre t\u00e9l\u00e9phone portable.<\/p>\n<ol data-start=\"914\" data-end=\"1302\">\n<li class=\"\" data-start=\"914\" data-end=\"982\">\n<p class=\"\" data-start=\"917\" data-end=\"982\"><strong data-start=\"917\" data-end=\"933\">Accrocher l&#039;appareil<\/strong> \u00e0 la source d&#039;eau (seau, bidon ou baril de pluie).<\/p>\n<\/li>\n<li class=\"\" data-start=\"983\" data-end=\"1064\">\n<p class=\"\" data-start=\"986\" data-end=\"1064\"><strong data-start=\"986\" data-end=\"999\">Tirer le tuyau<\/strong> (max 15 m) jusqu&#039;\u00e0 <strong data-start=\"1025\" data-end=\"1034\">10 pi\u00e8ces<\/strong> buses goutte \u00e0 goutte r\u00e9glables.<\/p>\n<\/li>\n<li class=\"\" data-start=\"1065\" data-end=\"1146\">\n<p class=\"\" data-start=\"1068\" data-end=\"1146\"><strong data-start=\"1068\" data-end=\"1081\">Formez des paires<\/strong> via Bluetooth, ajoutez le Wi-Fi 2,4 GHz dans <em data-start=\"1125\" data-end=\"1137\">Vie intelligente<\/em>application.<\/p>\n<\/li>\n<li class=\"\" data-start=\"1147\" data-end=\"1234\">\n<p class=\"\" data-start=\"1150\" data-end=\"1234\"><strong data-start=\"1150\" data-end=\"1166\">D\u00e9finir un horaire<\/strong> (par exemple 30 secondes toutes les 12 heures) ou d\u00e9marrez manuellement o\u00f9 que vous soyez.<\/p>\n<\/li>\n<li class=\"\" data-start=\"1235\" data-end=\"1302\">\n<p class=\"\" data-start=\"1238\" data-end=\"1302\"><strong data-start=\"1238\" data-end=\"1255\">Charger calmement<\/strong> \u2013 Le bo\u00eetier IP66 r\u00e9siste au soleil, \u00e0 la pluie et \u00e0 la poussi\u00e8re.<\/p>\n<\/li>\n<\/ol>\n<blockquote data-start=\"1304\" data-end=\"1381\">\n<p class=\"\" data-start=\"1306\" data-end=\"1381\"><strong data-start=\"1306\" data-end=\"1316\">Prime:<\/strong> Int\u00e9grez-le \u00e0 Google Home\/Alexa et dites \u00ab Arrosez les plantes \u00bb - c&#039;est fait !<\/p>\n<\/blockquote>\n<hr class=\"\" data-start=\"1383\" data-end=\"1386\" \/>\n<h2 class=\"\" data-start=\"1388\" data-end=\"1419\"><strong data-start=\"1391\" data-end=\"1419\">Sp\u00e9cifications techniques<\/strong><\/h2>\n<div class=\"_tableContainer_16hzy_1\">\n<div class=\"_tableWrapper_16hzy_14 group flex w-fit flex-col-reverse\">\n<table class=\"w-fit min-w-(--thread-content-width)\" data-start=\"1421\" data-end=\"1825\">\n<thead data-start=\"1421\" data-end=\"1442\">\n<tr data-start=\"1421\" data-end=\"1442\">\n<th data-start=\"1421\" data-end=\"1433\" data-col-size=\"sm\">Param\u00e8tre<\/th>\n<th data-start=\"1433\" data-end=\"1442\" data-col-size=\"md\">Valeur<\/th>\n<\/tr>\n<\/thead>\n<tbody data-start=\"1465\" data-end=\"1825\">\n<tr data-start=\"1465\" data-end=\"1505\">\n<td data-start=\"1465\" data-end=\"1484\" data-col-size=\"sm\">Alimentation<\/td>\n<td data-start=\"1484\" data-end=\"1505\" data-col-size=\"md\">5 V \u2393 2 A (USB-C)<\/td>\n<\/tr>\n<tr data-start=\"1506\" data-end=\"1558\">\n<td data-start=\"1506\" data-end=\"1516\" data-col-size=\"sm\">Batterie<\/td>\n<td data-start=\"1516\" data-end=\"1558\" data-col-size=\"md\">Batterie Li-ion 18650 int\u00e9gr\u00e9e, rechargeable<\/td>\n<\/tr>\n<tr data-start=\"1559\" data-end=\"1586\">\n<td data-start=\"1559\" data-end=\"1576\" data-col-size=\"sm\">Alimentation en veille<\/td>\n<td data-col-size=\"md\" data-start=\"1576\" data-end=\"1586\">135 \u00b5A<\/td>\n<\/tr>\n<tr data-start=\"1587\" data-end=\"1645\">\n<td data-start=\"1587\" data-end=\"1598\" data-col-size=\"sm\">Sans fil<\/td>\n<td data-start=\"1598\" data-end=\"1645\" data-col-size=\"md\">Wi-Fi 802.11 b\/g\/n (2,4 GHz), Bluetooth 5.0<\/td>\n<\/tr>\n<tr data-start=\"1646\" data-end=\"1679\">\n<td data-start=\"1646\" data-end=\"1657\" data-col-size=\"sm\">Port\u00e9e<\/td>\n<td data-start=\"1657\" data-end=\"1679\" data-col-size=\"md\">environ 45 m (vue d\u00e9gag\u00e9e)<\/td>\n<\/tr>\n<tr data-start=\"1680\" data-end=\"1703\">\n<td data-start=\"1680\" data-end=\"1695\" data-col-size=\"sm\">Imperm\u00e9abilit\u00e9<\/td>\n<td data-col-size=\"md\" data-start=\"1695\" data-end=\"1703\">IP66<\/td>\n<\/tr>\n<tr data-start=\"1704\" data-end=\"1735\">\n<td data-start=\"1704\" data-end=\"1718\" data-col-size=\"sm\">Temp\u00e9rature de fonctionnement<\/td>\n<td data-col-size=\"md\" data-start=\"1718\" data-end=\"1735\">0\u00b0C \u2026 +60\u00b0C<\/td>\n<\/tr>\n<tr data-start=\"1736\" data-end=\"1790\">\n<td data-start=\"1736\" data-end=\"1752\" data-col-size=\"sm\">Humidit\u00e9<\/td>\n<td data-col-size=\"md\" data-start=\"1752\" data-end=\"1790\">1 % \u2026 95 % RH (sans condensation)<\/td>\n<\/tr>\n<tr data-start=\"1791\" data-end=\"1825\">\n<td data-start=\"1791\" data-end=\"1806\" data-col-size=\"sm\">Dimensions (L \u00d7 l \u00d7 H)<\/td>\n<td data-col-size=\"md\" data-start=\"1806\" data-end=\"1825\">71 \u00d7 48 \u00d7 90 mm<\/td>\n<\/tr>\n<\/tbody>\n<\/table>\n<div class=\"sticky end-(--thread-content-margin) h-0 self-end select-none\">\n<div class=\"absolute end-0 flex items-end\"><\/div>\n<\/div>\n<\/div>\n<\/div>\n<hr class=\"\" data-start=\"1827\" data-end=\"1830\" \/>\n<h2 class=\"\" data-start=\"1832\" data-end=\"1865\"><strong data-start=\"1835\" data-end=\"1865\">Indicateur LED \u2013 guide rapide<\/strong><\/h2>\n<div class=\"_tableContainer_16hzy_1\">\n<div class=\"_tableWrapper_16hzy_14 group flex w-fit flex-col-reverse\">\n<table class=\"w-fit min-w-(--thread-content-width)\" data-start=\"1867\" data-end=\"2110\">\n<thead data-start=\"1867\" data-end=\"1894\">\n<tr data-start=\"1867\" data-end=\"1894\">\n<th data-start=\"1867\" data-end=\"1880\" data-col-size=\"sm\">Mode appareil<\/th>\n<th data-start=\"1880\" data-end=\"1894\" data-col-size=\"sm\">Signal LED<\/th>\n<\/tr>\n<\/thead>\n<tbody data-start=\"1923\" data-end=\"2110\">\n<tr data-start=\"1923\" data-end=\"1965\">\n<td data-start=\"1923\" data-end=\"1938\" data-col-size=\"sm\">Mode d&#039;appairage<\/td>\n<td data-col-size=\"sm\" data-start=\"1938\" data-end=\"1965\"><strong data-start=\"1940\" data-end=\"1947\">ROUGE<\/strong> clignote 1 fois\/s<\/td>\n<\/tr>\n<tr data-start=\"1966\" data-end=\"2033\">\n<td data-start=\"1966\" data-end=\"1985\" data-col-size=\"sm\">R\u00e9initialiser (maintenir enfonc\u00e9 pendant 6 secondes)<\/td>\n<td data-col-size=\"sm\" data-start=\"1985\" data-end=\"2033\"><strong data-start=\"1987\" data-end=\"1994\">ROUGE<\/strong> s&#039;allume en continu \u2192 s&#039;\u00e9teint une fois la r\u00e9initialisation termin\u00e9e<\/td>\n<\/tr>\n<tr data-start=\"2034\" data-end=\"2075\">\n<td data-start=\"2034\" data-end=\"2043\" data-col-size=\"sm\">Chargement<\/td>\n<td data-start=\"2043\" data-end=\"2075\" data-col-size=\"sm\"><strong data-start=\"2045\" data-end=\"2052\">ROUGE<\/strong> clignote s\u00e9quentiellement<\/td>\n<\/tr>\n<tr data-start=\"2076\" data-end=\"2110\">\n<td data-start=\"2076\" data-end=\"2088\" data-col-size=\"sm\">Compl\u00e8tement charg\u00e9<\/td>\n<td data-col-size=\"sm\" data-start=\"2088\" data-end=\"2110\"><strong data-start=\"2090\" data-end=\"2097\">ROUGE<\/strong> s&#039;allume en continu<\/td>\n<\/tr>\n<\/tbody>\n<\/table>\n<div class=\"sticky end-(--thread-content-margin) h-0 self-end select-none\">\n<div class=\"absolute end-0 flex items-end\"><\/div>\n<\/div>\n<\/div>\n<\/div>\n<hr class=\"\" data-start=\"2112\" data-end=\"2115\" \/>\n<h2 class=\"\" data-start=\"2117\" data-end=\"2157\"><strong data-start=\"2120\" data-end=\"2157\">Comment installer (\u00e9tape par \u00e9tape)<\/strong><\/h2>\n<ol data-start=\"2159\" data-end=\"2707\">\n<li class=\"\" data-start=\"2159\" data-end=\"2224\">\n<p class=\"\" data-start=\"2162\" data-end=\"2224\"><strong data-start=\"2162\" data-end=\"2186\">Pr\u00e9parer la source d&#039;eau<\/strong> \u2013 placer la pompe plus haut que la sortie.<\/p>\n<\/li>\n<li class=\"\" data-start=\"2225\" data-end=\"2292\">\n<p class=\"\" data-start=\"2228\" data-end=\"2292\"><strong data-start=\"2228\" data-end=\"2246\">Installer des filtres<\/strong> \u00e0 l&#039;extr\u00e9mit\u00e9 d&#039;entr\u00e9e du tuyau \u2192 connecter \u00e0 \u00ab IN \u00bb.<\/p>\n<\/li>\n<li class=\"\" data-start=\"2293\" data-end=\"2351\">\n<p class=\"\" data-start=\"2296\" data-end=\"2351\"><strong data-start=\"2296\" data-end=\"2337\">Raccorder le tuyau de sortie (6 \u00d7 8 mm, 5 m)<\/strong> \u00e0 \u00ab\u00a0OUT\u00a0\u00bb.<\/p>\n<\/li>\n<li class=\"\" data-start=\"2352\" data-end=\"2430\">\n<p class=\"\" data-start=\"2355\" data-end=\"2430\"><strong data-start=\"2355\" data-end=\"2367\">Bifurquer<\/strong> avec connecteur 3 voies + tuyau 4 \u00d7 7 mm (2 m) pour chaque plante.<\/p>\n<\/li>\n<li class=\"\" data-start=\"2431\" data-end=\"2519\">\n<p class=\"\" data-start=\"2434\" data-end=\"2519\"><strong data-start=\"2434\" data-end=\"2460\">Ins\u00e9rer la lance d&#039;\u00e9gouttement<\/strong> (d\u00e9bit r\u00e9glable) et r\u00e9gler <strong data-start=\"2489\" data-end=\"2501\">bouchon d&#039;extr\u00e9mit\u00e9<\/strong> dernier dans le tuyau.<\/p>\n<\/li>\n<li class=\"\" data-start=\"2520\" data-end=\"2593\">\n<p class=\"\" data-start=\"2523\" data-end=\"2593\"><strong data-start=\"2523\" data-end=\"2541\">D\u00e9marrer l&#039;appareil<\/strong> \u2013 maintenez le bouton de r\u00e9initialisation enfonc\u00e9 pendant 5 secondes jusqu\u2019\u00e0 ce que le voyant soit fixe.<\/p>\n<\/li>\n<li class=\"\" data-start=\"2594\" data-end=\"2707\">\n<p class=\"\" data-start=\"2597\" data-end=\"2707\"><strong data-start=\"2597\" data-end=\"2618\">Ajouter \u00e0 l&#039;application<\/strong> \u2013 s\u00e9lectionnez \u00ab Smart Drip Irrigation \u00bb, suivez les instructions (D\u00e9couverte Bluetooth \u2192 Wi-Fi 2,4 GHz).<\/p>\n<\/li>\n<\/ol>\n<blockquote data-start=\"2709\" data-end=\"2791\">\n<p class=\"\" data-start=\"2711\" data-end=\"2791\"><strong data-start=\"2711\" data-end=\"2720\">Conseil:<\/strong> \u00c9vitez les tuyaux de plus de 15 m et plus de 10 buses pour une meilleure pression.<\/p>\n<\/blockquote>\n<hr class=\"\" data-start=\"2793\" data-end=\"2796\" \/>\n<h2 class=\"\" data-start=\"2798\" data-end=\"2825\"><strong data-start=\"2801\" data-end=\"2825\">Foire aux questions (FAQ)<\/strong><\/h2>\n<p class=\"\" data-start=\"2827\" data-end=\"2968\"><strong data-start=\"2827\" data-end=\"2856\">\u00c0 quelle fr\u00e9quence dois-je recharger ?<\/strong><br data-start=\"2856\" data-end=\"2859\" \/>Cela d\u00e9pend de la quantit\u00e9 de lait que vous pompez, mais avec 1 \u00e0 2 cycles quotidiens normaux, une charge est souvent suffisante. <strong data-start=\"2953\" data-end=\"2967\">3 \u00e0 6 semaines<\/strong>.<\/p>\n<p class=\"\" data-start=\"2970\" data-end=\"3074\"><strong data-start=\"2970\" data-end=\"2998\">Puis-je conduire sans Wi-Fi ?<\/strong><br data-start=\"2998\" data-end=\"3001\" \/>Oui, le calendrier est stock\u00e9 localement, mais vous perdez le contr\u00f4le \u00e0 distance et les notifications push.<\/p>\n<p class=\"\" data-start=\"3076\" data-end=\"3181\"><strong data-start=\"3076\" data-end=\"3112\">Est-ce que \u00e7a marche avec une solution nutritive ?<\/strong><br data-start=\"3112\" data-end=\"3115\" \/>Oui, m\u00e9langez les nutriments dans le r\u00e9servoir d&#039;eau et ils sortiront sous forme de gouttes.<\/p>\n<p class=\"\" data-start=\"3183\" data-end=\"3284\"><strong data-start=\"3183\" data-end=\"3206\">Est-il r\u00e9sistant \u00e0 l&#039;hiver ?<\/strong><br data-start=\"3206\" data-end=\"3209\" \/>L&#039;\u00e9lectronique peut supporter des temp\u00e9ratures jusqu&#039;\u00e0 0 \u00b0C, mais videz le tuyau et la pompe en cas de risque de gel.<\/p>\n<hr class=\"\" data-start=\"3286\" data-end=\"3289\" \/>\n<h2 class=\"\" data-start=\"3291\" data-end=\"3316\"><strong data-start=\"3294\" data-end=\"3316\">Le paquet contient<\/strong><\/h2>\n<p>1x unit\u00e9 d&#039;irrigation goutte \u00e0 goutte intelligente<br \/>\n1 connecteur \u00e0 3 voies<br \/>\n1x T\u00eate de filtre avec maille<br \/>\n1x Tuyau transparent 4 \u00d7 7 mm (2 m)<br \/>\n1x Tuyau transparent 6 \u00d7 8 mm (5 m)<br \/>\n1x lance goutte \u00e0 goutte r\u00e9glable<br \/>\n1x bouchon d&#039;extr\u00e9mit\u00e9<br \/>\n1x Manuel (anglais)<\/p>\n<hr class=\"\" data-start=\"3616\" data-end=\"3619\" \/>\n<h2 class=\"\" data-start=\"3621\" data-end=\"3658\"><strong data-start=\"3624\" data-end=\"3658\">Conseils de s\u00e9curit\u00e9 et d&#039;installation<\/strong><\/h2>\n<ol data-start=\"3660\" data-end=\"3997\">\n<li class=\"\" data-start=\"3660\" data-end=\"3726\">\n<p class=\"\" data-start=\"3663\" data-end=\"3726\">Prise <strong data-start=\"3668\" data-end=\"3686\">sortie inf\u00e9rieure<\/strong> que l&#039;entr\u00e9e pour \u00e9viter le reflux.<\/p>\n<\/li>\n<li class=\"\" data-start=\"3727\" data-end=\"3806\">\n<p class=\"\" data-start=\"3730\" data-end=\"3806\">D\u00e9passer <strong data-start=\"3740\" data-end=\"3753\">pas 15 m<\/strong> tuyau ou <strong data-start=\"3766\" data-end=\"3783\">10 buses<\/strong> \u2013 peut donner une basse pression.<\/p>\n<\/li>\n<li class=\"\" data-start=\"3807\" data-end=\"3879\">\n<p class=\"\" data-start=\"3810\" data-end=\"3879\">Assurez-vous que <strong data-start=\"3822\" data-end=\"3841\">toutes les connexions<\/strong> sont scell\u00e9s pour \u00e9viter les fuites.<\/p>\n<\/li>\n<li class=\"\" data-start=\"3880\" data-end=\"3928\">\n<p class=\"\" data-start=\"3883\" data-end=\"3928\">Chargez toujours avec <strong data-start=\"3900\" data-end=\"3913\">5V \/ 2A<\/strong> Adaptateur USB.<\/p>\n<\/li>\n<li class=\"\" data-start=\"3929\" data-end=\"3997\">\n<p class=\"\" data-start=\"3932\" data-end=\"3997\">\u00c9vitez les fortes vibrations ou les surfaces instables lors de l\u2019installation.<\/p>\n<\/li>\n<\/ol>","protected":false},"excerpt":{"rendered":"<ul>\n<li class=\"\" data-start=\"116\" data-end=\"198\">\n<p class=\"\" data-start=\"118\" data-end=\"198\">\ud83d\udca6 <strong data-start=\"121\" data-end=\"151\">Irrigation goutte \u00e0 goutte automatique<\/strong> \u2013 d\u00e9finissez un calendrier ou d\u00e9marrez manuellement dans l\u2019application<\/p>\n<\/li>\n<li class=\"\" data-start=\"199\" data-end=\"277\">\n<p class=\"\" data-start=\"201\" data-end=\"277\">\ud83d\udcf1 <strong data-start=\"204\" data-end=\"225\">Wi-Fi + Bluetooth<\/strong> \u2013 Application \u00ab Smart Life \u00bb, notification push en cas de faible niveau de batterie<\/p>\n<\/li>\n<li class=\"\" data-start=\"278\" data-end=\"363\">\n<p class=\"\" data-start=\"280\" data-end=\"363\">\ud83d\udd0b <strong data-start=\"283\" data-end=\"308\">Batterie 18650 int\u00e9gr\u00e9e<\/strong> \u2013 charg\u00e9 via USB-C, courant de veille ultra-faible (135 \u00b5A)<\/p>\n<\/li>\n<li class=\"\" data-start=\"364\" data-end=\"435\">\n<p class=\"\" data-start=\"366\" data-end=\"435\">\ud83c\udf27\ufe0f <strong data-start=\"370\" data-end=\"384\">\u00c9tanch\u00e9it\u00e9 IP66<\/strong> \u2013 r\u00e9siste \u00e0 la pluie et \u00e0 la poussi\u00e8re, parfait sur les terrasses et les balcons<\/p>\n<\/li>\n<li class=\"\" data-start=\"436\" data-end=\"514\">\n<p class=\"\" data-start=\"438\" data-end=\"514\">\ud83c\udf31 <strong data-start=\"441\" data-end=\"477\">Jusqu&#039;\u00e0 10 plantes \/ tuyau de 15 m<\/strong> \u2013 buses goutte \u00e0 goutte r\u00e9glables incluses<\/p>\n<\/li>\n<li class=\"\" data-start=\"515\" data-end=\"586\">\n<p class=\"\" data-start=\"517\" data-end=\"586\">\u2699\ufe0f <strong data-start=\"520\" data-end=\"543\">Assemblage facile \u00e0 faire soi-m\u00eame<\/strong> \u2013 filtres, tuyaux et connecteurs inclus<\/p>\n<\/li>\n<\/ul>","protected":false},"featured_media":152370,"template":"","meta":{"_acf_changed":false},"product_brand":[],"product_cat":[4663,4765],"product_tag":[],"class_list":{"0":"post-152352","1":"product","2":"type-product","3":"status-publish","4":"has-post-thumbnail","6":"product_cat-smart-home","7":"product_cat-smart-tradgard","8":"pa_brands-stonehouse-smart","9":"tm-no-options","11":"first","12":"instock","13":"sale","14":"taxable","15":"shipping-taxable","16":"purchasable","17":"product-type-simple"},"acf":[],"_links":{"self":[{"href":"https:\/\/secureus.se\/fr\/wp-json\/wp\/v2\/product\/152352","targetHints":{"allow":["GET"]}}],"collection":[{"href":"https:\/\/secureus.se\/fr\/wp-json\/wp\/v2\/product"}],"about":[{"href":"https:\/\/secureus.se\/fr\/wp-json\/wp\/v2\/types\/product"}],"wp:featuredmedia":[{"embeddable":true,"href":"https:\/\/secureus.se\/fr\/wp-json\/wp\/v2\/media\/152370"}],"wp:attachment":[{"href":"https:\/\/secureus.se\/fr\/wp-json\/wp\/v2\/media?parent=152352"}],"wp:term":[{"taxonomy":"product_brand","embeddable":true,"href":"https:\/\/secureus.se\/fr\/wp-json\/wp\/v2\/product_brand?post=152352"},{"taxonomy":"product_cat","embeddable":true,"href":"https:\/\/secureus.se\/fr\/wp-json\/wp\/v2\/product_cat?post=152352"},{"taxonomy":"product_tag","embeddable":true,"href":"https:\/\/secureus.se\/fr\/wp-json\/wp\/v2\/product_tag?post=152352"}],"curies":[{"name":"wp","href":"https:\/\/api.w.org\/{rel}","templated":true}]}}