{"id":152407,"date":"2025-05-21T12:15:37","date_gmt":"2025-05-21T10:15:37","guid":{"rendered":"https:\/\/secureus.se\/?post_type=product&#038;p=152407"},"modified":"2026-04-30T17:36:05","modified_gmt":"2026-04-30T15:36:05","slug":"wifi-vaderstation-smart-och-appstyrd","status":"publish","type":"product","link":"https:\/\/secureus.se\/fr\/wifi-vaderstation-smart-och-appstyrd\/","title":{"rendered":"Station m\u00e9t\u00e9o Wi-Fi \u2013 Intelligente et contr\u00f4l\u00e9e par application \u2013 Suivez le climat \u00e0 la maison et via votre t\u00e9l\u00e9phone portable"},"content":{"rendered":"<p class=\"\" data-start=\"997\" data-end=\"1103\">Placez l&#039;unit\u00e9 principale \u00e0 l&#039;int\u00e9rieur, placez le capteur \u00e0 l&#039;ext\u00e9rieur sur le balcon ou dans la serre \u2013 le reste se fait automatiquement :<\/p>\n<ol data-start=\"1105\" data-end=\"1630\">\n<li class=\"\" data-start=\"1105\" data-end=\"1169\">\n<p class=\"\" data-start=\"1108\" data-end=\"1169\"><strong data-start=\"1108\" data-end=\"1133\">Connectez l&#039;adaptateur secteur<\/strong> (alternativement 3 \u00d7 AAA en secours).<\/p>\n<\/li>\n<li class=\"\" data-start=\"1170\" data-end=\"1318\">\n<p class=\"\" data-start=\"1173\" data-end=\"1318\"><strong data-start=\"1173\" data-end=\"1199\">T\u00e9l\u00e9chargez \u00ab Stonehouse Smart \u00bb<\/strong> (alternativement Tuya Smart \/ Smart Life) et coupler via Bluetooth\/Wi-Fi (2,4 GHz). L&#039;appareil r\u00e8gle lui-m\u00eame l&#039;heure et la date.<\/p>\n<\/li>\n<li class=\"\" data-start=\"1319\" data-end=\"1420\">\n<p class=\"\" data-start=\"1322\" data-end=\"1420\"><strong data-start=\"1322\" data-end=\"1341\">Monter le capteur<\/strong>, jusqu&#039;\u00e0 100 m de distance. Si vous avez besoin de plus de zones, ajoutez les capteurs 2 et 3 dans l&#039;application.<\/p>\n<\/li>\n<li class=\"\" data-start=\"1421\" data-end=\"1550\">\n<p class=\"\" data-start=\"1424\" data-end=\"1550\">Suivez tout en temps r\u00e9el : tendances de temp\u00e9rature et d&#039;humidit\u00e9, pression atmosph\u00e9rique, indice UV et ic\u00f4nes m\u00e9t\u00e9o \u00e9l\u00e9gantes pour les quatre prochains jours.<\/p>\n<\/li>\n<li class=\"\" data-start=\"1551\" data-end=\"1630\">\n<p class=\"\" data-start=\"1554\" data-end=\"1630\">Ensemble <strong data-start=\"1560\" data-end=\"1576\">alarme max\/min<\/strong> ou programmez l&#039;arrosage\/les alarmes via des routines de maison intelligente.<\/p>\n<\/li>\n<\/ol>\n<p class=\"\" data-start=\"1632\" data-end=\"1740\">Parfait pour les serres de loisirs, les chalets d&#039;\u00e9t\u00e9 ou simplement pour garder un \u0153il attentif sur le climat et la m\u00e9t\u00e9o \u00e0 venir.<\/p>\n<hr class=\"\" data-start=\"1742\" data-end=\"1745\" \/>\n<h2 class=\"\" data-start=\"1747\" data-end=\"1766\"><strong data-start=\"1750\" data-end=\"1766\">Donn\u00e9es techniques<\/strong><\/h2>\n<div class=\"_tableContainer_16hzy_1\">\n<div class=\"_tableWrapper_16hzy_14 group flex w-fit flex-col-reverse\">\n<table class=\"w-fit min-w-(--thread-content-width)\" data-start=\"1768\" data-end=\"2787\">\n<thead data-start=\"1768\" data-end=\"1789\">\n<tr data-start=\"1768\" data-end=\"1789\">\n<th data-start=\"1768\" data-end=\"1780\" data-col-size=\"sm\">Param\u00e8tre<\/th>\n<th data-start=\"1780\" data-end=\"1789\" data-col-size=\"md\">Valeur<\/th>\n<\/tr>\n<\/thead>\n<tbody data-start=\"1812\" data-end=\"2787\">\n<tr data-start=\"1812\" data-end=\"1905\">\n<td data-start=\"1812\" data-end=\"1831\" data-col-size=\"sm\">Alimentation<\/td>\n<td data-col-size=\"md\" data-start=\"1831\" data-end=\"1905\">Adaptateur secteur 5 V \u2393 \/ 3 \u00d7 AAA (sauvegarde)<\/td>\n<\/tr>\n<tr data-start=\"1906\" data-end=\"1974\">\n<td data-start=\"1906\" data-end=\"1923\" data-col-size=\"sm\">Batterie du capteur<\/td>\n<td data-col-size=\"md\" data-start=\"1923\" data-end=\"1974\">2 \u00d7 AAA<\/td>\n<\/tr>\n<tr data-start=\"1975\" data-end=\"2063\">\n<td data-start=\"1975\" data-end=\"1984\" data-col-size=\"sm\">Effet<\/td>\n<td data-col-size=\"md\" data-start=\"1984\" data-end=\"2063\">Station 3 W max; capteur 0,075 W max<\/td>\n<\/tr>\n<tr data-start=\"2064\" data-end=\"2155\">\n<td data-start=\"2064\" data-end=\"2082\" data-col-size=\"sm\">Temp\u00e9rature \u00e0 l&#039;int\u00e9rieur<\/td>\n<td data-start=\"2082\" data-end=\"2155\" data-col-size=\"md\">\u22129,9 \u2026 +50 \u00b0C (\u00b11 \u00b0C 0\u201340 \u00b0C)<\/td>\n<\/tr>\n<tr data-start=\"2156\" data-end=\"2237\">\n<td data-start=\"2156\" data-end=\"2173\" data-col-size=\"sm\">Temp\u00e9rature ext\u00e9rieure<\/td>\n<td data-start=\"2173\" data-end=\"2237\" data-col-size=\"md\">\u221240 \u2026 +60 \u00b0C (\u00b12 \u00b0C)<\/td>\n<\/tr>\n<tr data-start=\"2238\" data-end=\"2310\">\n<td data-start=\"2238\" data-end=\"2245\" data-col-size=\"sm\">Humidit\u00e9<\/td>\n<td data-start=\"2245\" data-end=\"2310\" data-col-size=\"md\">1 \u2026 99 % RH (\u00b15 % RH)<\/td>\n<\/tr>\n<tr data-start=\"2311\" data-end=\"2390\">\n<td data-start=\"2311\" data-end=\"2323\" data-col-size=\"sm\">Pression<\/td>\n<td data-col-size=\"md\" data-start=\"2323\" data-end=\"2390\">900 \u2026 1050 hPa (\u00b15 hPa)<\/td>\n<\/tr>\n<tr data-start=\"2391\" data-end=\"2467\">\n<td data-start=\"2391\" data-end=\"2410\" data-col-size=\"sm\">Volume de l&#039;alarme<\/td>\n<td data-col-size=\"md\" data-start=\"2410\" data-end=\"2467\">70 dB \u00e0 10 cm<\/td>\n<\/tr>\n<tr data-start=\"2468\" data-end=\"2546\">\n<td data-start=\"2468\" data-end=\"2486\" data-col-size=\"sm\">Plage de capteurs<\/td>\n<td data-col-size=\"md\" data-start=\"2486\" data-end=\"2546\">\u2264 100 m de vue d\u00e9gag\u00e9e<\/td>\n<\/tr>\n<tr data-start=\"2547\" data-end=\"2626\">\n<td data-start=\"2547\" data-end=\"2564\" data-col-size=\"sm\">Port\u00e9e du Wi-Fi<\/td>\n<td data-col-size=\"md\" data-start=\"2564\" data-end=\"2626\">\u2264 25 m du routeur<\/td>\n<\/tr>\n<tr data-start=\"2627\" data-end=\"2685\">\n<td data-start=\"2627\" data-end=\"2646\" data-col-size=\"sm\">Dimensions de l&#039;unit\u00e9 principale<\/td>\n<td data-col-size=\"md\" data-start=\"2646\" data-end=\"2685\"><em data-start=\"2648\" data-end=\"2652\">\u00e0 propos<\/em> 190 \u00d7 98 \u00d7 40 mm (d&#039;apr\u00e8s le manuel)<\/td>\n<\/tr>\n<tr data-start=\"2686\" data-end=\"2787\">\n<td data-start=\"2686\" data-end=\"2707\" data-col-size=\"sm\">Unit\u00e9s de temp\u00e9rature<\/td>\n<td data-start=\"2707\" data-end=\"2787\" data-col-size=\"md\">\u00b0C \/ \u00b0F, commutation avec bouton ou application<\/td>\n<\/tr>\n<\/tbody>\n<\/table>\n<div class=\"sticky end-(--thread-content-margin) h-0 self-end select-none\">\n<div class=\"absolute end-0 flex items-end\"><\/div>\n<\/div>\n<\/div>\n<\/div>\n<hr class=\"\" data-start=\"2789\" data-end=\"2792\" \/>\n<h2 class=\"\" data-start=\"2794\" data-end=\"2822\"><strong data-start=\"2797\" data-end=\"2822\">Caract\u00e9ristiques et avantages<\/strong><\/h2>\n<div class=\"_tableContainer_16hzy_1\">\n<div class=\"_tableWrapper_16hzy_14 group flex w-fit flex-col-reverse\">\n<table class=\"w-fit min-w-(--thread-content-width)\" data-start=\"2824\" data-end=\"3764\">\n<thead data-start=\"2824\" data-end=\"2845\">\n<tr data-start=\"2824\" data-end=\"2845\">\n<th data-start=\"2824\" data-end=\"2835\" data-col-size=\"sm\">Fonction<\/th>\n<th data-start=\"2835\" data-end=\"2845\" data-col-size=\"md\">D\u00e9tail<\/th>\n<\/tr>\n<\/thead>\n<tbody data-start=\"2868\" data-end=\"3764\">\n<tr data-start=\"2868\" data-end=\"2986\">\n<td data-start=\"2868\" data-end=\"2882\" data-col-size=\"sm\"><strong data-start=\"2870\" data-end=\"2881\">Pr\u00e9vision<\/strong><\/td>\n<td data-col-size=\"md\" data-start=\"2882\" data-end=\"2986\">Ic\u00f4nes pour le soleil, les nuages, la pluie, la neige avec la pluie\/le blizzard clignotant<\/td>\n<\/tr>\n<tr data-start=\"2987\" data-end=\"3103\">\n<td data-start=\"2987\" data-end=\"3005\" data-col-size=\"sm\"><strong data-start=\"2989\" data-end=\"3004\">Prise en charge du capteur<\/strong><\/td>\n<td data-col-size=\"md\" data-start=\"3005\" data-end=\"3103\">3 canaux \u2013 commutez manuellement ou laissez la station d\u00e9filer<\/td>\n<\/tr>\n<tr data-start=\"3104\" data-end=\"3215\">\n<td data-start=\"3104\" data-end=\"3124\" data-col-size=\"sm\"><strong data-start=\"3106\" data-end=\"3123\">M\u00e9moire min\/max<\/strong><\/td>\n<td data-col-size=\"md\" data-start=\"3124\" data-end=\"3215\">La temp\u00e9rature et l&#039;humidit\u00e9 relative les plus \u00e9lev\u00e9es\/les plus basses d&#039;aujourd&#039;hui sont r\u00e9initialis\u00e9es \u00e0 00h00<\/td>\n<\/tr>\n<tr data-start=\"3216\" data-end=\"3321\">\n<td data-start=\"3216\" data-end=\"3233\" data-col-size=\"sm\"><strong data-start=\"3218\" data-end=\"3232\">Alarme intelligente<\/strong><\/td>\n<td data-col-size=\"md\" data-start=\"3233\" data-end=\"3321\">Programme hebdomadaire individuel pour 3 alarmes (A1\u2013A3)<\/td>\n<\/tr>\n<tr data-start=\"3322\" data-end=\"3441\">\n<td data-start=\"3322\" data-end=\"3345\" data-col-size=\"sm\"><strong data-start=\"3324\" data-end=\"3344\">Alerte temp\u00e9rature<\/strong><\/td>\n<td data-col-size=\"md\" data-start=\"3345\" data-end=\"3441\">D\u00e9finir la limite haute\/basse dans l&#039;application \u2013 ic\u00f4ne + son sur la station<\/td>\n<\/tr>\n<tr data-start=\"3442\" data-end=\"3562\">\n<td data-start=\"3442\" data-end=\"3463\" data-col-size=\"sm\"><strong data-start=\"3444\" data-end=\"3462\">R\u00e9tro\u00e9clairage<\/strong><\/td>\n<td data-col-size=\"md\" data-start=\"3463\" data-end=\"3562\">\u00c9lev\u00e9 \/ Moyen \/ Faible \/ \u00c9teint lorsque l&#039;adaptateur secteur est branch\u00e9, 10 s lorsque la batterie est branch\u00e9e<\/td>\n<\/tr>\n<tr data-start=\"3563\" data-end=\"3657\">\n<td data-start=\"3563\" data-end=\"3576\" data-col-size=\"sm\"><strong data-start=\"3565\" data-end=\"3575\">Somnoler<\/strong><\/td>\n<td data-col-size=\"md\" data-start=\"3576\" data-end=\"3657\">Fonction de r\u00e9p\u00e9tition de 5 minutes sur l&#039;alarme<\/td>\n<\/tr>\n<tr data-start=\"3658\" data-end=\"3764\">\n<td data-start=\"3658\" data-end=\"3680\" data-col-size=\"sm\"><strong data-start=\"3660\" data-end=\"3679\">Niveau de batterie faible<\/strong><\/td>\n<td data-col-size=\"md\" data-start=\"3680\" data-end=\"3764\">Ic\u00f4ne de batterie pour la station et le capteur<\/td>\n<\/tr>\n<\/tbody>\n<\/table>\n<div class=\"sticky end-(--thread-content-margin) h-0 self-end select-none\">\n<div class=\"absolute end-0 flex items-end\"><\/div>\n<\/div>\n<\/div>\n<\/div>\n<hr class=\"\" data-start=\"3766\" data-end=\"3769\" \/>\n<h2 class=\"\" data-start=\"3771\" data-end=\"3796\"><strong data-start=\"3774\" data-end=\"3796\">Le paquet contient<\/strong><\/h2>\n<ul data-start=\"3798\" data-end=\"3937\">\n<li class=\"\" data-start=\"3798\" data-end=\"3838\">\n<p class=\"\" data-start=\"3800\" data-end=\"3838\">1 \u00d7 Station m\u00e9t\u00e9o Wi-Fi Unit\u00e9 principale \u2013 Peut \u00e9galement \u00eatre aliment\u00e9e par 3 piles AAA \u2013 non incluses. (Consid\u00e9r\u00e9 comme sauvegarde)<\/p>\n<\/li>\n<li class=\"\" data-start=\"3839\" data-end=\"3878\">\n<p class=\"\" data-start=\"3841\" data-end=\"3878\">1 \u00d7 Capteur de temp\u00e9rature et d&#039;humidit\u00e9 (aliment\u00e9 par 2 piles AAA \u2013 non incluses)<\/p>\n<\/li>\n<li class=\"\" data-start=\"3879\" data-end=\"3904\">\n<p class=\"\" data-start=\"3881\" data-end=\"3904\">1 \u00d7 Adaptateur secteur pour station m\u00e9t\u00e9o, unit\u00e9 principale.<\/p>\n<\/li>\n<li class=\"\" data-start=\"3905\" data-end=\"3937\">\n<p class=\"\" data-start=\"3907\" data-end=\"3937\">1 \u00d7 Manuel d&#039;utilisation\/Manuel (18 langues) : SE, EN, DE, FR, ES, IT, DA, CS, PL, HU, FI, NL, LT, RO, PT, JP, RU<\/p>\n<\/li>\n<\/ul>\n<p class=\"\" data-start=\"3939\" data-end=\"3988\"><em data-start=\"3939\" data-end=\"3988\">(capteurs suppl\u00e9mentaires vendus s\u00e9par\u00e9ment.)<\/em><\/p>","protected":false},"excerpt":{"rendered":"<ul data-start=\"101\" data-end=\"963\">\n<li class=\"\" data-start=\"101\" data-end=\"204\">\n<p class=\"\" data-start=\"103\" data-end=\"204\"><strong data-start=\"106\" data-end=\"133\">Pr\u00e9visions \u00e0 4 jours en ligne<\/strong> \u2013 t\u00e9l\u00e9charg\u00e9 automatiquement via Wi-Fi<\/p>\n<\/li>\n<li class=\"\" data-start=\"205\" data-end=\"317\">\n<p class=\"\" data-start=\"207\" data-end=\"317\"><strong data-start=\"210\" data-end=\"236\">Stonehouse Smart \/ Tuya \/ Smart Life (iOS\/Android)<\/strong> \u2013 alarmes, graphiques de temp\u00e9rature et notifications push<\/p>\n<\/li>\n<li class=\"\" data-start=\"318\" data-end=\"436\">\n<p class=\"\" data-start=\"320\" data-end=\"436\"><strong data-start=\"324\" data-end=\"345\">Climat int\u00e9rieur + ext\u00e9rieur<\/strong> \u2013 soutien \u00e0 <strong data-start=\"357\" data-end=\"380\">3 capteurs sans fil<\/strong> (1 \u00d7 inclus)<\/p>\n<\/li>\n<li class=\"\" data-start=\"437\" data-end=\"523\">\n<p class=\"\" data-start=\"439\" data-end=\"523\"><strong data-start=\"442\" data-end=\"488\">Avertissement de temp\u00e9rature et 3 alarmes de r\u00e9veil distinctes<\/strong> \u2013 d\u00e9fini dans l&#039;application ou sur l&#039;appareil<\/p>\n<\/li>\n<li class=\"\" data-start=\"524\" data-end=\"619\">\n<p class=\"\" data-start=\"526\" data-end=\"619\"><strong data-start=\"529\" data-end=\"561\">Pression atmosph\u00e9rique, indice UV et phase de lune<\/strong> directement sur l&#039;\u00e9cran<\/p>\n<\/li>\n<li class=\"\" data-start=\"620\" data-end=\"747\">\n<p class=\"\" data-start=\"622\" data-end=\"747\"><strong data-start=\"625\" data-end=\"657\">Adaptateur secteur + batterie de secours<\/strong> \u2013 Wi-Fi actif avec adaptateur secteur, 3 \u00d7 AAA en secours pour la station.<\/p>\n<\/li>\n<li class=\"\" data-start=\"748\" data-end=\"863\">\n<p class=\"\" data-start=\"750\" data-end=\"863\"><strong data-start=\"753\" data-end=\"780\">R\u00e9tro\u00e9clairage \u00e0 3 niveaux<\/strong> ou 10 s d&#039;auto-\u00e9clairage en fonctionnement sur batterie<\/p>\n<\/li>\n<li class=\"\" data-start=\"864\" data-end=\"963\">\n<p class=\"\" data-start=\"866\" data-end=\"963\"><strong data-start=\"869\" data-end=\"893\">Port\u00e9e du capteur de 100 m<\/strong> (ligne de vue libre) et 25 m jusqu&#039;au routeur<\/p>\n<\/li>\n<\/ul>","protected":false},"featured_media":156034,"template":"","meta":{"_acf_changed":false},"product_brand":[],"product_cat":[4767],"product_tag":[],"class_list":{"0":"post-152407","1":"product","2":"type-product","3":"status-publish","4":"has-post-thumbnail","6":"product_cat-smart-klimat-vader","7":"pa_brands-stonehouse-smart","8":"tm-no-options","10":"first","11":"instock","12":"sale","13":"taxable","14":"shipping-taxable","15":"purchasable","16":"product-type-simple"},"acf":[],"_links":{"self":[{"href":"https:\/\/secureus.se\/fr\/wp-json\/wp\/v2\/product\/152407","targetHints":{"allow":["GET"]}}],"collection":[{"href":"https:\/\/secureus.se\/fr\/wp-json\/wp\/v2\/product"}],"about":[{"href":"https:\/\/secureus.se\/fr\/wp-json\/wp\/v2\/types\/product"}],"wp:featuredmedia":[{"embeddable":true,"href":"https:\/\/secureus.se\/fr\/wp-json\/wp\/v2\/media\/156034"}],"wp:attachment":[{"href":"https:\/\/secureus.se\/fr\/wp-json\/wp\/v2\/media?parent=152407"}],"wp:term":[{"taxonomy":"product_brand","embeddable":true,"href":"https:\/\/secureus.se\/fr\/wp-json\/wp\/v2\/product_brand?post=152407"},{"taxonomy":"product_cat","embeddable":true,"href":"https:\/\/secureus.se\/fr\/wp-json\/wp\/v2\/product_cat?post=152407"},{"taxonomy":"product_tag","embeddable":true,"href":"https:\/\/secureus.se\/fr\/wp-json\/wp\/v2\/product_tag?post=152407"}],"curies":[{"name":"wp","href":"https:\/\/api.w.org\/{rel}","templated":true}]}}