{"id":152416,"date":"2025-03-24T16:14:50","date_gmt":"2025-03-24T15:14:50","guid":{"rendered":"https:\/\/secureus.se\/wi-fi-vaderstation-pro-7-i-1-sensor-med-vind-regn-uv-smart-appstyrd\/"},"modified":"2026-04-19T16:24:47","modified_gmt":"2026-04-19T14:24:47","slug":"wi-fi-vaderstation-pro-7-i-1-sensor-med-vind-regn-uv-smart-appstyrd","status":"publish","type":"product","link":"https:\/\/secureus.se\/fr\/wi-fi-vaderstation-pro-7-i-1-sensor-med-vind-regn-uv-smart-appstyrd\/","title":{"rendered":"Station m\u00e9t\u00e9o Wi-Fi Pro \u2013 Capteur 7 en 1 avec vent, pluie et UV \u2013 Intelligent et contr\u00f4l\u00e9 par application"},"content":{"rendered":"<h3><strong>Station m\u00e9t\u00e9o Wi-Fi Pro \u2013 Capteur 7 en 1 avec vent, pluie et UV<\/strong><\/h3>\n<hr \/>\n<h4><strong>Aper\u00e7u rapide<\/strong><\/h4>\n<ul>\n<li><strong>Pr\u00e9visions sur 4 jours \u00e0 l&#039;\u00e9cran<\/strong> + jusqu&#039;\u00e0 <strong>6 jours dans l&#039;application Tuya<\/strong><\/li>\n<li><strong>Wi-Fi + Bluetooth Easy Pair<\/strong> \u2013 date\/heure automatique, graphiques et notifications push<\/li>\n<li><strong>Vent 0\u2013180 km\/h et 0\u2013359 \u00b0<\/strong> \u2013 direction pr\u00e9cise via boussole interne<\/li>\n<li><strong>Pluviom\u00e8tre 0\u20139999 mm<\/strong> \u2013 avertissement de pluie r\u00e9glable (standard 50 mm\/24 h)<\/li>\n<li><strong>Rayonnement solaire 1\u2013190 W\/m\u00b2 + indice UV<\/strong><\/li>\n<li><strong>Climat int\u00e9rieur\/ext\u00e9rieur<\/strong> \u2013 temp\u00e9rature \u221240 \u2026 +60 \u00b0C et humidit\u00e9 20 \u2013 95 % RH<\/li>\n<li><strong>3 alarmes ind\u00e9pendantes, alerte de temp\u00e9rature et de pluie<\/strong><\/li>\n<li><strong>Adaptateur secteur USB-C + batterie de secours AAA<\/strong> (gare) | <strong>AA + panneau solaire<\/strong> (capteur)<\/li>\n<li><strong>port\u00e9e de 100 m<\/strong> entre le capteur et l&#039;unit\u00e9 de base, 25 m Wi-Fi vers le routeur<\/li>\n<li><strong>Feu arri\u00e8re \u00e0 3 niveaux et ic\u00f4ne de batterie faible<\/strong><\/li>\n<li><strong>Manuel d&#039;installation en anglais, allemand, fran\u00e7ais, espagnol et italien.<\/strong><\/li>\n<\/ul>\n<hr \/>\n<h2><strong>Description du produit<\/strong><\/h2>\n<p>Avec l&#039;avanc\u00e9e <strong>Station m\u00e9t\u00e9o Wi-Fi Pro <\/strong>vous obtenez une station m\u00e9t\u00e9o compl\u00e8te pour votre maison, votre ferme ou votre serre. Le capteur ext\u00e9rieur 7 en 1 aliment\u00e9 par l&#039;\u00e9nergie solaire mesure la vitesse du vent, la direction du vent, les pr\u00e9cipitations, l&#039;indice UV, le rayonnement solaire, la temp\u00e9rature et l&#039;humidit\u00e9 dans un seul bo\u00eetier robuste. Gr\u00e2ce \u00e0 <strong>Maison en pierre intelligente<\/strong> \/ <strong>Tuya intelligent<\/strong> vous pouvez suivre les donn\u00e9es en temps r\u00e9el, les graphiques historiques et les pr\u00e9visions de l&#039;IA sur votre mobile - et \u00e9galement automatiser les routines de la maison intelligente (par exemple, fermer les stores lorsque les UV d\u00e9passent 6). Les alarmes push sont d\u00e9clench\u00e9es par des temp\u00e9ratures \u00e9lev\u00e9es\/basses ou de fortes pluies, tandis que le grand \u00e9cran couleur offre un aper\u00e7u clair en temps r\u00e9el.<\/p>\n<p>Tous les capteurs sont situ\u00e9s dans l&#039;unit\u00e9 ext\u00e9rieure\u00a0; il est donc impossible d&#039;en ajouter. Pour couvrir plusieurs espaces, vous pouvez acheter s\u00e9par\u00e9ment le module SMH-WEATHER, plus simple d&#039;utilisation, qui permet d&#039;ajouter jusqu&#039;\u00e0 3 capteurs, par exemple dans une cave ou un d\u00e9barras.<\/p>\n<p>N&#039;oubliez pas que vous pouvez cr\u00e9er des sc\u00e9narios dans l&#039;application Stonehouse Smart, par exemple, d\u00e9marrer les \u00e9l\u00e9ments chauffants si la temp\u00e9rature descend en dessous d&#039;un certain seuil.<\/p>\n<hr \/>\n<h2><strong>Sp\u00e9cifications techniques<\/strong><\/h2>\n<table>\n<thead>\n<tr>\n<th><strong>Param\u00e8tre<\/strong><\/th>\n<th><strong>Valeur<\/strong><\/th>\n<th><\/th>\n<\/tr>\n<\/thead>\n<tbody>\n<tr>\n<td><strong>Pr\u00e9vision<\/strong><\/td>\n<td>4 jours d&#039;affichage, 6 jours d&#039;application<\/td>\n<td><\/td>\n<\/tr>\n<tr>\n<td><strong>Vitesse du vent<\/strong><\/td>\n<td>0 \u2013 180 km\/h (111 mph) \u00b1(sp\u00e9c.)<\/td>\n<td><\/td>\n<\/tr>\n<tr>\n<td><strong>Direction du vent<\/strong><\/td>\n<td>0 \u2013 359\u00b0<\/td>\n<td><\/td>\n<\/tr>\n<tr>\n<td><strong>Pr\u00e9cipitations<\/strong><\/td>\n<td>0 \u2013 9999 mm, r\u00e9solution 0,1 mm<\/td>\n<td><\/td>\n<\/tr>\n<tr>\n<td><strong>Rayonnement solaire \/ UV<\/strong><\/td>\n<td>1 \u2013 190 W\/m\u00b2<\/td>\n<td><\/td>\n<\/tr>\n<tr>\n<td><strong>Temp\u00e9rature int\u00e9rieure<\/strong><\/td>\n<td>\u22129,9 \u2026 +50 \u00b0C (\u00b11 \u00b0C 0\u201340 \u00b0C)<\/td>\n<td><\/td>\n<\/tr>\n<tr>\n<td><strong>Temp\u00e9rature ext\u00e9rieure<\/strong><\/td>\n<td>\u221240 \u2026 +60 \u00b0C (\u00b12 \u00b0C)<\/td>\n<td><\/td>\n<\/tr>\n<tr>\n<td><strong>Humidit\u00e9 (tous les capteurs)<\/strong><\/td>\n<td>20 \u2013 95 % HR (\u00b15 % HR 40\u201380 % HR)<\/td>\n<td><\/td>\n<\/tr>\n<tr>\n<td><strong>Pression<\/strong><\/td>\n<td>850 \u2013 1100 hPa (\u00b15 hPa)<\/td>\n<td><\/td>\n<\/tr>\n<tr>\n<td><strong>Alimentation \u2013 unit\u00e9 de base<\/strong><\/td>\n<td>5 V USB-C (3 W) + 3 \u00d7 AAA de secours<\/td>\n<td><\/td>\n<\/tr>\n<tr>\n<td><strong>Courant \u2013 capteur<\/strong><\/td>\n<td>3 \u00d7 AA (LR6) + panneau solaire<\/td>\n<td><\/td>\n<\/tr>\n<tr>\n<td><strong>Sans fil<\/strong><\/td>\n<td>Wi-Fi 2,4 GHz \/ Bluetooth (appairage)<\/td>\n<td><\/td>\n<\/tr>\n<tr>\n<td><strong>Plage de capteurs<\/strong><\/td>\n<td>\u2264 100 m de vue d\u00e9gag\u00e9e<\/td>\n<td><\/td>\n<\/tr>\n<tr>\n<td><strong>Port\u00e9e du Wi-Fi<\/strong><\/td>\n<td>\u2264 25 m du routeur<\/td>\n<td><\/td>\n<\/tr>\n<tr>\n<td><strong>Feu arri\u00e8re<\/strong><\/td>\n<td>3 niveaux + 8 s automatique lorsque la batterie fonctionne<\/td>\n<td><\/td>\n<\/tr>\n<tr>\n<td><strong>Alarme<\/strong><\/td>\n<td>70 dB \u00e0 10 cm<\/td>\n<td><\/td>\n<\/tr>\n<tr>\n<td><strong>Dimensions de l&#039;unit\u00e9 de base<\/strong><\/td>\n<td>environ 190 \u00d7 98 \u00d7 40 mm<\/td>\n<td><\/td>\n<\/tr>\n<\/tbody>\n<\/table>\n<hr \/>\n<h2><strong>Points forts<\/strong><\/h2>\n<ul>\n<li><strong>Capteur solaire 7 en 1<\/strong> avec niveau \u00e0 bulle et marquage du nord pour un assemblage facile<\/li>\n<li><strong>Graphique de tendance de pression<\/strong> plus de 12 heures d&#039;affichage pour une interpr\u00e9tation rapide de la m\u00e9t\u00e9o<\/li>\n<li><strong>Trois alarmes utilisateur<\/strong> avec programme hebdomadaire \u2013 contr\u00f4l\u00e9 via l&#039;application ou directement sur l&#039;appareil<\/li>\n<li><strong>Avertissement de pluie et alerte m\u00e9t\u00e9o<\/strong> \u2013 son + flash sur \u00e9cran et notification push<\/li>\n<li><strong>Interface multilingue<\/strong> \u2013 jour de la semaine en 7 langues, manuellement ou automatiquement via l&#039;application<\/li>\n<\/ul>\n<hr \/>\n<h2><strong>Le paquet contient<\/strong><\/h2>\n<table>\n<thead>\n<tr>\n<th>Partie<\/th>\n<th><\/th>\n<th>Nombre<\/th>\n<\/tr>\n<\/thead>\n<tbody>\n<tr>\n<td>1 Station de base avec \u00e9cran couleur<\/td>\n<td><\/td>\n<td>1<\/td>\n<\/tr>\n<tr>\n<td>2 Capteur solaire 7 en 1<\/td>\n<td><\/td>\n<td>1<\/td>\n<\/tr>\n<tr>\n<td>\u2462 Support de montage et kit de vis<\/td>\n<td><\/td>\n<td>1<\/td>\n<\/tr>\n<tr>\n<td>\u2463 C\u00e2ble USB-C + adaptateur secteur 5 V<\/td>\n<td><\/td>\n<td>1<\/td>\n<\/tr>\n<tr>\n<td>5 <strong>Manuel (5 langues) :<\/strong> EN, DE, FR, ES, IT<\/td>\n<td><\/td>\n<td>1<\/td>\n<\/tr>\n<\/tbody>\n<\/table>\n<p><em>(Piles non incluses.)<\/em><\/p>\n<hr \/>\n<h2><strong>Installation \u2013 \u00e9tape par \u00e9tape<\/strong><\/h2>\n<ol>\n<li><strong>Placer le capteur<\/strong> 1,5 m au-dessus du sol et au moins 15 m libres dans toutes les directions ; le panneau solaire doit pointer vers le sud<\/li>\n<li><strong>Ajuster le niveau<\/strong> et verrouillez les vis hexagonales pour une mesure pr\u00e9cise de la pluie<\/li>\n<li><strong>Connectez l&#039;unit\u00e9 de base<\/strong> vers l&#039;adaptateur secteur (ins\u00e9rer une batterie de secours AAA en cas de panne de courant).<\/li>\n<li><strong>Formez des paires<\/strong> - prise <strong>WIFI\/LUMI\u00c8RE\/SNZ<\/strong> pendant 3 secondes, suivez l&#039;application Stonehouse Smart\/Tuya pour la connexion Wi-Fi<\/li>\n<li>Attendez que toutes les ic\u00f4nes affichent des donn\u00e9es stables\u00a0; ajustez les canaux 1 \u00e0 3 si vous ajoutez des capteurs suppl\u00e9mentaires<\/li>\n<\/ol>\n<hr \/>\n<h2><strong>Foire aux questions (FAQ)<\/strong><\/h2>\n<ul>\n<li><strong>Puis-je conduire sans Wi-Fi ?<\/strong><br \/>\nOui, toutes les mesures sont enregistr\u00e9es localement mais vous perdez les pr\u00e9visions et l&#039;acc\u00e8s \u00e0 distance.<\/li>\n<li><strong>\u00c0 quelle fr\u00e9quence les piles sont-elles remplac\u00e9es ?<\/strong><br \/>\nCapteur : 6 \u00e0 12 mois selon le climat ; Unit\u00e9 de base : AAA uniquement pour les pannes de courant prolong\u00e9es.<\/li>\n<li><strong>Est-ce que Home Assistant prend en charge ?<\/strong><br \/>\nIndirectement via l&#039;int\u00e9gration Tuya ou le pont MQTT.<\/li>\n<li>\n<h2 data-start=\"934\" data-end=\"974\">Quelle station m\u00e9t\u00e9orologique choisir ?<\/h2>\n<p data-start=\"1211\" data-end=\"1483\">\n<\/li>\n<\/ul>","protected":false},"excerpt":{"rendered":"<ul data-start=\"96\" data-end=\"1155\">\n<li class=\"\" data-start=\"96\" data-end=\"209\">\n<p class=\"\" data-start=\"98\" data-end=\"209\"><strong data-start=\"102\" data-end=\"133\">Pr\u00e9visions sur 4 jours \u00e0 l&#039;\u00e9cran<\/strong> + jusqu&#039;\u00e0 <strong data-start=\"145\" data-end=\"169\">6 jours dans l&#039;application Stonehouse Smart \/ Tuya<\/strong><\/p>\n<\/li>\n<li class=\"\" data-start=\"210\" data-end=\"333\">\n<p class=\"\" data-start=\"212\" data-end=\"333\"><strong data-start=\"215\" data-end=\"246\">Wi-Fi + Bluetooth Easy Pair<\/strong> \u2013 date\/heure automatique, graphiques et notifications push<\/p>\n<\/li>\n<li class=\"\" data-start=\"334\" data-end=\"445\">\n<p class=\"\" data-start=\"336\" data-end=\"445\"><strong data-start=\"340\" data-end=\"369\">Vent 0\u2013180 km\/h et 0\u2013359 \u00b0<\/strong> \u2013 direction pr\u00e9cise via boussole interne<\/p>\n<\/li>\n<li class=\"\" data-start=\"446\" data-end=\"561\">\n<p class=\"\" data-start=\"448\" data-end=\"561\"><strong data-start=\"450\" data-end=\"474\">Pluviom\u00e8tre 0\u20139999 mm<\/strong> \u2013 avertissement de pluie r\u00e9glable (standard 50 mm\/24 h)<\/p>\n<\/li>\n<li class=\"\" data-start=\"562\" data-end=\"647\">\n<p class=\"\" data-start=\"564\" data-end=\"647\"><strong data-start=\"567\" data-end=\"607\">Rayonnement solaire 1\u2013190 W\/m\u00b2 + indice UV<\/strong><\/p>\n<\/li>\n<\/ul>","protected":false},"featured_media":162705,"template":"","meta":{"_acf_changed":false},"product_brand":[],"product_cat":[4767],"product_tag":[],"class_list":{"0":"post-152416","1":"product","2":"type-product","3":"status-publish","4":"has-post-thumbnail","6":"product_cat-smart-klimat-vader","7":"product_shipping_class-tunga-paket","8":"pa_brands-stonehouse-smart","9":"tm-no-options","11":"first","12":"instock","13":"sale","14":"taxable","15":"shipping-taxable","16":"purchasable","17":"product-type-simple"},"acf":[],"_links":{"self":[{"href":"https:\/\/secureus.se\/fr\/wp-json\/wp\/v2\/product\/152416","targetHints":{"allow":["GET"]}}],"collection":[{"href":"https:\/\/secureus.se\/fr\/wp-json\/wp\/v2\/product"}],"about":[{"href":"https:\/\/secureus.se\/fr\/wp-json\/wp\/v2\/types\/product"}],"wp:featuredmedia":[{"embeddable":true,"href":"https:\/\/secureus.se\/fr\/wp-json\/wp\/v2\/media\/162705"}],"wp:attachment":[{"href":"https:\/\/secureus.se\/fr\/wp-json\/wp\/v2\/media?parent=152416"}],"wp:term":[{"taxonomy":"product_brand","embeddable":true,"href":"https:\/\/secureus.se\/fr\/wp-json\/wp\/v2\/product_brand?post=152416"},{"taxonomy":"product_cat","embeddable":true,"href":"https:\/\/secureus.se\/fr\/wp-json\/wp\/v2\/product_cat?post=152416"},{"taxonomy":"product_tag","embeddable":true,"href":"https:\/\/secureus.se\/fr\/wp-json\/wp\/v2\/product_tag?post=152416"}],"curies":[{"name":"wp","href":"https:\/\/api.w.org\/{rel}","templated":true}]}}