{"id":153395,"date":"2025-06-24T13:00:07","date_gmt":"2025-06-24T11:00:07","guid":{"rendered":"https:\/\/secureus.se\/magicard-mc250ymckok-colour-ribbon-250-prints-4\/"},"modified":"2026-04-23T12:37:41","modified_gmt":"2026-04-23T10:37:41","slug":"magicard-mc250ymckok-colour-ribbon-250-prints","status":"publish","type":"product","link":"https:\/\/secureus.se\/fr\/magicard-mc250ymckok-colour-ribbon-250-prints\/","title":{"rendered":"Ruban Magicard \u2013 MC250YMCKOK (250 impressions)"},"content":{"rendered":"<h1>Ruban<br \/>\n  Magicard \u2013 MC250YMCKOK (250 impressions)<\/h1>\n<p>Ruban Magicard \u2013 MC250YMCKOK (250 impressions) est un ruban<br \/>\n  pour l&#039;impression de cartes plastiques avec des couleurs vives, un texte clair et une bonne qualit\u00e9<br \/>\n  Reproduction d\u00e9taill\u00e9e. Le ruban YMCKOK assure la combinaison correcte de panneaux de couleur et<br \/>\n  Couche de protection pour l&#039;impression professionnelle de cartes.<\/p>\n<p>Convient aux cartes d&#039;identit\u00e9, cartes d&#039;acc\u00e8s, cartes de membre et autres.<br \/>\n  cartes en plastique o\u00f9 une qualit\u00e9 d&#039;impression et une fiabilit\u00e9 \u00e9lev\u00e9es sont<br \/>\n  important.<\/p>\n<ul>\n<li>Capacit\u00e9 : jusqu&#039;\u00e0 250 impressions<\/li>\n<li>Type de groupe : YMCKOK<\/li>\n<li>Convient \u00e0 l&#039;impression de cartes recto verso<\/li>\n<li>Num\u00e9ro d&#039;article : MC250YMCKOK<\/li>\n<\/ul>\n<p><strong>Compatible avec Magicard 300 et Magicard E+<br \/>\n  \u00e9v\u00e9nements.<\/strong><\/p>\n<p><strong>Poids du produit :<\/strong> 0,18 kg<\/p>","protected":false},"excerpt":{"rendered":"<p><span data-teams=\"true\">Etiquette RFID robuste avec<strong> Indice IP68 o<\/strong>Conception compacte en mat\u00e9riau surmoul\u00e9, industriellement durable. Prend en charge les ondes kilom\u00e9triques, d\u00e9cam\u00e9triques, d\u00e9cim\u00e9triques et combin\u00e9es - id\u00e9al pour les environnements industriels.<\/span><\/p>\n<p>Si vous avez des exigences en mati\u00e8re de produits respectueux de l'environnement, nous vous recommandons notre <span style=\"text-decoration: underline\"><strong>Vortex Eco<\/strong><\/span>Il est fabriqu\u00e9 \u00e0 partir de 100% de mat\u00e9riaux recycl\u00e9s - un gain pour vous et pour l'environnement.<\/p>\n<p><span style=\"text-decoration: underline\">IP68 signifie que le produit est totalement \u00e9tanche \u00e0 la poussi\u00e8re et qu'il peut r\u00e9sister \u00e0 une immersion prolong\u00e9e dans l'eau sans dommage.<\/span><\/p>","protected":false},"featured_media":153387,"template":"","meta":{"_acf_changed":false},"product_brand":[],"product_cat":[3216,4829],"product_tag":[4863],"class_list":{"0":"post-153395","1":"product","2":"type-product","3":"status-publish","4":"has-post-thumbnail","6":"product_cat-magicard-fargband-retransfer","7":"product_cat-magicard-300-band","8":"product_tag-pf","9":"pa_brands-magicard","10":"tm-has-options","12":"first","13":"instock","14":"sale","15":"taxable","16":"shipping-taxable","17":"purchasable","18":"product-type-simple"},"acf":[],"_links":{"self":[{"href":"https:\/\/secureus.se\/fr\/wp-json\/wp\/v2\/product\/153395","targetHints":{"allow":["GET"]}}],"collection":[{"href":"https:\/\/secureus.se\/fr\/wp-json\/wp\/v2\/product"}],"about":[{"href":"https:\/\/secureus.se\/fr\/wp-json\/wp\/v2\/types\/product"}],"wp:featuredmedia":[{"embeddable":true,"href":"https:\/\/secureus.se\/fr\/wp-json\/wp\/v2\/media\/153387"}],"wp:attachment":[{"href":"https:\/\/secureus.se\/fr\/wp-json\/wp\/v2\/media?parent=153395"}],"wp:term":[{"taxonomy":"product_brand","embeddable":true,"href":"https:\/\/secureus.se\/fr\/wp-json\/wp\/v2\/product_brand?post=153395"},{"taxonomy":"product_cat","embeddable":true,"href":"https:\/\/secureus.se\/fr\/wp-json\/wp\/v2\/product_cat?post=153395"},{"taxonomy":"product_tag","embeddable":true,"href":"https:\/\/secureus.se\/fr\/wp-json\/wp\/v2\/product_tag?post=153395"}],"curies":[{"name":"wp","href":"https:\/\/api.w.org\/{rel}","templated":true}]}}