{"id":153998,"date":"2023-11-23T09:56:32","date_gmt":"2023-11-23T08:56:32","guid":{"rendered":"https:\/\/secureus.se\/kombidetektor-ir-mv-dt8012f4\/"},"modified":"2026-04-23T10:35:49","modified_gmt":"2026-04-23T08:35:49","slug":"kombidetektor-ir-mv-dt8012f4","status":"publish","type":"product","link":"https:\/\/secureus.se\/fr\/kombidetektor-ir-mv-dt8012f4\/","title":{"rendered":"Honeywell COMBINED IR\/MV DETECTOR DT8012F4 - Classe d'alarme 2"},"content":{"rendered":"<h1>Honeywell IR\/MV COMBID DETECTOR DT8012F4<\/h1>\n<p data-start=\"324\" data-end=\"1290\">Le d\u00e9tecteur Honeywell DT8012F4 IR\/MV COMBINED DETECTOR est un d\u00e9tecteur de haute qualit\u00e9 qui combine les technologies PIR (miroir) et micro-ondes pour fournir une protection fiable dans les environnements commerciaux o\u00f9 un syst\u00e8me de classe 2 peut \u00eatre requis.<\/p>\n<p data-start=\"324\" data-end=\"1290\">Il offre une immunit\u00e9 renforc\u00e9e contre les fausses alarmes gr\u00e2ce \u00e0 des solutions brevet\u00e9es, notamment le traitement du signal DualCore\u2122, ce qui le rend id\u00e9al pour les zones difficiles \u00e0 prot\u00e9ger avec des produits standard.<br data-start=\"750\" data-end=\"753\" \/>Ce d\u00e9tecteur est facile \u00e0 installer gr\u00e2ce \u00e0 une fonction d'enfichage entre la partie inf\u00e9rieure et la partie d\u00e9tecteur, ce qui r\u00e9duit le temps et la complexit\u00e9 de l'installation.<\/p>\n<p data-start=\"324\" data-end=\"1290\">Le DT8012F4 a une port\u00e9e de 12 x 17 m et une technologie micro-ondes en bande X \u00e0 10,525 GHz, garantissant des performances optimales pour prot\u00e9ger votre espace.<br data-start=\"1057\" data-end=\"1060\" \/>En outre, il a une immunit\u00e9 \u00e0 la lumi\u00e8re blanche de 6 500 Lux et une immunit\u00e9 aux animaux de 45 kg, ce qui le rend adapt\u00e9 aux environnements avec des animaux de compagnie.<\/p>\n<p data-start=\"324\" data-end=\"1290\">Le d\u00e9tecteur est \u00e9galement homologu\u00e9 EN50131-2-4 Grade 2 Class II pour une installation s\u00fbre.<\/p>\n<p data-start=\"1292\" data-end=\"1322\"><strong data-start=\"1292\" data-end=\"1320\">Caract\u00e9ristiques et avantages\u00a0:<\/strong><\/p>\n<ul data-start=\"1323\" data-end=\"1617\">\n<li data-start=\"1323\" data-end=\"1375\">\n<p data-start=\"1325\" data-end=\"1375\">Combinaison de PIR et de micro-ondes pour une s\u00e9curit\u00e9 accrue<\/p>\n<\/li>\n<li data-start=\"1376\" data-end=\"1444\">\n<p data-start=\"1378\" data-end=\"1444\">Immunit\u00e9 aux fausses alarmes am\u00e9lior\u00e9e gr\u00e2ce au traitement du signal DualCore\u2122.<\/p>\n<\/li>\n<li data-start=\"1445\" data-end=\"1488\">\n<p data-start=\"1447\" data-end=\"1488\">Installation facile gr\u00e2ce \u00e0 la fonction d'enfichage<\/p>\n<\/li>\n<li data-start=\"1489\" data-end=\"1519\">\n<p data-start=\"1491\" data-end=\"1519\">Immunit\u00e9 des animaux de compagnie de 45 kg<\/p>\n<\/li>\n<li data-start=\"1520\" data-end=\"1551\">\n<p data-start=\"1522\" data-end=\"1551\">Port\u00e9e optimale : 12 x 17 m<\/p>\n<\/li>\n<li data-start=\"1552\" data-end=\"1617\">\n<p data-start=\"1554\" data-end=\"1617\">Immunit\u00e9 \u00e0 la lumi\u00e8re blanche de 6 500 lux pour des performances \u00e9lev\u00e9es dans les environnements lumineux<\/p>\n<\/li>\n<\/ul>\n<p data-start=\"1619\" data-end=\"1650\"><strong data-start=\"1619\" data-end=\"1648\">Sp\u00e9cifications techniques :<\/strong><\/p>\n<ul data-start=\"1651\" data-end=\"2238\">\n<li data-start=\"1651\" data-end=\"1689\">\n<p data-start=\"1653\" data-end=\"1689\">Type de d\u00e9tection : PIR + micro-ondes<\/p>\n<\/li>\n<li data-start=\"1690\" data-end=\"1713\">\n<p data-start=\"1692\" data-end=\"1713\">Zones de d\u00e9tection : 36<\/p>\n<\/li>\n<li data-start=\"1714\" data-end=\"1737\">\n<p data-start=\"1716\" data-end=\"1737\">Port\u00e9e : 12 x 17 m<\/p>\n<\/li>\n<li data-start=\"1738\" data-end=\"1771\">\n<p data-start=\"1740\" data-end=\"1771\">Fr\u00e9quence des micro-ondes : 10,525 GHz<\/p>\n<\/li>\n<li data-start=\"1772\" data-end=\"1833\">\n<p data-start=\"1774\" data-end=\"1833\">Immunit\u00e9 RFI : 20V\/m (10-1000 MHz), 15V\/m (1000-2700 MHz)<\/p>\n<\/li>\n<li data-start=\"1834\" data-end=\"1866\">\n<p data-start=\"1836\" data-end=\"1866\">Alimentation : 9 - 15V DC<\/p>\n<\/li>\n<li data-start=\"1867\" data-end=\"1912\">\n<p data-start=\"1869\" data-end=\"1912\">Consommation \u00e9lectrique : 14 mA (max. \u00e0 12 V DC)<\/p>\n<\/li>\n<li data-start=\"1913\" data-end=\"1948\">\n<p data-start=\"1915\" data-end=\"1948\">Hauteur de montage : 2,3 m (optimale)<\/p>\n<\/li>\n<li data-start=\"1949\" data-end=\"1978\">\n<p data-start=\"1951\" data-end=\"1978\">Relais d'alarme : 30 mA @ 25 V DC<\/p>\n<\/li>\n<li data-start=\"1979\" data-end=\"2008\">\n<p data-start=\"1981\" data-end=\"2008\">Falsification : 30 mA \u00e0 25 V DC<\/p>\n<\/li>\n<li data-start=\"2009\" data-end=\"2037\">\n<p data-start=\"2011\" data-end=\"2037\">Immunit\u00e9 de l'animal : 45 kg<\/p>\n<\/li>\n<li data-start=\"2038\" data-end=\"2069\">\n<p data-start=\"2040\" data-end=\"2069\">Immunit\u00e9 \u00e0 la lumi\u00e8re blanche : 6 500 Lux<\/p>\n<\/li>\n<li data-start=\"2070\" data-end=\"2106\">\n<p data-start=\"2072\" data-end=\"2106\">Temp\u00e9rature de fonctionnement : -10 \u00e0 +55\u00b0C<\/p>\n<\/li>\n<li data-start=\"2107\" data-end=\"2134\">\n<p data-start=\"2109\" data-end=\"2134\">Dimensions : 98 x 57 x 43,5 mm<\/p>\n<\/li>\n<li data-start=\"2135\" data-end=\"2150\">\n<p data-start=\"2137\" data-end=\"2150\">Poids : 135 g<\/p>\n<\/li>\n<li data-start=\"2151\" data-end=\"2238\">\n<p data-start=\"2153\" data-end=\"2238\">Agr\u00e9ments : EN50131-2-4 Grade 2 Class II, INCERT, IMQ, SBSC, FG, F&amp;P, NCP, GOST-R<\/p>\n<\/li>\n<\/ul>","protected":false},"excerpt":{"rendered":"<p>D\u00e9tecteur combin\u00e9 avec technologie PIR et micro-ondes, id\u00e9al pour les environnements commerciaux.<\/p>\n<p>Port\u00e9e de 12 x 17 m, meilleure immunit\u00e9 aux fausses alarmes et installation facile.<\/p>","protected":false},"featured_media":138676,"template":"","meta":{"_acf_changed":false},"product_brand":[],"product_cat":[1324,1325],"product_tag":[2146,2465],"class_list":{"0":"post-153998","1":"product","2":"type-product","3":"status-publish","4":"has-post-thumbnail","6":"product_cat-outlet","7":"product_cat-larmgivare-skalskydd","8":"product_tag-rorelsedetektor-kombidetektorer","9":"product_tag-sbsc-larmklass2","10":"product_shipping_class-postnord-varubrev","11":"pa_brands-honeywell","12":"tm-no-options","14":"first","15":"instock","16":"sale","17":"taxable","18":"shipping-taxable","19":"purchasable","20":"product-type-simple"},"acf":[],"_links":{"self":[{"href":"https:\/\/secureus.se\/fr\/wp-json\/wp\/v2\/product\/153998","targetHints":{"allow":["GET"]}}],"collection":[{"href":"https:\/\/secureus.se\/fr\/wp-json\/wp\/v2\/product"}],"about":[{"href":"https:\/\/secureus.se\/fr\/wp-json\/wp\/v2\/types\/product"}],"wp:featuredmedia":[{"embeddable":true,"href":"https:\/\/secureus.se\/fr\/wp-json\/wp\/v2\/media\/138676"}],"wp:attachment":[{"href":"https:\/\/secureus.se\/fr\/wp-json\/wp\/v2\/media?parent=153998"}],"wp:term":[{"taxonomy":"product_brand","embeddable":true,"href":"https:\/\/secureus.se\/fr\/wp-json\/wp\/v2\/product_brand?post=153998"},{"taxonomy":"product_cat","embeddable":true,"href":"https:\/\/secureus.se\/fr\/wp-json\/wp\/v2\/product_cat?post=153998"},{"taxonomy":"product_tag","embeddable":true,"href":"https:\/\/secureus.se\/fr\/wp-json\/wp\/v2\/product_tag?post=153998"}],"curies":[{"name":"wp","href":"https:\/\/api.w.org\/{rel}","templated":true}]}}