{"id":154639,"date":"2025-08-01T12:08:38","date_gmt":"2025-08-01T10:08:38","guid":{"rendered":"https:\/\/secureus.se\/?post_type=product&#038;p=154639"},"modified":"2026-03-10T11:06:07","modified_gmt":"2026-03-10T10:06:07","slug":"fireprotect-2-ac-varme-rok-230v","status":"publish","type":"product","link":"https:\/\/secureus.se\/fr\/fireprotect-2-ac-varme-rok-230v\/","title":{"rendered":"FireProtect 2 AC - (chaleur\/fum\u00e9e) 230V"},"content":{"rendered":"<h3 data-start=\"124\" data-end=\"213\"><strong data-start=\"128\" data-end=\"213\">D\u00e9tecteur de fum\u00e9e\/chaleur Ajax FireProtect 2 AC avec sir\u00e8ne int\u00e9gr\u00e9e et indicateur lumineux \u2013 Communication sans fil et mise en r\u00e9seau<\/strong><\/h3>\n<p data-start=\"215\" data-end=\"455\">Ce d\u00e9tecteur de fum\u00e9e et de chaleur perfectionn\u00e9 est con\u00e7u pour une installation int\u00e9rieure et combine communication sans fil et alimentation secteur (110-240 V CA). Il est \u00e9quip\u00e9 d&#039;une sir\u00e8ne int\u00e9gr\u00e9e et d&#039;un voyant rouge qui s&#039;active en cas d&#039;alarme.<\/p>\n<h4 data-start=\"457\" data-end=\"477\"><strong data-start=\"462\" data-end=\"477\">Caract\u00e9ristiques:<\/strong><\/h4>\n<ul data-start=\"478\" data-end=\"1123\">\n<li data-start=\"478\" data-end=\"569\">\n<p data-start=\"480\" data-end=\"569\"><strong data-start=\"480\" data-end=\"503\">D\u00e9tection double :<\/strong> Alarmes se d\u00e9clenchant en cas de fum\u00e9e dans la chambre et de variations rapides de temp\u00e9rature.<\/p>\n<\/li>\n<li data-start=\"570\" data-end=\"618\">\n<p data-start=\"572\" data-end=\"618\"><strong data-start=\"572\" data-end=\"590\">Sir\u00e8ne int\u00e9gr\u00e9e :<\/strong> 85 dB \u00e0 3 m\u00e8tres de distance.<\/p>\n<\/li>\n<li data-start=\"619\" data-end=\"682\">\n<p data-start=\"621\" data-end=\"682\"><strong data-start=\"621\" data-end=\"640\">Indication lumineuse\u00a0:<\/strong> Indicateur d&#039;alarme visuel clair (voyant rouge).<\/p>\n<\/li>\n<li data-start=\"683\" data-end=\"810\">\n<p data-start=\"685\" data-end=\"810\"><strong data-start=\"685\" data-end=\"709\">Alarmes synchronis\u00e9es :<\/strong> Possibilit\u00e9 de configurer le syst\u00e8me pour que tous les d\u00e9tecteurs sonnent simultan\u00e9ment en cas d&#039;alarme provenant d&#039;un seul appareil.<\/p>\n<\/li>\n<li data-start=\"811\" data-end=\"934\">\n<p data-start=\"813\" data-end=\"934\"><strong data-start=\"813\" data-end=\"827\">Autotest :<\/strong> Tests r\u00e9guliers de fonctionnement et d&#039;\u00e9tat, y compris des avertissements en cas de faible niveau de batterie et de besoin de nettoyage.<\/p>\n<\/li>\n<li data-start=\"935\" data-end=\"1025\">\n<p data-start=\"937\" data-end=\"1025\"><strong data-start=\"937\" data-end=\"959\">Mesure de la temp\u00e9rature :<\/strong> Capteur de temp\u00e9rature int\u00e9gr\u00e9 pour la surveillance de la temp\u00e9rature ambiante.<\/p>\n<\/li>\n<li data-start=\"1026\" data-end=\"1123\">\n<p data-start=\"1028\" data-end=\"1123\"><strong data-start=\"1028\" data-end=\"1049\">Fonctionnement autonome\u00a0:<\/strong> Fonctionne \u00e9galement comme un d\u00e9tecteur de fum\u00e9e traditionnel sans \u00eatre raccord\u00e9 \u00e0 un syst\u00e8me.<\/p>\n<\/li>\n<\/ul>\n<h4 data-start=\"1125\" data-end=\"1149\"><strong data-start=\"1130\" data-end=\"1149\">Compatibilit\u00e9:<\/strong><\/h4>\n<ul data-start=\"1150\" data-end=\"1220\">\n<li data-start=\"1150\" data-end=\"1162\">\n<p data-start=\"1152\" data-end=\"1162\">Hub Plus<\/p>\n<\/li>\n<li data-start=\"1163\" data-end=\"1172\">\n<p data-start=\"1165\" data-end=\"1172\">Hub 2<\/p>\n<\/li>\n<li data-start=\"1173\" data-end=\"1187\">\n<p data-start=\"1175\" data-end=\"1187\">Moyeu 2 Plus<\/p>\n<\/li>\n<li data-start=\"1188\" data-end=\"1202\">\n<p data-start=\"1190\" data-end=\"1202\">Hub hybride<\/p>\n<\/li>\n<li data-start=\"1203\" data-end=\"1210\">\n<p data-start=\"1205\" data-end=\"1210\">ReX<\/p>\n<\/li>\n<li data-start=\"1211\" data-end=\"1220\">\n<p data-start=\"1213\" data-end=\"1220\">ReX 2<\/p>\n<\/li>\n<\/ul>\n<h4 data-start=\"1222\" data-end=\"1251\"><strong data-start=\"1227\" data-end=\"1251\">Informations techniques :<\/strong><\/h4>\n<ul data-start=\"1252\" data-end=\"1558\">\n<li data-start=\"1252\" data-end=\"1307\">\n<p data-start=\"1254\" data-end=\"1307\"><strong data-start=\"1254\" data-end=\"1275\">Port\u00e9e sans fil\u00a0:<\/strong> Jusqu&#039;\u00e0 2700 km de terrain libre<\/p>\n<\/li>\n<li data-start=\"1308\" data-end=\"1345\">\n<p data-start=\"1310\" data-end=\"1345\"><strong data-start=\"1310\" data-end=\"1331\">Tension d&#039;alimentation\u00a0:<\/strong> 110\u2013240 V CA<\/p>\n<\/li>\n<li data-start=\"1346\" data-end=\"1379\">\n<p data-start=\"1348\" data-end=\"1379\"><strong data-start=\"1348\" data-end=\"1366\">Batterie de secours :<\/strong> 1 \u00d7 CR123A<\/p>\n<\/li>\n<li data-start=\"1380\" data-end=\"1420\">\n<p data-start=\"1382\" data-end=\"1420\"><strong data-start=\"1382\" data-end=\"1403\">Temp\u00e9rature de fonctionnement\u00a0:<\/strong> 0\u00b0C \u00e0 +50\u00b0C<\/p>\n<\/li>\n<li data-start=\"1421\" data-end=\"1476\">\n<p data-start=\"1423\" data-end=\"1476\"><strong data-start=\"1423\" data-end=\"1441\">Humidit\u00e9:<\/strong> Jusqu&#039;\u00e0 80 % (sans condensation)<\/p>\n<\/li>\n<li data-start=\"1477\" data-end=\"1558\">\n<p data-start=\"1479\" data-end=\"1558\"><strong data-start=\"1479\" data-end=\"1503\">Seuil d&#039;alarme (chaleur) :<\/strong> +64 \u00b0C ou une augmentation de temp\u00e9rature de 10 \u00b0C en 1 minute<\/p>\n<\/li>\n<\/ul>","protected":false},"excerpt":{"rendered":"<p><strong data-start=\"119\" data-end=\"189\">D\u00e9tecteur de fum\u00e9e et de chaleur intelligent avec sir\u00e8ne int\u00e9gr\u00e9e et indication lumineuse.<\/strong> Alarme en cas de fum\u00e9e ou d'augmentation rapide de la temp\u00e9rature et peut \u00eatre synchronis\u00e9 avec d'autres d\u00e9tecteurs du syst\u00e8me. Aliment\u00e9 par 110-240 VAC avec batterie de secours. Fonctionne de mani\u00e8re autonome et avec les dispositifs Ajax tels que Hub 2, Hub Plus et ReX. Port\u00e9e sans fil jusqu'\u00e0 1700 m.<\/p>","protected":false},"featured_media":155444,"template":"","meta":{"_acf_changed":false},"product_brand":[],"product_cat":[3159],"product_tag":[4863],"class_list":{"0":"post-154639","1":"product","2":"type-product","3":"status-publish","4":"has-post-thumbnail","6":"product_cat-brandvarnare","7":"product_tag-pf","8":"pa_brands-ajax-systems","9":"pa_farg-vit","10":"tm-no-options","12":"first","13":"instock","14":"taxable","15":"shipping-taxable","16":"purchasable","17":"product-type-simple"},"acf":[],"_links":{"self":[{"href":"https:\/\/secureus.se\/fr\/wp-json\/wp\/v2\/product\/154639","targetHints":{"allow":["GET"]}}],"collection":[{"href":"https:\/\/secureus.se\/fr\/wp-json\/wp\/v2\/product"}],"about":[{"href":"https:\/\/secureus.se\/fr\/wp-json\/wp\/v2\/types\/product"}],"wp:featuredmedia":[{"embeddable":true,"href":"https:\/\/secureus.se\/fr\/wp-json\/wp\/v2\/media\/155444"}],"wp:attachment":[{"href":"https:\/\/secureus.se\/fr\/wp-json\/wp\/v2\/media?parent=154639"}],"wp:term":[{"taxonomy":"product_brand","embeddable":true,"href":"https:\/\/secureus.se\/fr\/wp-json\/wp\/v2\/product_brand?post=154639"},{"taxonomy":"product_cat","embeddable":true,"href":"https:\/\/secureus.se\/fr\/wp-json\/wp\/v2\/product_cat?post=154639"},{"taxonomy":"product_tag","embeddable":true,"href":"https:\/\/secureus.se\/fr\/wp-json\/wp\/v2\/product_tag?post=154639"}],"curies":[{"name":"wp","href":"https:\/\/api.w.org\/{rel}","templated":true}]}}