{"id":155314,"date":"2025-08-21T13:02:47","date_gmt":"2025-08-21T11:02:47","guid":{"rendered":"https:\/\/secureus.se\/cr17450-30v-2400-mah-batteri-litiumbatteri-2\/"},"modified":"2026-04-15T16:36:41","modified_gmt":"2026-04-15T14:36:41","slug":"cr17450-3v-2400-mah-batteri-litiumbatteri","status":"publish","type":"product","link":"https:\/\/secureus.se\/fr\/cr17450-3v-2400-mah-batteri-litiumbatteri\/","title":{"rendered":"Pile au lithium CR17450 3,0 V 2400 mAh"},"content":{"rendered":"<h4 data-start=\"713\" data-end=\"775\">Batterie au lithium haute performance pour applications exigeantes<\/h4>\n<p data-start=\"776\" data-end=\"1111\">La CR17450 est une pile au lithium professionnelle (Li-SOCl\u2082) con\u00e7ue pour une longue dur\u00e9e de vie et des performances stables. Avec une tension de 3,0 V et une capacit\u00e9 de 2\u00a0400 mAh, elle fournit une \u00e9nergie fiable aussi bien en milieu industriel que domestique. Cette pile est particuli\u00e8rement adapt\u00e9e aux \u00e9quipements devant fonctionner en continu pendant de nombreuses ann\u00e9es sans remplacement.<\/p>\n<h4 data-start=\"1113\" data-end=\"1144\">Sp\u00e9cifications techniques<\/h4>\n<ul data-start=\"1145\" data-end=\"1355\">\n<li data-start=\"1145\" data-end=\"1172\">\n<p data-start=\"1147\" data-end=\"1172\">Type : CR17450 (Li-SOCl\u2082)<\/p>\n<\/li>\n<li data-start=\"1173\" data-end=\"1192\">\n<p data-start=\"1175\" data-end=\"1192\">Tension : 3,0 V<\/p>\n<\/li>\n<li data-start=\"1193\" data-end=\"1216\">\n<p data-start=\"1195\" data-end=\"1216\">Capacit\u00e9 : 2400 mAh<\/p>\n<\/li>\n<li data-start=\"1217\" data-end=\"1247\">\n<p data-start=\"1219\" data-end=\"1247\">Taille : \u00bd AA (17 \u00d7 45 mm)<\/p>\n<\/li>\n<li data-start=\"1248\" data-end=\"1288\">\n<p data-start=\"1250\" data-end=\"1288\">Plage de temp\u00e9rature : \u201355 \u00b0C \u00e0 +85 \u00b0C<\/p>\n<\/li>\n<li data-start=\"1289\" data-end=\"1330\">\n<p data-start=\"1291\" data-end=\"1330\">Sorties volontaires\u00a0: moins d\u2019un % par an<\/p>\n<\/li>\n<li data-start=\"1331\" data-end=\"1355\">\n<p data-start=\"1333\" data-end=\"1355\">Fabricant : PK Cell<\/p>\n<\/li>\n<\/ul>\n<h4 data-start=\"1357\" data-end=\"1382\">Domaines d&#039;utilisation<\/h4>\n<p data-start=\"1383\" data-end=\"1486\">La pile CR17450 est souvent utilis\u00e9e dans les \u00e9quipements n\u00e9cessitant une alimentation \u00e9lectrique fiable et durable, tels que\u00a0:<\/p>\n<ul data-start=\"1487\" data-end=\"1835\">\n<li data-start=\"1487\" data-end=\"1575\">\n<p data-start=\"1489\" data-end=\"1575\">Produits de s\u00e9curit\u00e9 et alarmes (PowerG PG8944, Visonic PG2 PIR Outdoor Tower Cam, etc.)<\/p>\n<\/li>\n<li data-start=\"1576\" data-end=\"1624\">\n<p data-start=\"1578\" data-end=\"1624\">Syst\u00e8mes de r\u00e9gulation du chauffage au sol, par exemple les syst\u00e8mes Danfoss<\/p>\n<\/li>\n<li data-start=\"1625\" data-end=\"1675\">\n<p data-start=\"1627\" data-end=\"1675\">\u00c9quipements de mesure tels que les compteurs d&#039;eau, de gaz et d&#039;\u00e9lectricit\u00e9<\/p>\n<\/li>\n<li data-start=\"1676\" data-end=\"1719\">\n<p data-start=\"1678\" data-end=\"1719\">Syst\u00e8mes de contr\u00f4le industriel et automates programmables<\/p>\n<\/li>\n<li data-start=\"1720\" data-end=\"1771\">\n<p data-start=\"1722\" data-end=\"1771\">Batteries de secours pour appareils \u00e9lectroniques et capteurs IoT<\/p>\n<\/li>\n<li data-start=\"1772\" data-end=\"1835\">\n<p data-start=\"1774\" data-end=\"1835\">Les airbags des si\u00e8ges auto pour enfants, tels que les Cybex Anoris T et T2 i-Size<\/p>\n<\/li>\n<\/ul>\n<h4 data-start=\"1837\" data-end=\"1852\">Avantages<\/h4>\n<ul data-start=\"1853\" data-end=\"2081\">\n<li data-start=\"1853\" data-end=\"1903\">\n<p data-start=\"1855\" data-end=\"1903\">Capacit\u00e9 \u00e9lev\u00e9e de 2400 mAh pour une autonomie prolong\u00e9e<\/p>\n<\/li>\n<li data-start=\"1904\" data-end=\"1954\">\n<p data-start=\"1906\" data-end=\"1954\">Tension stable tout au long du cycle de vie de la batterie<\/p>\n<\/li>\n<li data-start=\"1955\" data-end=\"2000\">\n<p data-start=\"1957\" data-end=\"2000\">Faible autod\u00e9charge pour le stockage \u00e0 long terme<\/p>\n<\/li>\n<li data-start=\"2001\" data-end=\"2045\">\n<p data-start=\"2003\" data-end=\"2045\">Large plage de temp\u00e9ratures pour diff\u00e9rents environnements<\/p>\n<\/li>\n<li data-start=\"2046\" data-end=\"2081\">\n<p data-start=\"2048\" data-end=\"2081\">Sans entretien et fiable<\/p>\n<\/li>\n<\/ul>\n<h4 data-start=\"2083\" data-end=\"2104\">Compatibilit\u00e9<\/h4>\n<p data-start=\"2105\" data-end=\"2236\">Compatible avec les appareils n\u00e9cessitant des piles au lithium \u00bd AA 3,0 V. Marques courantes\u00a0: Mazak, Jolt, Danfoss, PowerG, Visonic et Cybex.<\/p>","protected":false},"excerpt":{"rendered":"<p>La CR17450 est une pile au lithium (Li-SOCl\u2082) 3,0 V compacte et performante d&#039;une capacit\u00e9 de 2\u00a0400 mAh. Elle fournit une \u00e9nergie stable et durable pour les produits de s\u00e9curit\u00e9, les appareils de mesure, les syst\u00e8mes de contr\u00f4le et les thermostats de chauffage au sol. Un choix fiable pour les \u00e9quipements n\u00e9cessitant un fonctionnement continu pendant de nombreuses ann\u00e9es.<\/p>","protected":false},"featured_media":159173,"template":"","meta":{"_acf_changed":false},"product_brand":[],"product_cat":[1862],"product_tag":[3311,3031,2419],"class_list":{"0":"post-155314","1":"product","2":"type-product","3":"status-publish","4":"has-post-thumbnail","6":"product_cat-batterier-knappcell","7":"product_tag-dsc-neo-svensk-manual","8":"product_tag-neo-ovriga-tillbehor","9":"product_tag-rel-batteri","10":"product_shipping_class-postnord-varubrev","11":"pa_brands-pk-cell","12":"tm-has-options","14":"first","15":"instock","16":"sale","17":"taxable","18":"shipping-taxable","19":"purchasable","20":"product-type-simple"},"acf":[],"_links":{"self":[{"href":"https:\/\/secureus.se\/fr\/wp-json\/wp\/v2\/product\/155314","targetHints":{"allow":["GET"]}}],"collection":[{"href":"https:\/\/secureus.se\/fr\/wp-json\/wp\/v2\/product"}],"about":[{"href":"https:\/\/secureus.se\/fr\/wp-json\/wp\/v2\/types\/product"}],"wp:featuredmedia":[{"embeddable":true,"href":"https:\/\/secureus.se\/fr\/wp-json\/wp\/v2\/media\/159173"}],"wp:attachment":[{"href":"https:\/\/secureus.se\/fr\/wp-json\/wp\/v2\/media?parent=155314"}],"wp:term":[{"taxonomy":"product_brand","embeddable":true,"href":"https:\/\/secureus.se\/fr\/wp-json\/wp\/v2\/product_brand?post=155314"},{"taxonomy":"product_cat","embeddable":true,"href":"https:\/\/secureus.se\/fr\/wp-json\/wp\/v2\/product_cat?post=155314"},{"taxonomy":"product_tag","embeddable":true,"href":"https:\/\/secureus.se\/fr\/wp-json\/wp\/v2\/product_tag?post=155314"}],"curies":[{"name":"wp","href":"https:\/\/api.w.org\/{rel}","templated":true}]}}