{"id":155407,"date":"2023-09-26T13:10:37","date_gmt":"2023-09-26T11:10:37","guid":{"rendered":"https:\/\/secureus.se\/elslutbleck-step-60-rattvand-24v-kolvkontakt-5m-kabel\/"},"modified":"2026-04-23T12:31:10","modified_gmt":"2026-04-23T10:31:10","slug":"elslutbleck-step-60-rattvand-24v-kolvkontakt-5m-kabel","status":"publish","type":"product","link":"https:\/\/secureus.se\/fr\/elslutbleck-step-60-rattvand-24v-kolvkontakt-5m-kabel\/","title":{"rendered":"G\u00e2che \u00e9lectrique STEP 60, contact \u00e0 piston 24 V orient\u00e9 \u00e0 droite, c\u00e2ble de 5 m"},"content":{"rendered":"<div><\/div>\n<div>\n<h1>G\u00e2che \u00e9lectrique STEP 60, contact \u00e0 piston 24 V orient\u00e9 \u00e0 droite, c\u00e2ble de 5 m<\/h1>\n<div>STEP 60 Silent poss\u00e8de des propri\u00e9t\u00e9s d&#039;ouverture et de fermeture uniques qui assurent un fonctionnement fluide et silencieux.<\/div>\n<div>Gr\u00e2ce \u00e0 sa construction robuste, le STEP 60 Silent est parfaitement adapt\u00e9 aux portes utilis\u00e9es \u00e0 haute fr\u00e9quence ou pour lesquelles une r\u00e9duction du bruit est souhait\u00e9e.<\/div>\n<div>Con\u00e7u pour un verrouillage \u00e0 un ou deux p\u00eanes. Homologu\u00e9 au feu jusqu&#039;\u00e0 E\/EI120. Le mod\u00e8le STEP 60 Silent fait partie de la gamme Silent de STEP.<\/div>\n<div>Les produits de cette s\u00e9rie b\u00e9n\u00e9ficient d&#039;une construction robuste et de la technologie silencieuse brevet\u00e9e STEP, qui assure un fonctionnement fluide et quasi silencieux, ainsi qu&#039;une r\u00e9sistance \u00e9lev\u00e9e \u00e0 l&#039;intrusion et une grande force de rupture.<\/div>\n<div>Choisissez STEP Silent si vous souhaitez r\u00e9duire le bruit ou am\u00e9liorer la s\u00e9curit\u00e9.<\/div>\n<div><\/div>\n<div><b>Propri\u00e9t\u00e9s:\u00a0<\/b><\/div>\n<div>\n<ul>\n<li>Fonction orient\u00e9e vers la droite (verrouill\u00e9e en mode hors tension)<\/li>\n<li>Certifi\u00e9 pour la r\u00e9sistance au feu jusqu&#039;\u00e0 la classe F (E\/EI 120) selon SS-EN 14846:2008.<\/li>\n<li>Microrupteur unipolaire alternatif, max. 30 V CC, 1 A.<\/li>\n<li>Contact \u00e0 piston int\u00e9gr\u00e9 qui indique que la porte est ferm\u00e9e\/ouverte et verrouill\u00e9e\/d\u00e9verrouill\u00e9e<\/li>\n<li>Contact de verrouillage pour connexion au syst\u00e8me d&#039;acc\u00e8s, au syst\u00e8me d&#039;alarme, etc.<\/li>\n<li>R\u00e9sistance \u00e0 la rupture 16 kN (environ 1600 kg).<\/li>\n<li>Garantit l&#039;ouverture malgr\u00e9 une pression de bande de 1 kN (environ 100 kg) en fonction verticale et invers\u00e9e.<\/li>\n<li>La diode de protection est int\u00e9gr\u00e9e.<\/li>\n<li>R\u00e9sistant aux chocs.<\/li>\n<li>C\u00e2ble sans halog\u00e8ne de 5 m\u00e8tres inclus.<\/li>\n<\/ul>\n<div><\/div>\n<p><b>Donn\u00e9es techniques :<\/b><\/p>\n<\/div>\n<div>\n<ul>\n<li>12 V CC + 15 % \u2013 10 %. Max 500 mA, 242 mA d\u00e9verrouill\u00e9.<\/li>\n<li>24 V CC + 15 % \u2013 10 %. Max 250 mA, 121 mA d\u00e9verrouill\u00e9.<\/li>\n<li>Durabilit\u00e9 : Grade X selon SS-EN 14846.<\/li>\n<li>Corrosion : Grade M selon SS-EN 14846.<\/li>\n<li>S\u00e9curit\u00e9\u00a0:\u00a0Grade 3 selon SS-EN 14846.<\/li>\n<li>Manipulation \u00e9lectrique de s\u00e9curit\u00e9 : Grade 3 (correctement orient\u00e9) Grade 1 (invers\u00e9) selon SS-EN 14846.<\/li>\n<\/ul>\n<\/div>\n<\/div>","protected":false},"excerpt":{"rendered":"<p>STEP 60 Silent poss\u00e8de des propri\u00e9t\u00e9s d&#039;ouverture et de fermeture uniques qui assurent un fonctionnement fluide et silencieux.<\/p>","protected":false},"featured_media":155668,"template":"","meta":{"_acf_changed":false},"product_brand":[],"product_cat":[3355],"product_tag":[4423],"class_list":{"0":"post-155407","1":"product","2":"type-product","3":"status-publish","4":"has-post-thumbnail","6":"product_cat-elslutbleck","7":"product_tag-rg-step","8":"product_shipping_class-tunga-paket","9":"pa_brands-step","10":"tm-no-options","12":"first","13":"instock","14":"sale","15":"taxable","16":"shipping-taxable","17":"purchasable","18":"product-type-simple"},"acf":[],"_links":{"self":[{"href":"https:\/\/secureus.se\/fr\/wp-json\/wp\/v2\/product\/155407","targetHints":{"allow":["GET"]}}],"collection":[{"href":"https:\/\/secureus.se\/fr\/wp-json\/wp\/v2\/product"}],"about":[{"href":"https:\/\/secureus.se\/fr\/wp-json\/wp\/v2\/types\/product"}],"wp:featuredmedia":[{"embeddable":true,"href":"https:\/\/secureus.se\/fr\/wp-json\/wp\/v2\/media\/155668"}],"wp:attachment":[{"href":"https:\/\/secureus.se\/fr\/wp-json\/wp\/v2\/media?parent=155407"}],"wp:term":[{"taxonomy":"product_brand","embeddable":true,"href":"https:\/\/secureus.se\/fr\/wp-json\/wp\/v2\/product_brand?post=155407"},{"taxonomy":"product_cat","embeddable":true,"href":"https:\/\/secureus.se\/fr\/wp-json\/wp\/v2\/product_cat?post=155407"},{"taxonomy":"product_tag","embeddable":true,"href":"https:\/\/secureus.se\/fr\/wp-json\/wp\/v2\/product_tag?post=155407"}],"curies":[{"name":"wp","href":"https:\/\/api.w.org\/{rel}","templated":true}]}}