{"id":155452,"date":"2025-08-25T13:21:20","date_gmt":"2025-08-25T11:21:20","guid":{"rendered":"https:\/\/secureus.se\/?post_type=product&#038;p=155452"},"modified":"2026-03-30T12:28:36","modified_gmt":"2026-03-30T10:28:36","slug":"ajax-keypad-touchscreen-manoverpanel-vit-inbyggd-rfid-lasare","status":"publish","type":"product","link":"https:\/\/secureus.se\/fr\/ajax-keypad-touchscreen-manoverpanel-vit-inbyggd-rfid-lasare\/","title":{"rendered":"Ajax KeyPad Panneau de contr\u00f4le \u00e0 \u00e9cran tactile - Blanc - Lecteur RFID int\u00e9gr\u00e9"},"content":{"rendered":"<h3>Le panneau de contr\u00f4le Ajax KeyPad TouchScreen White est un panneau de contr\u00f4le intuitif et puissant con\u00e7u pour donner un contr\u00f4le complet sur votre syst\u00e8me d'alarme Ajax.<\/h3>\n<p>Equip\u00e9 d&#039;un \u00e9cran tactile IPS de 5 pouces et d&#039;un lecteur RFID int\u00e9gr\u00e9, il offre \u00e0 la fois simplicit\u00e9 d&#039;utilisation et s\u00e9curit\u00e9 dans un design compact.<\/p>\n<p>Le mod\u00e8le de couleur blanche s&#039;int\u00e8gre parfaitement dans les maisons et les entreprises modernes et offre aux utilisateurs une interface facile \u00e0 utiliser pour surveiller et contr\u00f4ler la s\u00e9curit\u00e9.<\/p>\n<p><strong>Technologie avanc\u00e9e pour un acc\u00e8s facile et une s\u00e9curit\u00e9<\/strong><br \/>\nAvec l&#039;Ajax KeyPad TouchScreen, vous pouvez interagir avec votre syst\u00e8me d&#039;alarme de mani\u00e8re simple et s\u00fbre, gr\u00e2ce \u00e0 la prise en charge de plusieurs m\u00e9thodes d&#039;authentification : utiliser un code, des cartes de s\u00e9curit\u00e9 RFID ou des porte-cl\u00e9s (Pass and Tag), ou un smartphone via Bluetooth Low. \u00c9nergie (BLE).<\/p>\n<p>Le lecteur RFID int\u00e9gr\u00e9 facilite encore plus l&#039;activation et la d\u00e9sactivation du syst\u00e8me, minimisant ainsi le risque d&#039;acc\u00e8s non autoris\u00e9.<\/p>\n<p><strong>Fonctionnalit\u00e9s qui am\u00e9liorent l&#039;exp\u00e9rience utilisateur<\/strong><br \/>\nL&#039;\u00e9cran de 5 pouces \u00e0 haute r\u00e9solution et \u00e0 r\u00e9glage automatique de la luminosit\u00e9 facilite son utilisation de jour comme de nuit.<\/p>\n<p>Gr\u00e2ce \u00e0 une interface conviviale, vous pouvez obtenir rapidement un aper\u00e7u de l&#039;\u00e9tat du syst\u00e8me, des informations sur les zones et de l&#039;armement.<\/p>\n<p>Tous les messages d&#039;alarme, de panne et d&#039;ouverture de porte sont clairement affich\u00e9s sur l&#039;\u00e9cran, ce qui permet de suivre facilement l&#039;\u00e9tat du syst\u00e8me en temps r\u00e9el.<\/p>\n<p><strong>Communication s\u00e9curis\u00e9e et flexible<\/strong><br \/>\nL&#039;\u00e9cran tactile Ajax KeyPad utilise les protocoles radio Jeweller et Wings pour une communication fiable et dispose d&#039;une port\u00e9e sans fil allant jusqu&#039;\u00e0 1 700 m\u00e8tres.<\/p>\n<p>Cela rend l&#039;installation facile et flexible, tout en garantissant une communication s\u00e9curis\u00e9e entre le panneau et le hub Ajax.<\/p>\n<p>Il est \u00e9galement possible de configurer le panneau pour qu&#039;il diffuse des notifications sonores lors des ouvertures de portes, des retards et du d\u00e9clenchement d&#039;une alarme.<\/p>\n<p><strong>Longue dur\u00e9e de vie de la batterie et faibles besoins de maintenance<\/strong><br \/>\nAvec des piles pr\u00e9install\u00e9es, l&#039;Ajax KeyPad TouchScreen offre jusqu&#039;\u00e0 1,5 an de fonctionnement sans avoir besoin d&#039;\u00eatre remplac\u00e9.<\/p>\n<p>Lorsque le niveau de la batterie est faible, l&#039;utilisateur re\u00e7oit une notification via l&#039;application Ajax afin que les piles puissent \u00eatre remplac\u00e9es \u00e0 temps avant qu&#039;elles ne soient \u00e9puis\u00e9es.<\/p>\n<p><strong>Caract\u00e9ristiques de s\u00e9curit\u00e9 et installation facile<\/strong><br \/>\nLe KeyPad TouchScreen est \u00e9quip\u00e9 d&#039;un bouton de panique en cas d&#039;urgence et d&#039;une alarme anti-sabotage qui avertit si quelqu&#039;un tente de retirer le panneau du mur.<\/p>\n<p>Le panneau se verrouille apr\u00e8s plusieurs saisies de code incorrectes pour \u00e9viter de deviner le code, et toutes les donn\u00e9es sont crypt\u00e9es pour se prot\u00e9ger contre tout acc\u00e8s non autoris\u00e9.<\/p>\n<p>L&#039;installation et le couplage sont rapides via le code QR dans l&#039;application Ajax, et le syst\u00e8me peut \u00eatre facilement configur\u00e9 sans avoir besoin de connaissances techniques avanc\u00e9es.<\/p>\n<p><strong>Sp\u00e9cifications techniques<\/strong>:<\/p>\n<ul>\n<li><strong>\u00c9cran<\/strong>: \u00c9cran tactile IPS de 5 pouces avec une r\u00e9solution de 480 \u00d7 854 pixels<\/li>\n<li><strong>Connexion<\/strong>: Sans fil (protocoles Jeweller et Wings)<\/li>\n<li><strong>Autonomie de la batterie<\/strong>: Jusqu&#039;\u00e0 1,5 ans avec piles pr\u00e9install\u00e9es<\/li>\n<li><strong>Port\u00e9e sans fil<\/strong>: Jusqu&#039;\u00e0 1 700 m\u00e8tres<\/li>\n<li><strong>M\u00e9thodes de communication<\/strong>: tags RFID, code, smartphone via BLE<\/li>\n<li><strong>Fonctionnalit\u00e9s de s\u00e9curit\u00e9<\/strong>: Bouton panique, alarme anti-sabotage, protection contre la devinette de code<\/li>\n<li><strong>Authentification<\/strong>: Smartphone, carte de s\u00e9curit\u00e9 et porte-cl\u00e9s (Pass et Tag), code<\/li>\n<li><strong>Notifications sonores<\/strong>: Retour sonore automatique en cas d&#039;alarmes, d&#039;ouvertures de portes et de retards<\/li>\n<li><strong>Compatibilit\u00e9<\/strong>: Hub 2 (2G), Hub 2 (4G), Hub 2 Plus, Hub hybride (2G), Hub hybride (4G), ReX 2<\/li>\n<li><strong>Plage de temp\u00e9rature<\/strong>: 0\u00b0C \u00e0 +50\u00b0C<\/li>\n<li><strong>Classe IP<\/strong>:IP20<\/li>\n<\/ul>\n<p><strong>Le paquet contient<\/strong>:<\/p>\n<ul>\n<li>1 x panneau de commande \u00e0 \u00e9cran tactile Ajax KeyPad blanc<\/li>\n<li>Kit de montage<\/li>\n<li>Guide de d\u00e9marrage rapide<\/li>\n<\/ul>\n<p>L&#039;Ajax KeyPad TouchScreen est plus qu&#039;un simple panneau de commande : c&#039;est une solution fiable, s\u00e9curis\u00e9e et conviviale pour contr\u00f4ler votre syst\u00e8me d&#039;alarme Ajax.<\/p>\n<p>Avec une technologie avanc\u00e9e, une installation flexible, une batterie longue dur\u00e9e et une communication s\u00e9curis\u00e9e, c&#039;est l&#039;appareil id\u00e9al pour prot\u00e9ger votre maison ou votre entreprise.<\/p>\n<p><iframe src=\"https:\/\/www.youtube.com\/embed\/VN6aPF8a3Gc\" width=\"600\" height=\"338\" frameborder=\"0\" allowfullscreen=\"allowfullscreen\"><\/iframe><\/p>\n<h3 style=\"text-align: center\"><strong>Smartphone<\/strong><\/h3>\n<p style=\"text-align: center\">KeyPad Touchscreen offre diff\u00e9rentes mani\u00e8res d&#039;identifier les utilisateurs, y compris le t\u00e9l\u00e9phone mobile, la technologie BLE (Bluetooth Low Energy) qui permet l&#039;utilisation de smartphones en remplacement de cartes ou de porte-cl\u00e9s. L&#039;appareil prend en charge les smartphones Android et iOS avec BLE 4.2 et sup\u00e9rieur.<\/p>\n<h3 style=\"text-align: center\"><strong>Carte d&#039;acc\u00e8s et \u00e9tiquette RFID\/porte-cl\u00e9s<\/strong><\/h3>\n<p>En plus du t\u00e9l\u00e9phone mobile et du BLE, les utilisateurs peuvent \u00e9galement utiliser des tags et des laissez-passer pour contr\u00f4ler l&#039;alarme. Les administrateurs ont la possibilit\u00e9 d&#039;attribuer ou de supprimer facilement des droits pour chaque laissez-passer ou balise individuel.<\/p>\n<h3 style=\"text-align: center\"><strong>Code<\/strong><\/h3>\n<p style=\"text-align: center\">KeyPad TouchScreen prend en charge diff\u00e9rents types de codes, notamment le code g\u00e9n\u00e9ral du clavier (un par clavier), le code personnel (individuel pour chaque utilisateur) et le code temporaire pour une personne non enregistr\u00e9e.<\/p>","protected":false},"excerpt":{"rendered":"<p>L&#039;Ajax KeyPad TouchScreen est un panneau de contr\u00f4le avanc\u00e9 avec un \u00e9cran tactile IPS de 5 pouces et un lecteur RFID int\u00e9gr\u00e9, qui facilite le contr\u00f4le et la surveillance de votre syst\u00e8me de s\u00e9curit\u00e9 Ajax.<\/p>\n<p>Il offre un acc\u00e8s s\u00e9curis\u00e9 par code, t\u00e9l\u00e9phone portable ou tags et peut \u00eatre configur\u00e9 pour s&#039;adapter aussi bien \u00e0 la maison qu&#039;\u00e0 l&#039;entreprise.<\/p>","protected":false},"featured_media":155454,"template":"","meta":{"_acf_changed":false},"product_brand":[],"product_cat":[3164],"product_tag":[3127,4863],"class_list":{"0":"post-155452","1":"product","2":"type-product","3":"status-publish","4":"has-post-thumbnail","6":"product_cat-larmstyrning","7":"product_tag-kontrollprodukt","8":"product_tag-pf","9":"product_shipping_class-tunga-paket","10":"pa_brands-ajax-systems","11":"pa_farg-svart","12":"tm-no-options","14":"first","15":"instock","16":"sale","17":"featured","18":"taxable","19":"shipping-taxable","20":"purchasable","21":"product-type-simple"},"acf":[],"_links":{"self":[{"href":"https:\/\/secureus.se\/fr\/wp-json\/wp\/v2\/product\/155452","targetHints":{"allow":["GET"]}}],"collection":[{"href":"https:\/\/secureus.se\/fr\/wp-json\/wp\/v2\/product"}],"about":[{"href":"https:\/\/secureus.se\/fr\/wp-json\/wp\/v2\/types\/product"}],"wp:featuredmedia":[{"embeddable":true,"href":"https:\/\/secureus.se\/fr\/wp-json\/wp\/v2\/media\/155454"}],"wp:attachment":[{"href":"https:\/\/secureus.se\/fr\/wp-json\/wp\/v2\/media?parent=155452"}],"wp:term":[{"taxonomy":"product_brand","embeddable":true,"href":"https:\/\/secureus.se\/fr\/wp-json\/wp\/v2\/product_brand?post=155452"},{"taxonomy":"product_cat","embeddable":true,"href":"https:\/\/secureus.se\/fr\/wp-json\/wp\/v2\/product_cat?post=155452"},{"taxonomy":"product_tag","embeddable":true,"href":"https:\/\/secureus.se\/fr\/wp-json\/wp\/v2\/product_tag?post=155452"}],"curies":[{"name":"wp","href":"https:\/\/api.w.org\/{rel}","templated":true}]}}