{"id":155492,"date":"2025-08-25T15:45:45","date_gmt":"2025-08-25T13:45:45","guid":{"rendered":"https:\/\/secureus.se\/monteringsstolpe-930e\/"},"modified":"2026-04-23T11:23:56","modified_gmt":"2026-04-23T09:23:56","slug":"monteringsstolpe-930e","status":"publish","type":"product","link":"https:\/\/secureus.se\/fr\/monteringsstolpe-930e\/","title":{"rendered":"Poteau de montage 930E"},"content":{"rendered":"<div><\/div>\n<div>Le poteau de montage ASSA ABLOY 930E est en acier inoxydable. Il est compatible avec les g\u00e2ches standard de la s\u00e9rie 900 d&#039;Assa, ainsi qu&#039;avec les bo\u00eetiers de serrure \u00e0 un ou deux p\u00eanes.<\/div>\n<div><b><br \/>\nPropri\u00e9t\u00e9s: <\/b><\/div>\n<div>\n<ul>\n<li>Pour porte \u00e0 charni\u00e8res \u00e0 droite ou \u00e0 gauche<\/li>\n<li>Largeur : 40 mm<\/li>\n<li>Longueur : 245 mm<\/li>\n<li>Taille de la langue : 16 mm<\/li>\n<li>Profondeur d&#039;angle : 15 mm<\/li>\n<li>Sp\u00e9cialement con\u00e7u pour les portes en acier Daloc<\/li>\n<\/ul>\n<\/div>\n<div><b><br \/>\nConvient aux plaques d&#039;extr\u00e9mit\u00e9 \u00e9lectriques ASSA ABLOY de la s\u00e9rie 900\u00a0:<\/b><\/div>\n<div>\n<ul>\n<li>905, 905M<\/li>\n<li>910, 910M<\/li>\n<li>911, 911M<\/li>\n<li>920, 920M, 920C<\/li>\n<li>940M<\/li>\n<li>941M<\/li>\n<li>960M, 960C<\/li>\n<li>961M, 961C<\/li>\n<li>990M<\/li>\n<li>991M<\/li>\n<\/ul>\n<\/div>\n<div><b>\u00a0<\/b><\/div>\n<p>&nbsp;<\/p>","protected":false},"excerpt":{"rendered":"<p>ASSA ABLOY 930E \u00e4r en montagestolpe i rostfritt st\u00e5l. Passar till Assas standard slutbleck i 900-serien tillsammans med l\u00e5shus med enkelfall eller dubbelfall. Egenskaper: F\u00f6r h\u00f6ger- eller v\u00e4nsterh\u00e4ngd d\u00f6rr Bredd:<\/p>","protected":false},"featured_media":155491,"template":"","meta":{"_acf_changed":false},"product_brand":[],"product_cat":[4735],"product_tag":[],"class_list":{"0":"post-155492","1":"product","2":"type-product","3":"status-publish","4":"has-post-thumbnail","6":"product_cat-monteringsstolpe","7":"pa_brands-abloy","8":"tm-no-options","10":"first","11":"instock","12":"sale","13":"taxable","14":"shipping-taxable","15":"purchasable","16":"product-type-simple"},"acf":[],"_links":{"self":[{"href":"https:\/\/secureus.se\/fr\/wp-json\/wp\/v2\/product\/155492","targetHints":{"allow":["GET"]}}],"collection":[{"href":"https:\/\/secureus.se\/fr\/wp-json\/wp\/v2\/product"}],"about":[{"href":"https:\/\/secureus.se\/fr\/wp-json\/wp\/v2\/types\/product"}],"wp:featuredmedia":[{"embeddable":true,"href":"https:\/\/secureus.se\/fr\/wp-json\/wp\/v2\/media\/155491"}],"wp:attachment":[{"href":"https:\/\/secureus.se\/fr\/wp-json\/wp\/v2\/media?parent=155492"}],"wp:term":[{"taxonomy":"product_brand","embeddable":true,"href":"https:\/\/secureus.se\/fr\/wp-json\/wp\/v2\/product_brand?post=155492"},{"taxonomy":"product_cat","embeddable":true,"href":"https:\/\/secureus.se\/fr\/wp-json\/wp\/v2\/product_cat?post=155492"},{"taxonomy":"product_tag","embeddable":true,"href":"https:\/\/secureus.se\/fr\/wp-json\/wp\/v2\/product_tag?post=155492"}],"curies":[{"name":"wp","href":"https:\/\/api.w.org\/{rel}","templated":true}]}}