{"id":155524,"date":"2025-08-26T09:18:40","date_gmt":"2025-08-26T07:18:40","guid":{"rendered":"https:\/\/secureus.se\/uppstallningsarm-cl-rf-on-off-silver\/"},"modified":"2026-04-08T15:08:22","modified_gmt":"2026-04-08T13:08:22","slug":"uppstallningsarm-cl-rf-on-off-silver","status":"publish","type":"product","link":"https:\/\/secureus.se\/fr\/uppstallningsarm-cl-rf-on-off-silver\/","title":{"rendered":"Bras articul\u00e9 CL-RF On\/Off Silver"},"content":{"rendered":"<div>Bras de support Dormakabas s\u00e9rie CL-RF ON\/OFF. Convient aux bo\u00eetiers de ferme-porte TS83 et TS73. Pour portes int\u00e9rieures et ext\u00e9rieures. Ne pas utiliser sur les portes coupe-feu.<\/div>\n<div><\/div>\n<div><b>Propri\u00e9t\u00e9s:\u00a0<\/b><\/div>\n<div>\n<ul>\n<li>Syst\u00e8me de bras avec dispositif de verrouillage m\u00e9canique pouvant \u00eatre activ\u00e9 et d\u00e9sactiv\u00e9.<\/li>\n<li>Le changement s&#039;effectue manuellement \u00e0 l&#039;aide d&#039;un bouton situ\u00e9 sur le bras principal.<\/li>\n<li>Convient aux portes gauche et droite.<\/li>\n<li>Peut \u00eatre mont\u00e9 sur un vantail ou un cadre de porte.<\/li>\n<li>Convient aux ferme-portes TS 73 et TS 83.<\/li>\n<li>Le changement s&#039;effectue manuellement \u00e0 l&#039;aide d&#039;un bouton situ\u00e9 sur le bras principal.<\/li>\n<li>Pour profondeur de cadre max. 45 mm, avec bras de liaison allong\u00e9 max. 65 mm.<\/li>\n<li>La force d&#039;impact est r\u00e9glable avec le levier.<\/li>\n<li>Peut \u00eatre install\u00e9 \u00e0 n&#039;importe quel angle jusqu&#039;\u00e0 un maximum de 150\u00b0.<\/li>\n<\/ul>\n<\/div>","protected":false},"excerpt":{"rendered":"<p>Syst\u00e8me de bras avec r\u00e9glage m\u00e9canique \u00e0 cliquet pouvant \u00eatre activ\u00e9 et d\u00e9sactiv\u00e9. Convient aux bo\u00eetiers de ferme-porte TS83 et TS73.<\/p>","protected":false},"featured_media":155521,"template":"","meta":{"_acf_changed":false},"product_brand":[],"product_cat":[4805],"product_tag":[4863],"class_list":{"0":"post-155524","1":"product","2":"type-product","3":"status-publish","4":"has-post-thumbnail","6":"product_cat-dorrstangararmar","7":"product_tag-pf","8":"pa_brands-dormakaba","9":"tm-no-options","11":"first","12":"instock","13":"sale","14":"taxable","15":"shipping-taxable","16":"purchasable","17":"product-type-simple"},"acf":[],"_links":{"self":[{"href":"https:\/\/secureus.se\/fr\/wp-json\/wp\/v2\/product\/155524","targetHints":{"allow":["GET"]}}],"collection":[{"href":"https:\/\/secureus.se\/fr\/wp-json\/wp\/v2\/product"}],"about":[{"href":"https:\/\/secureus.se\/fr\/wp-json\/wp\/v2\/types\/product"}],"wp:featuredmedia":[{"embeddable":true,"href":"https:\/\/secureus.se\/fr\/wp-json\/wp\/v2\/media\/155521"}],"wp:attachment":[{"href":"https:\/\/secureus.se\/fr\/wp-json\/wp\/v2\/media?parent=155524"}],"wp:term":[{"taxonomy":"product_brand","embeddable":true,"href":"https:\/\/secureus.se\/fr\/wp-json\/wp\/v2\/product_brand?post=155524"},{"taxonomy":"product_cat","embeddable":true,"href":"https:\/\/secureus.se\/fr\/wp-json\/wp\/v2\/product_cat?post=155524"},{"taxonomy":"product_tag","embeddable":true,"href":"https:\/\/secureus.se\/fr\/wp-json\/wp\/v2\/product_tag?post=155524"}],"curies":[{"name":"wp","href":"https:\/\/api.w.org\/{rel}","templated":true}]}}