{"id":155529,"date":"2025-08-26T11:49:12","date_gmt":"2025-08-26T09:49:12","guid":{"rendered":"https:\/\/secureus.se\/testenhet-adt700-for-akustiska-glaskross-ad700-och-ad800\/"},"modified":"2026-04-15T17:33:26","modified_gmt":"2026-04-15T15:33:26","slug":"testenhet-adt700-for-akustiska-glaskross-ad700-och-ad800","status":"publish","type":"product","link":"https:\/\/secureus.se\/fr\/testenhet-adt700-for-akustiska-glaskross-ad700-och-ad800\/","title":{"rendered":"UNIT\u00c9 DE TEST ADT700 POUR brise-vitres acoustiques AD700 et AD800"},"content":{"rendered":"<h1>UNIT\u00c9 DE TEST ADT700 POUR brise-vitres acoustiques AD700 et AD800<\/h1>\n<p class=\"\" data-start=\"228\" data-end=\"825\">L&#039;unit\u00e9 de test ADT700 est con\u00e7ue pour tester et \u00e9talonner les d\u00e9tecteurs acoustiques de bris de verre des s\u00e9ries AD700 et AD800.<\/p>\n<p class=\"\" data-start=\"228\" data-end=\"825\">Le testeur transmet un spectre de signaux qui permettent d&#039;ajuster la sensibilit\u00e9 des d\u00e9tecteurs en fonction de l&#039;installation sp\u00e9cifique.<\/p>\n<p class=\"\" data-start=\"228\" data-end=\"825\">Les s\u00e9ries AD700 et AD800 offrent trois r\u00e9glages de sensibilit\u00e9 diff\u00e9rents, et le testeur ADT 700 vous permet d&#039;identifier le r\u00e9glage le plus appropri\u00e9 pour chaque situation.<\/p>\n<p class=\"\" data-start=\"228\" data-end=\"825\">Le d\u00e9tecteur renvoie le meilleur r\u00e9glage pour l&#039;environnement actuel. Le testeur est \u00e9galement utilis\u00e9 pour l&#039;entretien et la maintenance des d\u00e9tecteurs.<\/p>\n<p class=\"\" data-start=\"827\" data-end=\"1213\">Le d\u00e9tecteur de bris de verre acoustique moderne AD700 d\u00e9tecte les tentatives d&#039;effraction en brisant le verre des fen\u00eatres ou des portes.<\/p>\n<p class=\"\" data-start=\"827\" data-end=\"1213\">L&#039;ADT700 est \u00e9quip\u00e9 d&#039;une compensation num\u00e9rique de pi\u00e8ce (DRC), qui permet au d\u00e9tecteur de faire la distinction entre les bruits r\u00e9els de bris de verre et les autres sons ambiants.<\/p>\n<p class=\"\" data-start=\"827\" data-end=\"1213\">Il peut \u00eatre mont\u00e9 sur un mur ou un plafond, avec une zone de couverture de 165\u00b0 pour couvrir plusieurs fen\u00eatres dans une pi\u00e8ce.<\/p>\n<p class=\"\" data-start=\"1215\" data-end=\"1246\"><strong data-start=\"1215\" data-end=\"1244\">Sp\u00e9cifications techniques\u00a0:<\/strong><\/p>\n<ul data-start=\"1247\" data-end=\"1996\">\n<li class=\"\" data-start=\"1247\" data-end=\"1279\">\n<p class=\"\" data-start=\"1249\" data-end=\"1279\"><strong data-start=\"1249\" data-end=\"1262\">Port\u00e9e:<\/strong>\u00a0Rayon de 9 m\/165\u00b0<\/p>\n<\/li>\n<li class=\"\" data-start=\"1280\" data-end=\"1330\">\n<p class=\"\" data-start=\"1282\" data-end=\"1330\"><strong data-start=\"1282\" data-end=\"1315\">Surface vitr\u00e9e maximale\/\u00e9paisseur du verre :<\/strong>\u00a06\u00d76 m\/6,5 mm<\/p>\n<\/li>\n<li class=\"\" data-start=\"1331\" data-end=\"1359\">\n<p class=\"\" data-start=\"1333\" data-end=\"1359\"><strong data-start=\"1333\" data-end=\"1348\">Sortie d&#039;alarme\u00a0:<\/strong>\u00a0Relais, NC<\/p>\n<\/li>\n<li class=\"\" data-start=\"1360\" data-end=\"1388\">\n<p class=\"\" data-start=\"1362\" data-end=\"1388\"><strong data-start=\"1362\" data-end=\"1381\">Classe de protection\u00a0:<\/strong>\u00a0IP31<\/p>\n<\/li>\n<li class=\"\" data-start=\"1389\" data-end=\"1416\">\n<p class=\"\" data-start=\"1391\" data-end=\"1416\"><strong data-start=\"1391\" data-end=\"1404\">tension:<\/strong>\u00a08 - 15 CEO<\/p>\n<\/li>\n<li class=\"\" data-start=\"1417\" data-end=\"1453\">\n<p class=\"\" data-start=\"1419\" data-end=\"1453\"><strong data-start=\"1419\" data-end=\"1440\">Tension d&#039;alimentation\u00a0:<\/strong>\u00a09 - 15 VDC<\/p>\n<\/li>\n<li class=\"\" data-start=\"1454\" data-end=\"1496\">\n<p class=\"\" data-start=\"1456\" data-end=\"1496\"><strong data-start=\"1456\" data-end=\"1477\">Consommation d&#039;\u00e9nergie\u00a0:<\/strong>\u00a016 mA (pendant l&#039;alarme)<\/p>\n<\/li>\n<li class=\"\" data-start=\"1497\" data-end=\"1538\">\n<p class=\"\" data-start=\"1499\" data-end=\"1538\"><strong data-start=\"1499\" data-end=\"1514\">Sortie d&#039;alarme\u00a0:<\/strong>\u00a0NC \/ 100 VCC \/ 500 mA<\/p>\n<\/li>\n<li class=\"\" data-start=\"1539\" data-end=\"1582\">\n<p class=\"\" data-start=\"1541\" data-end=\"1582\"><strong data-start=\"1541\" data-end=\"1560\">Sortie d&#039;autoprotection\u00a0:<\/strong>\u00a0NC \/ 50 VCC \/ 50 mA<\/p>\n<\/li>\n<li class=\"\" data-start=\"1583\" data-end=\"1614\">\n<p class=\"\" data-start=\"1585\" data-end=\"1614\"><strong data-start=\"1585\" data-end=\"1604\">Indication d&#039;alarme\u00a0:<\/strong>\u00a0LED rouge<\/p>\n<\/li>\n<li class=\"\" data-start=\"1615\" data-end=\"1655\">\n<p class=\"\" data-start=\"1617\" data-end=\"1655\"><strong data-start=\"1617\" data-end=\"1644\">R\u00e9glage de la sensibilit\u00e9 :<\/strong>\u00a03 niveaux<\/p>\n<\/li>\n<li class=\"\" data-start=\"1656\" data-end=\"1692\">\n<p class=\"\" data-start=\"1658\" data-end=\"1692\"><strong data-start=\"1658\" data-end=\"1675\">Port\u00e9e maximale :<\/strong>\u00a0Rayon de 9 m\/165\u00b0<\/p>\n<\/li>\n<li class=\"\" data-start=\"1693\" data-end=\"1731\">\n<p class=\"\" data-start=\"1695\" data-end=\"1731\"><strong data-start=\"1695\" data-end=\"1718\">Mon domaine \u00e0 surveiller :<\/strong>\u00a030 x 30 cm<\/p>\n<\/li>\n<li class=\"\" data-start=\"1732\" data-end=\"1767\">\n<p class=\"\" data-start=\"1734\" data-end=\"1767\"><strong data-start=\"1734\" data-end=\"1757\">Surface maximale \u00e0 surveiller :<\/strong>\u00a06 x 6 m<\/p>\n<\/li>\n<li class=\"\" data-start=\"1768\" data-end=\"1819\">\n<p class=\"\" data-start=\"1770\" data-end=\"1819\"><strong data-start=\"1770\" data-end=\"1795\">Volume de la pi\u00e8ce surveill\u00e9e :<\/strong>\u00a0Minimum 20 m\u00b3, maximum 250 m\u00b3<\/p>\n<\/li>\n<li class=\"\" data-start=\"1820\" data-end=\"1837\">\n<p class=\"\" data-start=\"1822\" data-end=\"1837\"><strong data-start=\"1822\" data-end=\"1831\">Peinture:<\/strong>\u00a0Blanc<\/p>\n<\/li>\n<li class=\"\" data-start=\"1838\" data-end=\"1880\">\n<p class=\"\" data-start=\"1840\" data-end=\"1880\"><strong data-start=\"1840\" data-end=\"1861\">Temp\u00e9rature de fonctionnement\u00a0:<\/strong>\u00a0-10\u00b0C \u00e0 +55\u00b0C<\/p>\n<\/li>\n<li class=\"\" data-start=\"1881\" data-end=\"1933\">\n<p class=\"\" data-start=\"1883\" data-end=\"1933\"><strong data-start=\"1883\" data-end=\"1911\">Dimensions (L x H x P) :<\/strong>\u00a055,8 x 94 x 22,5 mm<\/p>\n<\/li>\n<li class=\"\" data-start=\"1934\" data-end=\"1973\">\n<p class=\"\" data-start=\"1936\" data-end=\"1973\"><strong data-start=\"1936\" data-end=\"1952\">Approbation:<\/strong>\u00a0Certificat SBSC, 04-531<\/p>\n<\/li>\n<li class=\"\" data-start=\"1974\" data-end=\"1996\">\n<p class=\"\" data-start=\"1976\" data-end=\"1996\"><strong data-start=\"1976\" data-end=\"1985\">Poids:<\/strong>\u00a00,115 kg<\/p>\n<\/li>\n<\/ul>","protected":false},"excerpt":{"rendered":"<p>Unit\u00e9 de test ADT 700 pour d\u00e9tecteurs acoustiques de bris de verre des s\u00e9ries AD700 et AD800.<\/p>\n<p>Permet de tester les param\u00e8tres de sensibilit\u00e9 et convient \u00e9galement au service.<\/p>","protected":false},"featured_media":155528,"template":"","meta":{"_acf_changed":false},"product_brand":[],"product_cat":[3085],"product_tag":[],"class_list":{"0":"post-155529","1":"product","2":"type-product","3":"status-publish","4":"has-post-thumbnail","6":"product_cat-vibationsdetektorer-glaskrossdetektorer","7":"pa_brands-alarmtech","8":"pa_farg-vit","9":"tm-no-options","11":"first","12":"instock","13":"sale","14":"taxable","15":"shipping-taxable","16":"purchasable","17":"product-type-simple"},"acf":[],"_links":{"self":[{"href":"https:\/\/secureus.se\/fr\/wp-json\/wp\/v2\/product\/155529","targetHints":{"allow":["GET"]}}],"collection":[{"href":"https:\/\/secureus.se\/fr\/wp-json\/wp\/v2\/product"}],"about":[{"href":"https:\/\/secureus.se\/fr\/wp-json\/wp\/v2\/types\/product"}],"wp:featuredmedia":[{"embeddable":true,"href":"https:\/\/secureus.se\/fr\/wp-json\/wp\/v2\/media\/155528"}],"wp:attachment":[{"href":"https:\/\/secureus.se\/fr\/wp-json\/wp\/v2\/media?parent=155529"}],"wp:term":[{"taxonomy":"product_brand","embeddable":true,"href":"https:\/\/secureus.se\/fr\/wp-json\/wp\/v2\/product_brand?post=155529"},{"taxonomy":"product_cat","embeddable":true,"href":"https:\/\/secureus.se\/fr\/wp-json\/wp\/v2\/product_cat?post=155529"},{"taxonomy":"product_tag","embeddable":true,"href":"https:\/\/secureus.se\/fr\/wp-json\/wp\/v2\/product_tag?post=155529"}],"curies":[{"name":"wp","href":"https:\/\/api.w.org\/{rel}","templated":true}]}}