{"id":155555,"date":"2025-08-26T16:07:26","date_gmt":"2025-08-26T14:07:26","guid":{"rendered":"https:\/\/secureus.se\/batteri-aa-lithium-3400mah-1-5v-hog-kapacitet-for-professionellt-bruk\/"},"modified":"2026-04-07T15:11:05","modified_gmt":"2026-04-07T13:11:05","slug":"lithium-batteri-aa-3400mah-hog-kapacitet-for-professionellt-bruk","status":"publish","type":"product","link":"https:\/\/secureus.se\/fr\/lithium-batteri-aa-3400mah-hog-kapacitet-for-professionellt-bruk\/","title":{"rendered":"Batterie lithium AA 3400mAh - Extra forte - Haute capacit\u00e9 pour une utilisation professionnelle"},"content":{"rendered":"<h1>Pile au lithium AA 3400 mAh \u2013 Haute capacit\u00e9 pour usage professionnel<\/h1>\n<p data-start=\"733\" data-end=\"1154\">La PKCell FR AA 3400mAh 1.5V est une batterie haut de gamme bas\u00e9e sur la technologie lithium fer disulfure (Li\/FeS\u2082).<\/p>\n<p data-start=\"733\" data-end=\"1154\">Cette batterie est con\u00e7ue pour offrir une densit\u00e9 \u00e9nerg\u00e9tique \u00e9lev\u00e9e, une longue dur\u00e9e de vie et des performances stables m\u00eame dans des conditions environnementales extr\u00eames.<\/p>\n<p data-start=\"733\" data-end=\"1154\">Avec une tension nominale de 1,5 V et une capacit\u00e9 de 3400 mAh, cette batterie offre une source d&#039;\u00e9nergie puissante et fiable pour les usages industriels et professionnels.<\/p>\n<h4 data-start=\"1156\" data-end=\"1182\"><strong data-start=\"1161\" data-end=\"1180\">Principales caract\u00e9ristiques<\/strong><\/h4>\n<ul data-start=\"1183\" data-end=\"1852\">\n<li data-start=\"1183\" data-end=\"1282\">\n<p data-start=\"1185\" data-end=\"1282\"><strong data-start=\"1185\" data-end=\"1203\">Haute capacit\u00e9\u00a0:<\/strong> La batterie de 3400 mAh assure une longue dur\u00e9e de fonctionnement pour les \u00e9quipements utilis\u00e9s en continu.<\/p>\n<\/li>\n<li data-start=\"1283\" data-end=\"1425\">\n<p data-start=\"1285\" data-end=\"1425\"><strong data-start=\"1285\" data-end=\"1311\">Large plage de temp\u00e9ratures :<\/strong> Fonctionne de mani\u00e8re fiable de -40\u2103 \u00e0 +60\u2103, ce qui le rend id\u00e9al pour les applications ext\u00e9rieures et les environnements exigeants.<\/p>\n<\/li>\n<li data-start=\"1426\" data-end=\"1514\">\n<p data-start=\"1428\" data-end=\"1514\"><strong data-start=\"1428\" data-end=\"1441\">Poids l\u00e9ger :<\/strong> Seulement 15 grammes par cellule, ce qui la rend id\u00e9ale pour les \u00e9quipements portables.<\/p>\n<\/li>\n<li data-start=\"1515\" data-end=\"1621\">\n<p data-start=\"1517\" data-end=\"1621\"><strong data-start=\"1517\" data-end=\"1537\">Longue dur\u00e9e de conservation\u00a0:<\/strong> Dur\u00e9e de stockage de plus de 10 ans gr\u00e2ce \u00e0 une chimie avanc\u00e9e et une faible autod\u00e9charge.<\/p>\n<\/li>\n<li data-start=\"1622\" data-end=\"1734\">\n<p data-start=\"1624\" data-end=\"1734\"><strong data-start=\"1624\" data-end=\"1649\">Courant de d\u00e9charge \u00e9lev\u00e9 :<\/strong> Supporte jusqu&#039;\u00e0 2000 mA, ce qui le rend adapt\u00e9 aux appareils ayant des besoins en \u00e9nergie \u00e9lev\u00e9s.<\/p>\n<\/li>\n<li data-start=\"1735\" data-end=\"1852\">\n<p data-start=\"1737\" data-end=\"1852\"><strong data-start=\"1737\" data-end=\"1750\">S\u00e9curit\u00e9:<\/strong> Conforme aux normes CE et con\u00e7u pour \u00eatre \u00e9tanche et r\u00e9sistant aux vibrations et aux chocs.<\/p>\n<\/li>\n<\/ul>\n<h4 data-start=\"1854\" data-end=\"1883\"><strong data-start=\"1859\" data-end=\"1881\">Domaines d&#039;utilisation<\/strong><\/h4>\n<p data-start=\"1884\" data-end=\"1958\">La pile PKCell FR AA 3400mAh convient \u00e0 une large gamme d&#039;applications\u00a0:<\/p>\n<ul data-start=\"1959\" data-end=\"2287\">\n<li data-start=\"1959\" data-end=\"2008\">\n<p data-start=\"1961\" data-end=\"2008\">Professionnel <strong data-start=\"1976\" data-end=\"1988\">capteurs<\/strong> et instruments de mesure<\/p>\n<\/li>\n<li data-start=\"2009\" data-end=\"2040\">\n<p data-start=\"2011\" data-end=\"2040\"><strong data-start=\"2011\" data-end=\"2038\">Syst\u00e8mes de contr\u00f4le industriels<\/strong><\/p>\n<\/li>\n<li data-start=\"2041\" data-end=\"2089\">\n<p data-start=\"2043\" data-end=\"2089\"><strong data-start=\"2043\" data-end=\"2071\">\u00c9quipement de communication<\/strong> et appareils IoT<\/p>\n<\/li>\n<li data-start=\"2090\" data-end=\"2152\">\n<p data-start=\"2092\" data-end=\"2152\"><strong data-start=\"2092\" data-end=\"2116\">dispositifs m\u00e9dicaux<\/strong> l\u00e0 o\u00f9 la fiabilit\u00e9 est cruciale<\/p>\n<\/li>\n<li data-start=\"2153\" data-end=\"2226\">\n<p data-start=\"2155\" data-end=\"2226\"><strong data-start=\"2155\" data-end=\"2184\">Lampes de poche et lampes frontales<\/strong> pour les activit\u00e9s de plein air et l&#039;usage professionnel<\/p>\n<\/li>\n<li data-start=\"2227\" data-end=\"2287\">\n<p data-start=\"2229\" data-end=\"2287\"><strong data-start=\"2229\" data-end=\"2256\">Alimentation de secours<\/strong> pour les syst\u00e8mes de s\u00e9curit\u00e9 et les alarmes<\/p>\n<\/li>\n<\/ul>\n<h4 data-start=\"2289\" data-end=\"2324\"><strong data-start=\"2294\" data-end=\"2322\">Sp\u00e9cifications techniques<\/strong><\/h4>\n<ul data-start=\"2325\" data-end=\"2716\">\n<li data-start=\"2325\" data-end=\"2370\">\n<p data-start=\"2327\" data-end=\"2370\">Type de batterie : Lithium fer disulfure (Li\/FeS\u2082)<\/p>\n<\/li>\n<li data-start=\"2371\" data-end=\"2386\">\n<p data-start=\"2373\" data-end=\"2386\">Taille : AA<\/p>\n<\/li>\n<li data-start=\"2387\" data-end=\"2429\">\n<p data-start=\"2389\" data-end=\"2429\">Capacit\u00e9 : 3400 mAh (\u00e0 1 mA jusqu&#039;\u00e0 0,8 V)<\/p>\n<\/li>\n<li data-start=\"2430\" data-end=\"2457\">\n<p data-start=\"2432\" data-end=\"2457\">Tension nominale : 1,5 V<\/p>\n<\/li>\n<li data-start=\"2458\" data-end=\"2491\">\n<p data-start=\"2460\" data-end=\"2491\">Courant de d\u00e9charge maximal : 2000 mA<\/p>\n<\/li>\n<li data-start=\"2492\" data-end=\"2508\">\n<p data-start=\"2494\" data-end=\"2508\">Poids : environ 15 g<\/p>\n<\/li>\n<li data-start=\"2509\" data-end=\"2527\">\n<p data-start=\"2511\" data-end=\"2527\">Volume : 8,0 cm\u00b3<\/p>\n<\/li>\n<li data-start=\"2528\" data-end=\"2569\">\n<p data-start=\"2530\" data-end=\"2569\">Temp\u00e9rature de d\u00e9charge : -40\u2103 \u00e0 +60\u2103<\/p>\n<\/li>\n<li data-start=\"2570\" data-end=\"2631\">\n<p data-start=\"2572\" data-end=\"2631\">Temp\u00e9rature de stockage : -20\u2103 \u00e0 +40\u2103 (\u226475% humidit\u00e9)<\/p>\n<\/li>\n<li data-start=\"2632\" data-end=\"2655\">\n<p data-start=\"2634\" data-end=\"2655\">Dur\u00e9e de conservation : &gt;10 ans<\/p>\n<\/li>\n<li data-start=\"2656\" data-end=\"2716\">\n<p data-start=\"2658\" data-end=\"2716\">Certification de s\u00e9curit\u00e9 : CE, \u00e9co-labellis\u00e9 (gestion des d\u00e9chets)<\/p>\n<\/li>\n<\/ul>\n<h4 data-start=\"2718\" data-end=\"2752\"><strong data-start=\"2723\" data-end=\"2750\">Avantages pour l&#039;utilisateur<\/strong><\/h4>\n<p data-start=\"2753\" data-end=\"3009\">Avec la pile PKCell FR AA, l&#039;utilisateur b\u00e9n\u00e9ficie d&#039;une batterie qui allie fiabilit\u00e9, longue dur\u00e9e de vie et hautes performances m\u00eame dans des conditions exigeantes.<\/p>\n<p data-start=\"2753\" data-end=\"3009\">Cela r\u00e9duit la n\u00e9cessit\u00e9 de changer fr\u00e9quemment les batteries, ce qui permet \u00e0 la fois de r\u00e9aliser des \u00e9conomies et de contribuer \u00e0 un fonctionnement plus durable.<\/p>\n<p data-start=\"2753\" data-end=\"3009\">La batterie est vendue individuellement.<\/p>","protected":false},"excerpt":{"rendered":"<p>La PKCell FR AA est une batterie lithium-fer-disulfure (Li\/FeS\u2082) haute performance d&#039;une capacit\u00e9 de 3400 mAh et d&#039;une tension nominale de 1,5 V.<\/p>\n<p>Il offre une longue dur\u00e9e de vie, des performances stables dans des temp\u00e9ratures extr\u00eames (-40\u2103 \u00e0 +60\u2103) et un faible poids.<\/p>\n<p>Id\u00e9al pour les applications industrielles exigeantes, l&#039;\u00e9lectronique professionnelle et les \u00e9quipements n\u00e9cessitant une alimentation \u00e9lectrique fiable sur de longues p\u00e9riodes.<\/p>\n<p>Le prix de la batterie est indiqu\u00e9 par unit\u00e9.<\/p>","protected":false},"featured_media":159641,"template":"","meta":{"_acf_changed":false},"product_brand":[],"product_cat":[1862],"product_tag":[],"class_list":{"0":"post-155555","1":"product","2":"type-product","3":"status-publish","4":"has-post-thumbnail","6":"product_cat-batterier-knappcell","7":"pa_brands-pk-cell","8":"tm-no-options","10":"first","11":"instock","12":"taxable","13":"shipping-taxable","14":"purchasable","15":"product-type-simple"},"acf":[],"_links":{"self":[{"href":"https:\/\/secureus.se\/fr\/wp-json\/wp\/v2\/product\/155555","targetHints":{"allow":["GET"]}}],"collection":[{"href":"https:\/\/secureus.se\/fr\/wp-json\/wp\/v2\/product"}],"about":[{"href":"https:\/\/secureus.se\/fr\/wp-json\/wp\/v2\/types\/product"}],"wp:featuredmedia":[{"embeddable":true,"href":"https:\/\/secureus.se\/fr\/wp-json\/wp\/v2\/media\/159641"}],"wp:attachment":[{"href":"https:\/\/secureus.se\/fr\/wp-json\/wp\/v2\/media?parent=155555"}],"wp:term":[{"taxonomy":"product_brand","embeddable":true,"href":"https:\/\/secureus.se\/fr\/wp-json\/wp\/v2\/product_brand?post=155555"},{"taxonomy":"product_cat","embeddable":true,"href":"https:\/\/secureus.se\/fr\/wp-json\/wp\/v2\/product_cat?post=155555"},{"taxonomy":"product_tag","embeddable":true,"href":"https:\/\/secureus.se\/fr\/wp-json\/wp\/v2\/product_tag?post=155555"}],"curies":[{"name":"wp","href":"https:\/\/api.w.org\/{rel}","templated":true}]}}