{"id":155735,"date":"2025-09-01T12:48:46","date_gmt":"2025-09-01T10:48:46","guid":{"rendered":"https:\/\/secureus.se\/?post_type=product&#038;p=155735"},"modified":"2026-03-25T15:29:46","modified_gmt":"2026-03-25T14:29:46","slug":"monteringsstolpe-747","status":"publish","type":"product","link":"https:\/\/secureus.se\/fr\/monteringsstolpe-747\/","title":{"rendered":"Poteau de montage 747"},"content":{"rendered":"<div>\n<div>\n<div>\n<div>\n<div>\n<div><\/div>\n<div>Poteau de montage en acier inoxydable pour plaque d&#039;extr\u00e9mit\u00e9 \u00e9lectrique standard Solid, sp\u00e9cialement con\u00e7ue pour le syst\u00e8me de profil\u00e9s Wicona Wicstyle 65\/65N.<\/div>\n<div><b><br \/>\nPropri\u00e9t\u00e9s:<\/b><\/div>\n<div>\n<ul>\n<li>Convient au Wicstyle 65\/65N de Wicona.<\/li>\n<li>Destin\u00e9 au cadre en aluminium dans une porte ouvrant vers l&#039;int\u00e9rieur en combinaison avec une plaque d&#039;extr\u00e9mit\u00e9 standard. .<\/li>\n<li>Dans les profils frais\u00e9s avec des \u00e9videments standards Assa\/Wicona, le changement du type de plaque d&#039;extr\u00e9mit\u00e9 \u00e9lectrique peut \u00eatre effectu\u00e9 sans changer les \u00e9videments.<\/li>\n<li>Les plaques d&#039;extr\u00e9mit\u00e9 Assa 546 et 547 sont des plaques d&#039;extr\u00e9mit\u00e9 m\u00e9caniques qui s&#039;ins\u00e8rent dans l&#039;\u00e9videment standard.<\/li>\n<\/ul>\n<\/div>\n<div><b><br \/>\nConvient pour\u00a0:<\/b><\/div>\n<div>Plaques d&#039;extr\u00e9mit\u00e9 \u00e9lectriques ASSA ABLOY dans la s\u00e9rie standard\u00a0: 70, 570, 71, 571, 75, 575, 585<\/div>\n<\/div>\n<\/div>\n<\/div>\n<\/div>\n<\/div>\n<div><\/div>","protected":false},"excerpt":{"rendered":"<p>Monteringsstolpe i rostfritt st\u00e5l f\u00f6r standard Solid elslutbleck, speciellt framtagna f\u00f6r Wicona profilsystem Wicstyle 65\/65N. Egenskaper: Passar Wiconas Wicstyle 65\/65N. Avsedd f\u00f6r aluminiumkarm i in\u00e5tg\u00e5ende d\u00f6rr i kombination med standard<\/p>","protected":false},"featured_media":159468,"template":"","meta":{"_acf_changed":false},"product_brand":[],"product_cat":[4735],"product_tag":[],"class_list":{"0":"post-155735","1":"product","2":"type-product","3":"status-publish","4":"has-post-thumbnail","6":"product_cat-monteringsstolpe","7":"product_shipping_class-postnord-varubrev","8":"pa_brands-abloy","9":"tm-no-options","11":"first","12":"instock","13":"sale","14":"taxable","15":"shipping-taxable","16":"purchasable","17":"product-type-simple"},"acf":[],"_links":{"self":[{"href":"https:\/\/secureus.se\/fr\/wp-json\/wp\/v2\/product\/155735","targetHints":{"allow":["GET"]}}],"collection":[{"href":"https:\/\/secureus.se\/fr\/wp-json\/wp\/v2\/product"}],"about":[{"href":"https:\/\/secureus.se\/fr\/wp-json\/wp\/v2\/types\/product"}],"wp:featuredmedia":[{"embeddable":true,"href":"https:\/\/secureus.se\/fr\/wp-json\/wp\/v2\/media\/159468"}],"wp:attachment":[{"href":"https:\/\/secureus.se\/fr\/wp-json\/wp\/v2\/media?parent=155735"}],"wp:term":[{"taxonomy":"product_brand","embeddable":true,"href":"https:\/\/secureus.se\/fr\/wp-json\/wp\/v2\/product_brand?post=155735"},{"taxonomy":"product_cat","embeddable":true,"href":"https:\/\/secureus.se\/fr\/wp-json\/wp\/v2\/product_cat?post=155735"},{"taxonomy":"product_tag","embeddable":true,"href":"https:\/\/secureus.se\/fr\/wp-json\/wp\/v2\/product_tag?post=155735"}],"curies":[{"name":"wp","href":"https:\/\/api.w.org\/{rel}","templated":true}]}}