{"id":155739,"date":"2025-09-01T12:48:46","date_gmt":"2025-09-01T10:48:46","guid":{"rendered":"https:\/\/secureus.se\/?post_type=product&#038;p=155739"},"modified":"2026-04-23T11:23:37","modified_gmt":"2026-04-23T09:23:37","slug":"monteringsstolpe-745","status":"publish","type":"product","link":"https:\/\/secureus.se\/fr\/monteringsstolpe-745\/","title":{"rendered":"Poteau de montage 745"},"content":{"rendered":"<div>\n<div>\n<div>\n<div>\n<div>\n<div><\/div>\n<div>Poteau de montage en acier inoxydable pour plaque d&#039;extr\u00e9mit\u00e9 \u00e9lectrique Solid standard, sp\u00e9cialement con\u00e7ue pour le syst\u00e8me de profil\u00e9s Sch\u00fcco Royal S65 (avec languette coulissante) et Royal S50N.<\/div>\n<div><\/div>\n<div><b>\u00a0<\/b><\/div>\n<div><b>Propri\u00e9t\u00e9s:\u00a0<\/b><\/div>\n<div>\n<ul>\n<li>Convient aux Royal S65 et Royal S50N de Sch\u00fcco.<\/li>\n<li>Dans les profils frais\u00e9s avec des \u00e9videments standards Assa\/Sch\u00fcco, le type de plaque d&#039;extr\u00e9mit\u00e9 \u00e9lectrique peut \u00eatre modifi\u00e9 sans changer les \u00e9videments.<\/li>\n<li>Lors du montage dans le syst\u00e8me de profil\u00e9s S65, une languette coulissante doit \u00eatre utilis\u00e9e.<\/li>\n<\/ul>\n<\/div>\n<div><\/div>\n<div><b>\u00a0<\/b><\/div>\n<div><b>Convient pour\u00a0:\u00a0\u00a0<\/b><\/div>\n<div>Plaques d&#039;extr\u00e9mit\u00e9 \u00e9lectriques ASSA ABLOY dans la s\u00e9rie standard\u00a0: 70, 570, 71, 571, 75, 575, 585<\/div>\n<\/div>\n<div><\/div>\n<\/div>\n<\/div>\n<\/div>\n<\/div>\n<div><\/div>","protected":false},"excerpt":{"rendered":"<p>Monteringsstolpe i rostfritt st\u00e5l f\u00f6r standard Solid elslutbleck, speciellt framtagna f\u00f6r Sch\u00fcco profilsystem Royal S65 (med glidpl\u00f6s) och Royal S50N. \u00a0 Egenskaper:\u00a0 Passar Sch\u00fccos Royal S65 och Royal S50N. I<\/p>","protected":false},"featured_media":159467,"template":"","meta":{"_acf_changed":false},"product_brand":[],"product_cat":[4735],"product_tag":[],"class_list":{"0":"post-155739","1":"product","2":"type-product","3":"status-publish","4":"has-post-thumbnail","6":"product_cat-monteringsstolpe","7":"product_shipping_class-postnord-varubrev","8":"pa_brands-abloy","9":"tm-no-options","11":"first","12":"instock","13":"sale","14":"taxable","15":"shipping-taxable","16":"purchasable","17":"product-type-simple"},"acf":[],"_links":{"self":[{"href":"https:\/\/secureus.se\/fr\/wp-json\/wp\/v2\/product\/155739","targetHints":{"allow":["GET"]}}],"collection":[{"href":"https:\/\/secureus.se\/fr\/wp-json\/wp\/v2\/product"}],"about":[{"href":"https:\/\/secureus.se\/fr\/wp-json\/wp\/v2\/types\/product"}],"wp:featuredmedia":[{"embeddable":true,"href":"https:\/\/secureus.se\/fr\/wp-json\/wp\/v2\/media\/159467"}],"wp:attachment":[{"href":"https:\/\/secureus.se\/fr\/wp-json\/wp\/v2\/media?parent=155739"}],"wp:term":[{"taxonomy":"product_brand","embeddable":true,"href":"https:\/\/secureus.se\/fr\/wp-json\/wp\/v2\/product_brand?post=155739"},{"taxonomy":"product_cat","embeddable":true,"href":"https:\/\/secureus.se\/fr\/wp-json\/wp\/v2\/product_cat?post=155739"},{"taxonomy":"product_tag","embeddable":true,"href":"https:\/\/secureus.se\/fr\/wp-json\/wp\/v2\/product_tag?post=155739"}],"curies":[{"name":"wp","href":"https:\/\/api.w.org\/{rel}","templated":true}]}}