{"id":155754,"date":"2025-09-01T12:48:49","date_gmt":"2025-09-01T10:48:49","guid":{"rendered":"https:\/\/secureus.se\/monteringsstolpe-730\/"},"modified":"2026-04-23T11:23:57","modified_gmt":"2026-04-23T09:23:57","slug":"monteringsstolpe-730","status":"publish","type":"product","link":"https:\/\/secureus.se\/fr\/monteringsstolpe-730\/","title":{"rendered":"Poteau de montage 730"},"content":{"rendered":"<div>\n<div><\/div>\n<\/div>\n<div>Poteau de montage en acier, pour plaque d&#039;extr\u00e9mit\u00e9 \u00e9lectrique standard de la s\u00e9rie Solid. Utilis\u00e9 pour adapter la fixation et les propri\u00e9t\u00e9s \u00e0 l&#039;application actuelle et \u00e0 l&#039;environnement de la porte\n<\/div>\n<div><b>Propri\u00e9t\u00e9s:\u00a0<\/b><\/div>\n<div>\n<ul>\n<li>Pour cadres en bois, acier ou aluminium.<\/li>\n<li>Serrures \u00e0 double chute verrouill\u00e9es.<\/li>\n<li>Taille de la langue : 15 mm<b>. <\/b><\/li>\n<\/ul>\n<\/div>\n<div><b><br \/>\nConvient pour\u00a0: <\/b><\/div>\n<div>Plaques d&#039;extr\u00e9mit\u00e9 \u00e9lectriques ASSA ABLOY dans la s\u00e9rie standard\u00a0: 70, 570, 71, 571, 75, 575, 585<\/div>\n<div><\/div>","protected":false},"excerpt":{"rendered":"<p>Monteringsstolpe i st\u00e5l, f\u00f6r standard elslutbleck i Solid-serien. Anv\u00e4nds f\u00f6r att anpassa inf\u00e4stning och egenskaper till den aktuella applikationen och d\u00f6rrmilj\u00f6n Egenskaper:\u00a0 F\u00f6r tr\u00e4-, st\u00e5l- eller aluminiumkarmar. F\u00f6rreglade dubbelfall\u00e5s. Pl\u00f6sm\u00e5tt:<\/p>","protected":false},"featured_media":159462,"template":"","meta":{"_acf_changed":false},"product_brand":[],"product_cat":[4735],"product_tag":[],"class_list":{"0":"post-155754","1":"product","2":"type-product","3":"status-publish","4":"has-post-thumbnail","6":"product_cat-monteringsstolpe","7":"product_shipping_class-postnord-varubrev","8":"pa_brands-abloy","9":"tm-no-options","11":"first","12":"instock","13":"sale","14":"taxable","15":"shipping-taxable","16":"purchasable","17":"product-type-simple"},"acf":[],"_links":{"self":[{"href":"https:\/\/secureus.se\/fr\/wp-json\/wp\/v2\/product\/155754","targetHints":{"allow":["GET"]}}],"collection":[{"href":"https:\/\/secureus.se\/fr\/wp-json\/wp\/v2\/product"}],"about":[{"href":"https:\/\/secureus.se\/fr\/wp-json\/wp\/v2\/types\/product"}],"wp:featuredmedia":[{"embeddable":true,"href":"https:\/\/secureus.se\/fr\/wp-json\/wp\/v2\/media\/159462"}],"wp:attachment":[{"href":"https:\/\/secureus.se\/fr\/wp-json\/wp\/v2\/media?parent=155754"}],"wp:term":[{"taxonomy":"product_brand","embeddable":true,"href":"https:\/\/secureus.se\/fr\/wp-json\/wp\/v2\/product_brand?post=155754"},{"taxonomy":"product_cat","embeddable":true,"href":"https:\/\/secureus.se\/fr\/wp-json\/wp\/v2\/product_cat?post=155754"},{"taxonomy":"product_tag","embeddable":true,"href":"https:\/\/secureus.se\/fr\/wp-json\/wp\/v2\/product_tag?post=155754"}],"curies":[{"name":"wp","href":"https:\/\/api.w.org\/{rel}","templated":true}]}}