{"id":155771,"date":"2025-09-01T12:48:48","date_gmt":"2025-09-01T10:48:48","guid":{"rendered":"https:\/\/secureus.se\/monteringsstolpe-731-17\/"},"modified":"2025-09-25T09:14:06","modified_gmt":"2025-09-25T07:14:06","slug":"monteringsstolpe-731-17","status":"publish","type":"product","link":"https:\/\/secureus.se\/fr\/monteringsstolpe-731-17\/","title":{"rendered":"Poteau de montage 731-17"},"content":{"rendered":"<div>\n<div>\n<div>\u00a0<\/div>\n<div>\n<p>Poteau de montage en acier, pour plaque d&#039;extr\u00e9mit\u00e9 \u00e9lectrique standard de la s\u00e9rie Solid. Utilis\u00e9 pour adapter la fixation et les propri\u00e9t\u00e9s \u00e0 l&#039;application actuelle et \u00e0 l&#039;environnement de la porte. <br \/><b><br \/><\/b><b>Propri\u00e9t\u00e9s:\u00a0<\/b><br \/>Pour cadres en bois, acier ou aluminium.\u00a0<br \/>Serrures \u00e0 double chute verrouill\u00e9es.\u00a0<br \/>Taille de la langue : 17 mm.\u00a0<\/p>\n<p><b>Convient pour\u00a0:<\/b>\u00a0\u00a0<br \/>Plaques d&#039;extr\u00e9mit\u00e9 \u00e9lectriques ASSA ABLOY dans la s\u00e9rie standard\u00a0: 70, 570, 71, 571, 75, 575, 585<\/p>\n<\/div>\n<\/div>\n<\/div>\n<div>\n<\/p>\n<\/div>","protected":false},"excerpt":{"rendered":"<p>\u00a0 Poteau de montage en acier, pour plaque d&#039;extr\u00e9mit\u00e9 \u00e9lectrique standard de la s\u00e9rie Solid. Utilis\u00e9 pour adapter la fixation et les propri\u00e9t\u00e9s \u00e0 l&#039;application actuelle et \u00e0 l&#039;environnement de la porte. Caract\u00e9ristiques : Pour cadres en bois, acier ou aluminium. Serrures \u00e0 double chute verrouill\u00e9es. Taille de la langue : 17 mm.\u00a0<\/p>","protected":false},"featured_media":155770,"template":"","meta":{"_acf_changed":false},"product_brand":[],"product_cat":[4735],"product_tag":[],"class_list":{"0":"post-155771","1":"product","2":"type-product","3":"status-publish","4":"has-post-thumbnail","6":"product_cat-monteringsstolpe","7":"product_shipping_class-postnord-varubrev","8":"pa_brands-abloy","9":"tm-no-options","11":"first","12":"outofstock","13":"sale","14":"taxable","15":"shipping-taxable","16":"purchasable","17":"product-type-simple"},"acf":[],"_links":{"self":[{"href":"https:\/\/secureus.se\/fr\/wp-json\/wp\/v2\/product\/155771","targetHints":{"allow":["GET"]}}],"collection":[{"href":"https:\/\/secureus.se\/fr\/wp-json\/wp\/v2\/product"}],"about":[{"href":"https:\/\/secureus.se\/fr\/wp-json\/wp\/v2\/types\/product"}],"wp:featuredmedia":[{"embeddable":true,"href":"https:\/\/secureus.se\/fr\/wp-json\/wp\/v2\/media\/155770"}],"wp:attachment":[{"href":"https:\/\/secureus.se\/fr\/wp-json\/wp\/v2\/media?parent=155771"}],"wp:term":[{"taxonomy":"product_brand","embeddable":true,"href":"https:\/\/secureus.se\/fr\/wp-json\/wp\/v2\/product_brand?post=155771"},{"taxonomy":"product_cat","embeddable":true,"href":"https:\/\/secureus.se\/fr\/wp-json\/wp\/v2\/product_cat?post=155771"},{"taxonomy":"product_tag","embeddable":true,"href":"https:\/\/secureus.se\/fr\/wp-json\/wp\/v2\/product_tag?post=155771"}],"curies":[{"name":"wp","href":"https:\/\/api.w.org\/{rel}","templated":true}]}}