{"id":155851,"date":"2025-09-03T09:08:44","date_gmt":"2025-09-03T07:08:44","guid":{"rendered":"https:\/\/secureus.se\/monteringsstolpe-542\/"},"modified":"2026-04-23T11:23:45","modified_gmt":"2026-04-23T09:23:45","slug":"monteringsstolpe-542","status":"publish","type":"product","link":"https:\/\/secureus.se\/fr\/monteringsstolpe-542\/","title":{"rendered":"Poteau de montage 542"},"content":{"rendered":"<div>\n<div>\n<div>\n<div><\/div>\n<div>Poteau de montage en acier inoxydable pour plaques d&#039;extr\u00e9mit\u00e9 \u00e9lectriques simples, sp\u00e9cialement con\u00e7u pour le syst\u00e8me de profil\u00e9s SapaFront. Permet d&#039;adapter la fixation des plaques d&#039;extr\u00e9mit\u00e9 \u00e9lectriques aux niches standards Sapa.<\/div>\n<div><b>\u00a0<\/b><\/div>\n<div><b><\/b><b>Propri\u00e9t\u00e9s:\u00a0<\/b><\/div>\n<div>\n<ul>\n<li>Lorsque des serrures \u00e0 profil \u00e9troit sont utilis\u00e9es avec des poteaux SapaFront, les serrures doivent \u00eatre \u00e9quip\u00e9es d&#039;un poteau de 22 mm.<\/li>\n<li>Compatible avec le syst\u00e8me de construction SapaFront 2060.<\/li>\n<\/ul>\n<\/div>\n<div><b>\u00a0<\/b><\/div>\n<div><b><\/b><b>Convient pour\u00a0:\u00a0\u00a0<\/b><\/div>\n<div>Plaque d&#039;extr\u00e9mit\u00e9 \u00e9lectrique ASSA ABLOY s\u00e9rie simple\u00a0: 14, 114, 514, 5114<\/div>\n<\/div>\n<\/div>\n<\/div>\n<div><\/div>","protected":false},"excerpt":{"rendered":"<p>Monteringsstolpe i rostfritt st\u00e5l f\u00f6r enkla elslutbleck, speciellt framtagna f\u00f6r SapaFront profilsystem. Anv\u00e4nds f\u00f6r att anpassa inf\u00e4stning av elslutbleck till Sapa standardurtag. \u00a0 Egenskaper:\u00a0 D\u00e5 smalprofill\u00e5s anv\u00e4nds tillsammans med SapaFront<\/p>","protected":false},"featured_media":155850,"template":"","meta":{"_acf_changed":false},"product_brand":[],"product_cat":[4735],"product_tag":[],"class_list":{"0":"post-155851","1":"product","2":"type-product","3":"status-publish","4":"has-post-thumbnail","6":"product_cat-monteringsstolpe","7":"product_shipping_class-postnord-varubrev","8":"pa_brands-abloy","9":"tm-no-options","11":"first","12":"onbackorder","13":"sale","14":"taxable","15":"shipping-taxable","16":"purchasable","17":"product-type-simple"},"acf":[],"_links":{"self":[{"href":"https:\/\/secureus.se\/fr\/wp-json\/wp\/v2\/product\/155851","targetHints":{"allow":["GET"]}}],"collection":[{"href":"https:\/\/secureus.se\/fr\/wp-json\/wp\/v2\/product"}],"about":[{"href":"https:\/\/secureus.se\/fr\/wp-json\/wp\/v2\/types\/product"}],"wp:featuredmedia":[{"embeddable":true,"href":"https:\/\/secureus.se\/fr\/wp-json\/wp\/v2\/media\/155850"}],"wp:attachment":[{"href":"https:\/\/secureus.se\/fr\/wp-json\/wp\/v2\/media?parent=155851"}],"wp:term":[{"taxonomy":"product_brand","embeddable":true,"href":"https:\/\/secureus.se\/fr\/wp-json\/wp\/v2\/product_brand?post=155851"},{"taxonomy":"product_cat","embeddable":true,"href":"https:\/\/secureus.se\/fr\/wp-json\/wp\/v2\/product_cat?post=155851"},{"taxonomy":"product_tag","embeddable":true,"href":"https:\/\/secureus.se\/fr\/wp-json\/wp\/v2\/product_tag?post=155851"}],"curies":[{"name":"wp","href":"https:\/\/api.w.org\/{rel}","templated":true}]}}