{"id":155897,"date":"2025-09-03T09:29:35","date_gmt":"2025-09-03T07:29:35","guid":{"rendered":"https:\/\/secureus.se\/monteringsstolpe-975-w\/"},"modified":"2026-04-08T15:06:45","modified_gmt":"2026-04-08T13:06:45","slug":"monteringsstolpe-975-w","status":"publish","type":"product","link":"https:\/\/secureus.se\/fr\/monteringsstolpe-975-w\/","title":{"rendered":"Poteau de montage 975-W"},"content":{"rendered":"<p>Le support de montage ASSA ABLOY 975-W est plat et en acier inoxydable, compatible avec les serrures Wicona 75\/Connect. Il s&#039;adapte aux g\u00e2ches standard de la s\u00e9rie 900 d&#039;Assa, ainsi qu&#039;aux bo\u00eetiers de serrure \u00e0 g\u00e2che simple ou double. Il permet d&#039;adapter la fixation de la g\u00e2che \u00e9lectrique \u00e0 l&#039;encastrement standard Wicona.<\/p>\n<div><\/div>\n<div><b>Propri\u00e9t\u00e9s:<\/b><\/div>\n<div>\n<ul>\n<li>Sym\u00e9trique<\/li>\n<li>Largeur : 50 mm<\/li>\n<li>Hauteur : 245 mm<\/li>\n<li>Taille de la langue : 17,5 mm<\/li>\n<li>Compatible avec le syst\u00e8me de profil Wicona 75\/Connect<\/li>\n<\/ul>\n<\/div>\n<div><\/div>\n<div><b>Convient aux plaques d&#039;extr\u00e9mit\u00e9 \u00e9lectriques ASSA ABLOY de la s\u00e9rie 900\u00a0:<\/b><\/div>\n<div>\n<ul>\n<li>905, 905M<\/li>\n<li>910, 910M<\/li>\n<li>911, 911M<\/li>\n<li>920, 920M, 920C<\/li>\n<li>940M<\/li>\n<li>941M<\/li>\n<li>960M, 960C<\/li>\n<li>961M, 961C<\/li>\n<li>990M<\/li>\n<li>991M<\/li>\n<\/ul>\n<\/div>","protected":false},"excerpt":{"rendered":"<p>ASSA ABLOY 975-W \u00e4r en plan monteringsstolpe i rostfritt st\u00e5l, anpassad f\u00f6r Wicona 75\/Connect. Passar till Assas standard slutbleck i 900-serien tillsammans med l\u00e5shus med enkelfall eller dubbelfall. Anv\u00e4nds f\u00f6r<\/p>","protected":false},"featured_media":155896,"template":"","meta":{"_acf_changed":false},"product_brand":[],"product_cat":[4735],"product_tag":[],"class_list":{"0":"post-155897","1":"product","2":"type-product","3":"status-publish","4":"has-post-thumbnail","6":"product_cat-monteringsstolpe","7":"product_shipping_class-postnord-varubrev","8":"pa_brands-abloy","9":"tm-no-options","11":"first","12":"instock","13":"sale","14":"taxable","15":"shipping-taxable","16":"purchasable","17":"product-type-simple"},"acf":[],"_links":{"self":[{"href":"https:\/\/secureus.se\/fr\/wp-json\/wp\/v2\/product\/155897","targetHints":{"allow":["GET"]}}],"collection":[{"href":"https:\/\/secureus.se\/fr\/wp-json\/wp\/v2\/product"}],"about":[{"href":"https:\/\/secureus.se\/fr\/wp-json\/wp\/v2\/types\/product"}],"wp:featuredmedia":[{"embeddable":true,"href":"https:\/\/secureus.se\/fr\/wp-json\/wp\/v2\/media\/155896"}],"wp:attachment":[{"href":"https:\/\/secureus.se\/fr\/wp-json\/wp\/v2\/media?parent=155897"}],"wp:term":[{"taxonomy":"product_brand","embeddable":true,"href":"https:\/\/secureus.se\/fr\/wp-json\/wp\/v2\/product_brand?post=155897"},{"taxonomy":"product_cat","embeddable":true,"href":"https:\/\/secureus.se\/fr\/wp-json\/wp\/v2\/product_cat?post=155897"},{"taxonomy":"product_tag","embeddable":true,"href":"https:\/\/secureus.se\/fr\/wp-json\/wp\/v2\/product_tag?post=155897"}],"curies":[{"name":"wp","href":"https:\/\/api.w.org\/{rel}","templated":true}]}}