{"id":155903,"date":"2025-09-03T09:29:40","date_gmt":"2025-09-03T07:29:40","guid":{"rendered":"https:\/\/secureus.se\/monteringsstolpe-932t\/"},"modified":"2026-04-08T15:08:13","modified_gmt":"2026-04-08T13:08:13","slug":"monteringsstolpe-932t","status":"publish","type":"product","link":"https:\/\/secureus.se\/fr\/monteringsstolpe-932t\/","title":{"rendered":"Poteau de montage 932T"},"content":{"rendered":"<p>Le montant de fixation coud\u00e9 ASSA ABLOY 932T, en acier inoxydable \u00e0 angles arrondis, est con\u00e7u pour les cadres en bois. Il est compatible avec les g\u00e2ches standard de la s\u00e9rie 900 d&#039;Assa et les bo\u00eetiers de serrure \u00e0 p\u00eane simple ou double.<\/p>\n<div><b><br \/>Propri\u00e9t\u00e9s:\u00a0<\/b><\/div>\n<div>\n<ul>\n<li>Sym\u00e9trique<\/li>\n<li>Largeur : 40 mm<\/li>\n<li>Hauteur : 245 mm<\/li>\n<li>Taille de la langue : 15 mm<\/li>\n<li>Profondeur d&#039;angle : 15 mm<\/li>\n<li>Coins arrondis\u00a0<\/li>\n<li>Pour cadres en bois\u00a0<\/li>\n<\/ul>\n<\/div>\n<div><b><br \/>Convient aux plaques d&#039;extr\u00e9mit\u00e9 \u00e9lectriques ASSA ABLOY de la s\u00e9rie 900\u00a0:<\/b><\/div>\n<div>\n<ul>\n<li>905, 905M<\/li>\n<li>910, 910M<\/li>\n<li>911, 911M<\/li>\n<li>920, 920M, 920C<\/li>\n<li>940M<\/li>\n<li>941M<\/li>\n<li>960M, 960C<\/li>\n<li>961M, 961C<\/li>\n<li>990M<\/li>\n<li>991M<\/li>\n<\/ul>\n<\/div>","protected":false},"excerpt":{"rendered":"<p>ASSA ABLOY 932T \u00e4r en vinklad monteringsstolpe med runda h\u00f6rn i rostfritt st\u00e5l, f\u00f6r tr\u00e4karmar. Passar till Assas standard slutbleck i 900-serien tillsammans med l\u00e5shus med enkelfall eller dubbelfall. Egenskaper:\u00a0<\/p>","protected":false},"featured_media":155902,"template":"","meta":{"_acf_changed":false},"product_brand":[],"product_cat":[4735],"product_tag":[],"class_list":{"0":"post-155903","1":"product","2":"type-product","3":"status-publish","4":"has-post-thumbnail","6":"product_cat-monteringsstolpe","7":"product_shipping_class-postnord-varubrev","8":"pa_brands-abloy","9":"tm-no-options","11":"first","12":"outofstock","13":"sale","14":"taxable","15":"shipping-taxable","16":"purchasable","17":"product-type-simple"},"acf":[],"_links":{"self":[{"href":"https:\/\/secureus.se\/fr\/wp-json\/wp\/v2\/product\/155903","targetHints":{"allow":["GET"]}}],"collection":[{"href":"https:\/\/secureus.se\/fr\/wp-json\/wp\/v2\/product"}],"about":[{"href":"https:\/\/secureus.se\/fr\/wp-json\/wp\/v2\/types\/product"}],"wp:featuredmedia":[{"embeddable":true,"href":"https:\/\/secureus.se\/fr\/wp-json\/wp\/v2\/media\/155902"}],"wp:attachment":[{"href":"https:\/\/secureus.se\/fr\/wp-json\/wp\/v2\/media?parent=155903"}],"wp:term":[{"taxonomy":"product_brand","embeddable":true,"href":"https:\/\/secureus.se\/fr\/wp-json\/wp\/v2\/product_brand?post=155903"},{"taxonomy":"product_cat","embeddable":true,"href":"https:\/\/secureus.se\/fr\/wp-json\/wp\/v2\/product_cat?post=155903"},{"taxonomy":"product_tag","embeddable":true,"href":"https:\/\/secureus.se\/fr\/wp-json\/wp\/v2\/product_tag?post=155903"}],"curies":[{"name":"wp","href":"https:\/\/api.w.org\/{rel}","templated":true}]}}