{"id":155917,"date":"2025-09-03T09:29:37","date_gmt":"2025-09-03T07:29:37","guid":{"rendered":"https:\/\/secureus.se\/monteringsstolpe-957\/"},"modified":"2026-04-08T15:09:11","modified_gmt":"2026-04-08T13:09:11","slug":"monteringsstolpe-957","status":"publish","type":"product","link":"https:\/\/secureus.se\/fr\/monteringsstolpe-957\/","title":{"rendered":"Poteau de montage 957"},"content":{"rendered":"<div>L&#039;ASSA ABLOY 957 est un support de montage en acier inoxydable pour les syst\u00e8mes de profil\u00e9s SP 57000 et 77000. Il est compatible avec la g\u00e2che standard Assa de la s\u00e9rie 900 et les bo\u00eetiers de serrure \u00e0 g\u00e2che simple ou double. Il permet d&#039;adapter la fixation des g\u00e2ches \u00e9lectriques aux \u00e9videments standard St\u00e5lprofil.<\/div>\n<div><b><br \/>\nPropri\u00e9t\u00e9s:<\/b><\/div>\n<div>\n<ul>\n<li>Largeur : 60 mm<\/li>\n<li>Longueur : 200 mm<\/li>\n<li>Taille de la langue : 20 mm<\/li>\n<li>Convient aux profil\u00e9s en acier SP 57000 et 77000<\/li>\n<\/ul>\n<\/div>\n<div>\n<b>Convient aux plaques d&#039;extr\u00e9mit\u00e9 \u00e9lectriques ASSA ABLOY de la s\u00e9rie 900\u00a0:<\/b><\/div>\n<div>\n<ul>\n<li>905, 905M<\/li>\n<li>910, 910M<\/li>\n<li>911, 911M<\/li>\n<li>920, 920M, 920C<\/li>\n<li>940M<\/li>\n<li>941M<\/li>\n<li>960M, 960C<\/li>\n<li>961M, 961C<\/li>\n<li>990M<\/li>\n<li>991M<\/li>\n<\/ul>\n<\/div>\n<div><\/div>","protected":false},"excerpt":{"rendered":"<p>ASSA ABLOY 957 \u00e4r en montagestolpe\u00a0i rostfritt st\u00e5l, f\u00f6r profilsystem SP 57000 och 77000. Passar till Assas standard slutbleck i 900-serien tillsammans med l\u00e5shus med enkelfall eller dubbelfall. Anv\u00e4nds f\u00f6r<\/p>","protected":false},"featured_media":155916,"template":"","meta":{"_acf_changed":false},"product_brand":[],"product_cat":[4735],"product_tag":[],"class_list":{"0":"post-155917","1":"product","2":"type-product","3":"status-publish","4":"has-post-thumbnail","6":"product_cat-monteringsstolpe","7":"product_shipping_class-postnord-varubrev","8":"pa_brands-abloy","9":"tm-no-options","11":"first","12":"instock","13":"sale","14":"taxable","15":"shipping-taxable","16":"purchasable","17":"product-type-simple"},"acf":[],"_links":{"self":[{"href":"https:\/\/secureus.se\/fr\/wp-json\/wp\/v2\/product\/155917","targetHints":{"allow":["GET"]}}],"collection":[{"href":"https:\/\/secureus.se\/fr\/wp-json\/wp\/v2\/product"}],"about":[{"href":"https:\/\/secureus.se\/fr\/wp-json\/wp\/v2\/types\/product"}],"wp:featuredmedia":[{"embeddable":true,"href":"https:\/\/secureus.se\/fr\/wp-json\/wp\/v2\/media\/155916"}],"wp:attachment":[{"href":"https:\/\/secureus.se\/fr\/wp-json\/wp\/v2\/media?parent=155917"}],"wp:term":[{"taxonomy":"product_brand","embeddable":true,"href":"https:\/\/secureus.se\/fr\/wp-json\/wp\/v2\/product_brand?post=155917"},{"taxonomy":"product_cat","embeddable":true,"href":"https:\/\/secureus.se\/fr\/wp-json\/wp\/v2\/product_cat?post=155917"},{"taxonomy":"product_tag","embeddable":true,"href":"https:\/\/secureus.se\/fr\/wp-json\/wp\/v2\/product_tag?post=155917"}],"curies":[{"name":"wp","href":"https:\/\/api.w.org\/{rel}","templated":true}]}}