{"id":155921,"date":"2025-09-03T09:29:37","date_gmt":"2025-09-03T07:29:37","guid":{"rendered":"https:\/\/secureus.se\/monteringsstolpe-9487-4\/"},"modified":"2026-04-08T15:08:59","modified_gmt":"2026-04-08T13:08:59","slug":"monteringsstolpe-9487-4","status":"publish","type":"product","link":"https:\/\/secureus.se\/fr\/monteringsstolpe-9487-4\/","title":{"rendered":"Poteau de montage 9487-4"},"content":{"rendered":"<p>La g\u00e2che ASSA ABLOY 9487-4 est plate et en acier inoxydable. Elle est compatible avec les g\u00e2ches standard de la s\u00e9rie 900 d&#039;Assa et les bo\u00eetiers de serrure \u00e0 un ou deux battants. Ses angles arrondis facilitent l&#039;installation dans les cadres en bois. Elle correspond \u00e0 la g\u00e2che 1487-4.<\/p>\n<div><b><br \/>Propri\u00e9t\u00e9s:\u00a0<\/b><\/div>\n<div>\n<ul>\n<li>Sym\u00e9trique<\/li>\n<li>Largeur : 45 mm<\/li>\n<li>Hauteur : 200 mm<\/li>\n<li>Taille de la langue : 21,5 mm<\/li>\n<li>Coins arrondis<\/li>\n<li>Pour cadres en bois<\/li>\n<li>Poss\u00e8de les m\u00eames dimensions que la plaque d&#039;extr\u00e9mit\u00e9 1487-4<\/li>\n<\/ul>\n<\/div>\n<div><b>Convient aux plaques d&#039;extr\u00e9mit\u00e9 \u00e9lectriques ASSA ABLOY de la s\u00e9rie 900\u00a0:<\/b><\/div>\n<div>\n<ul>\n<li>905, 905M<\/li>\n<li>910, 910M<\/li>\n<li>911, 911M<\/li>\n<li>920, 920M, 920C<\/li>\n<li>940M<\/li>\n<li>941M<\/li>\n<li>960M, 960C<\/li>\n<li>961M, 961C<\/li>\n<li>990M<\/li>\n<li>991M<\/li>\n<\/ul>\n<\/div>\n<div><\/div>","protected":false},"excerpt":{"rendered":"<p>ASSA ABLOY 9487-4 \u00e4r en plan monteringsstolpe i rostfritt st\u00e5l. Passar till Assas standard slutbleck i 900-serien tillsammans med l\u00e5shus med enkelfall eller dubbelfall. Med runda h\u00f6rn f\u00f6r l\u00e4ttare infr\u00e4sning<\/p>","protected":false},"featured_media":155920,"template":"","meta":{"_acf_changed":false},"product_brand":[],"product_cat":[4735],"product_tag":[],"class_list":{"0":"post-155921","1":"product","2":"type-product","3":"status-publish","4":"has-post-thumbnail","6":"product_cat-monteringsstolpe","7":"product_shipping_class-postnord-varubrev","8":"pa_brands-abloy","9":"tm-no-options","11":"first","12":"outofstock","13":"sale","14":"taxable","15":"shipping-taxable","16":"purchasable","17":"product-type-simple"},"acf":[],"_links":{"self":[{"href":"https:\/\/secureus.se\/fr\/wp-json\/wp\/v2\/product\/155921","targetHints":{"allow":["GET"]}}],"collection":[{"href":"https:\/\/secureus.se\/fr\/wp-json\/wp\/v2\/product"}],"about":[{"href":"https:\/\/secureus.se\/fr\/wp-json\/wp\/v2\/types\/product"}],"wp:featuredmedia":[{"embeddable":true,"href":"https:\/\/secureus.se\/fr\/wp-json\/wp\/v2\/media\/155920"}],"wp:attachment":[{"href":"https:\/\/secureus.se\/fr\/wp-json\/wp\/v2\/media?parent=155921"}],"wp:term":[{"taxonomy":"product_brand","embeddable":true,"href":"https:\/\/secureus.se\/fr\/wp-json\/wp\/v2\/product_brand?post=155921"},{"taxonomy":"product_cat","embeddable":true,"href":"https:\/\/secureus.se\/fr\/wp-json\/wp\/v2\/product_cat?post=155921"},{"taxonomy":"product_tag","embeddable":true,"href":"https:\/\/secureus.se\/fr\/wp-json\/wp\/v2\/product_tag?post=155921"}],"curies":[{"name":"wp","href":"https:\/\/api.w.org\/{rel}","templated":true}]}}