{"id":155931,"date":"2025-09-03T09:29:44","date_gmt":"2025-09-03T07:29:44","guid":{"rendered":"https:\/\/secureus.se\/monteringsstolpe-9086\/"},"modified":"2026-03-25T15:26:26","modified_gmt":"2026-03-25T14:26:26","slug":"monteringsstolpe-9086","status":"publish","type":"product","link":"https:\/\/secureus.se\/fr\/monteringsstolpe-9086\/","title":{"rendered":"Poteau de montage 9086"},"content":{"rendered":"<div>Poteau de montage plat en acier inoxydable, pour syst\u00e8me constructif Sapa 2086. S&#039;adapte \u00e0 la plaque d&#039;extr\u00e9mit\u00e9 standard d&#039;Assa de la s\u00e9rie 900. Permet d&#039;adapter la fixation de la plaque d&#039;extr\u00e9mit\u00e9 \u00e9lectrique \u00e0 la niche standard Sapa. Remplace l&#039;ancien poteau de montage 986.<\/div>\n<div><b><br \/>\nPropri\u00e9t\u00e9s:<\/b><\/div>\n<div>\n<ul>\n<li>Dimensions (Lxl) : 211 x 51,7<\/li>\n<li>Taille de la langue : 28 mm<\/li>\n<li>Compatible avec le syst\u00e8me de construction Sapa 2086<b><\/b><\/li>\n<\/ul>\n<\/div>\n<div><b><br \/>\nConvient aux plaques d&#039;extr\u00e9mit\u00e9 \u00e9lectriques ASSA ABLOY de la s\u00e9rie 900\u00a0:<\/b><\/div>\n<div>\n<ul>\n<li>905, 905M<\/li>\n<li>910, 910M<\/li>\n<li>911, 911M<\/li>\n<li>920, 920M, 920C<\/li>\n<li>940M<\/li>\n<li>941M<\/li>\n<li>960M, 960C<\/li>\n<li>961M, 961C<\/li>\n<li>990M<\/li>\n<li>991M<\/li>\n<\/ul>\n<\/div>","protected":false},"excerpt":{"rendered":"<p>Poteau de montage plat en acier inoxydable, pour syst\u00e8me constructif Sapa 2086. S&#039;adapte \u00e0 la plaque d&#039;extr\u00e9mit\u00e9 standard d&#039;Assa de la s\u00e9rie 900. Permet d&#039;adapter la fixation de la plaque d&#039;extr\u00e9mit\u00e9 \u00e9lectrique \u00e0 la niche standard Sapa. Remplace l&#039;ancien poteau de montage 986.<\/p>","protected":false},"featured_media":155930,"template":"","meta":{"_acf_changed":false},"product_brand":[],"product_cat":[4735],"product_tag":[],"class_list":{"0":"post-155931","1":"product","2":"type-product","3":"status-publish","4":"has-post-thumbnail","6":"product_cat-monteringsstolpe","7":"product_shipping_class-postnord-varubrev","8":"pa_brands-abloy","9":"tm-no-options","11":"first","12":"instock","13":"sale","14":"taxable","15":"shipping-taxable","16":"purchasable","17":"product-type-simple"},"acf":[],"_links":{"self":[{"href":"https:\/\/secureus.se\/fr\/wp-json\/wp\/v2\/product\/155931","targetHints":{"allow":["GET"]}}],"collection":[{"href":"https:\/\/secureus.se\/fr\/wp-json\/wp\/v2\/product"}],"about":[{"href":"https:\/\/secureus.se\/fr\/wp-json\/wp\/v2\/types\/product"}],"wp:featuredmedia":[{"embeddable":true,"href":"https:\/\/secureus.se\/fr\/wp-json\/wp\/v2\/media\/155930"}],"wp:attachment":[{"href":"https:\/\/secureus.se\/fr\/wp-json\/wp\/v2\/media?parent=155931"}],"wp:term":[{"taxonomy":"product_brand","embeddable":true,"href":"https:\/\/secureus.se\/fr\/wp-json\/wp\/v2\/product_brand?post=155931"},{"taxonomy":"product_cat","embeddable":true,"href":"https:\/\/secureus.se\/fr\/wp-json\/wp\/v2\/product_cat?post=155931"},{"taxonomy":"product_tag","embeddable":true,"href":"https:\/\/secureus.se\/fr\/wp-json\/wp\/v2\/product_tag?post=155931"}],"curies":[{"name":"wp","href":"https:\/\/api.w.org\/{rel}","templated":true}]}}