{"id":155937,"date":"2025-09-03T09:29:38","date_gmt":"2025-09-03T07:29:38","guid":{"rendered":"https:\/\/secureus.se\/monteringsstolpe-946-w\/"},"modified":"2026-04-08T15:08:43","modified_gmt":"2026-04-08T13:08:43","slug":"monteringsstolpe-946-w","status":"publish","type":"product","link":"https:\/\/secureus.se\/fr\/monteringsstolpe-946-w\/","title":{"rendered":"Poteau de montage 946-W"},"content":{"rendered":"<div>ASSA ABLOY 946-W est un poteau de montage plat en acier inoxydable, adapt\u00e9 au syst\u00e8me de profil\u00e9 Wicona 65 Wicstyle 65N UT. S'adapte aux g\u00e2ches standard Assa de la s\u00e9rie 900 ainsi qu'aux bo\u00eetiers de serrure \u00e0 simple ou double chute.<\/div>\n<div><b>Propri\u00e9t\u00e9s:\u00a0\u00a0<\/b><\/div>\n<div>\n<ul>\n<li>Sym\u00e9trique<\/li>\n<li>Largeur : 50 mm<\/li>\n<li>Hauteur : 245 mm<\/li>\n<li>Taille des plis : 25,5 mm<\/li>\n<li>Convient au syst\u00e8me de profil\u00e9s Wicona 65 Wicstyle 65N UT\n<\/li>\n<\/ul>\n<\/div>\n<div><b>Convient aux plaques d&#039;extr\u00e9mit\u00e9 \u00e9lectriques ASSA ABLOY de la s\u00e9rie 900\u00a0:<\/b><\/div>\n<div>\n<ul>\n<li>905, 905M<\/li>\n<li>910, 910M<\/li>\n<li>911, 911M<\/li>\n<li>920, 920M, 920C<\/li>\n<li>940M<\/li>\n<li>941M<\/li>\n<li>960M, 960C<\/li>\n<li>961M, 961C<\/li>\n<li>990M<\/li>\n<li>991M<\/li>\n<\/ul>\n<\/div>","protected":false},"excerpt":{"rendered":"<p>ASSA ABLOY 946-W \u00e4r en plan monteringsstolpe i rostfritt st\u00e5l, anpassad f\u00f6r profilsystem Wicona 65 Wicstyle 65N UT. Passar till Assas standard slutbleck i 900-serien tillsammans med l\u00e5shus med enkelfall<\/p>","protected":false},"featured_media":155936,"template":"","meta":{"_acf_changed":false},"product_brand":[],"product_cat":[4735],"product_tag":[],"class_list":{"0":"post-155937","1":"product","2":"type-product","3":"status-publish","4":"has-post-thumbnail","6":"product_cat-monteringsstolpe","7":"product_shipping_class-postnord-varubrev","8":"pa_brands-abloy","9":"tm-no-options","11":"first","12":"instock","13":"sale","14":"taxable","15":"shipping-taxable","16":"purchasable","17":"product-type-simple"},"acf":[],"_links":{"self":[{"href":"https:\/\/secureus.se\/fr\/wp-json\/wp\/v2\/product\/155937","targetHints":{"allow":["GET"]}}],"collection":[{"href":"https:\/\/secureus.se\/fr\/wp-json\/wp\/v2\/product"}],"about":[{"href":"https:\/\/secureus.se\/fr\/wp-json\/wp\/v2\/types\/product"}],"wp:featuredmedia":[{"embeddable":true,"href":"https:\/\/secureus.se\/fr\/wp-json\/wp\/v2\/media\/155936"}],"wp:attachment":[{"href":"https:\/\/secureus.se\/fr\/wp-json\/wp\/v2\/media?parent=155937"}],"wp:term":[{"taxonomy":"product_brand","embeddable":true,"href":"https:\/\/secureus.se\/fr\/wp-json\/wp\/v2\/product_brand?post=155937"},{"taxonomy":"product_cat","embeddable":true,"href":"https:\/\/secureus.se\/fr\/wp-json\/wp\/v2\/product_cat?post=155937"},{"taxonomy":"product_tag","embeddable":true,"href":"https:\/\/secureus.se\/fr\/wp-json\/wp\/v2\/product_tag?post=155937"}],"curies":[{"name":"wp","href":"https:\/\/api.w.org\/{rel}","templated":true}]}}