{"id":155958,"date":"2025-09-03T09:29:39","date_gmt":"2025-09-03T07:29:39","guid":{"rendered":"https:\/\/secureus.se\/monteringsstolpe-933-17\/"},"modified":"2026-03-25T15:27:33","modified_gmt":"2026-03-25T14:27:33","slug":"monteringsstolpe-933-17","status":"publish","type":"product","link":"https:\/\/secureus.se\/fr\/monteringsstolpe-933-17\/","title":{"rendered":"Poteau de montage 933-17"},"content":{"rendered":"<div><\/div>\n<div>ASSA ABLOY 933-17 est une tige de fixation plate en acier inoxydable, pour cadres en acier et en aluminium. Elle est compatible avec les g\u00e2ches standard de la s\u00e9rie 900 d&#039;ASSA ABLOY et les bo\u00eetiers de serrure \u00e0 p\u00eane simple ou double.<\/div>\n<div><b><br \/><\/b><\/div>\n<div><b>Propri\u00e9t\u00e9s:\u00a0<\/b><\/div>\n<div>\n<ul>\n<li>Sym\u00e9trique<\/li>\n<li>Largeur : 42 mm<\/li>\n<li>Hauteur : 245 mm<\/li>\n<li>Taille de la langue : 17 mm<\/li>\n<li>Mat\u00e9riau : Acier inoxydable\u00a0<\/li>\n<\/ul>\n<\/div>\n<div><\/div>\n<div><b>Convient aux plaques d&#039;extr\u00e9mit\u00e9 \u00e9lectriques ASSA ABLOY de la s\u00e9rie 900\u00a0:<\/b><\/div>\n<div>\n<ul>\n<li>905, 905M<\/li>\n<li>910, 910M<\/li>\n<li>911, 911M<\/li>\n<li>920, 920M, 920C<\/li>\n<li>940M<\/li>\n<li>941M<\/li>\n<li>960M, 960C<\/li>\n<li>961M, 961C<\/li>\n<li>990M<\/li>\n<li>991M<\/li>\n<\/ul>\n<\/div>\n<div>\n<\/p>\n<\/div>","protected":false},"excerpt":{"rendered":"<p>ASSA ABLOY 933-17 \u00e4r en plan monteringsstolpe i rostfritt st\u00e5l, f\u00f6r st\u00e5l- och aluminiumkarmar. Passar till Assas standard slutbleck i 900-serien tillsammans med l\u00e5shus med enkelfall eller dubbelfall. Egenskaper:\u00a0 Symmetrisk<\/p>","protected":false},"featured_media":155956,"template":"","meta":{"_acf_changed":false},"product_brand":[],"product_cat":[4735],"product_tag":[],"class_list":{"0":"post-155958","1":"product","2":"type-product","3":"status-publish","4":"has-post-thumbnail","6":"product_cat-monteringsstolpe","7":"product_shipping_class-postnord-varubrev","8":"pa_brands-abloy","9":"tm-no-options","11":"first","12":"instock","13":"sale","14":"taxable","15":"shipping-taxable","16":"purchasable","17":"product-type-simple"},"acf":[],"_links":{"self":[{"href":"https:\/\/secureus.se\/fr\/wp-json\/wp\/v2\/product\/155958","targetHints":{"allow":["GET"]}}],"collection":[{"href":"https:\/\/secureus.se\/fr\/wp-json\/wp\/v2\/product"}],"about":[{"href":"https:\/\/secureus.se\/fr\/wp-json\/wp\/v2\/types\/product"}],"wp:featuredmedia":[{"embeddable":true,"href":"https:\/\/secureus.se\/fr\/wp-json\/wp\/v2\/media\/155956"}],"wp:attachment":[{"href":"https:\/\/secureus.se\/fr\/wp-json\/wp\/v2\/media?parent=155958"}],"wp:term":[{"taxonomy":"product_brand","embeddable":true,"href":"https:\/\/secureus.se\/fr\/wp-json\/wp\/v2\/product_brand?post=155958"},{"taxonomy":"product_cat","embeddable":true,"href":"https:\/\/secureus.se\/fr\/wp-json\/wp\/v2\/product_cat?post=155958"},{"taxonomy":"product_tag","embeddable":true,"href":"https:\/\/secureus.se\/fr\/wp-json\/wp\/v2\/product_tag?post=155958"}],"curies":[{"name":"wp","href":"https:\/\/api.w.org\/{rel}","templated":true}]}}