{"id":155959,"date":"2025-09-03T09:29:42","date_gmt":"2025-09-03T07:29:42","guid":{"rendered":"https:\/\/secureus.se\/monteringsstolpe-930t-15\/"},"modified":"2026-04-08T15:07:48","modified_gmt":"2026-04-08T13:07:48","slug":"monteringsstolpe-930t-15","status":"publish","type":"product","link":"https:\/\/secureus.se\/fr\/monteringsstolpe-930t-15\/","title":{"rendered":"Poteau de montage 930T-15"},"content":{"rendered":"<p>Poteau de montage coud\u00e9 \u00e0 coins arrondis en acier inoxydable, pour ch\u00e2ssis en bois. S&#039;adapte \u00e0 la plaque d&#039;extr\u00e9mit\u00e9 standard d&#039;Assa de la s\u00e9rie 900. Utilis\u00e9 pour adapter la fixation et les propri\u00e9t\u00e9s \u00e0 l&#039;application actuelle et \u00e0 l&#039;environnement de la porte.<\/p>\n<div><b><br \/>\nPropri\u00e9t\u00e9s:\u00a0<\/b><\/div>\n<div>\n<ul>\n<li>Dimensions (LxlxH) : 245 x 40 x 15<\/li>\n<li>Taille de la langue : 15 mm<\/li>\n<li>Coins arrondis<\/li>\n<li>Pour cadres en bois<\/li>\n<\/ul>\n<\/div>\n<div><b><br \/>\nConvient aux plaques d&#039;extr\u00e9mit\u00e9 \u00e9lectriques ASSA ABLOY de la s\u00e9rie 900\u00a0:<\/b><\/div>\n<div>\n<ul>\n<li>905, 905M<\/li>\n<li>910, 910M<\/li>\n<li>911, 911M<\/li>\n<li>920, 920M, 920C<\/li>\n<li>940M<\/li>\n<li>941M<\/li>\n<li>960M, 960C<\/li>\n<li>961M, 961C<\/li>\n<li>990M<\/li>\n<li>991M<\/li>\n<\/ul>\n<\/div>\n<div>\n<div>\n<div><\/div>\n<\/div>\n<div><\/div>\n<\/div>","protected":false},"excerpt":{"rendered":"<p>Poteau de montage coud\u00e9 \u00e0 coins arrondis en acier inoxydable, pour ch\u00e2ssis en bois. S&#039;adapte \u00e0 la plaque d&#039;extr\u00e9mit\u00e9 standard d&#039;Assa de la s\u00e9rie 900. Utilis\u00e9 pour adapter la fixation et les propri\u00e9t\u00e9s \u00e0 l&#039;application actuelle et \u00e0 l&#039;environnement de la porte.<\/p>","protected":false},"featured_media":155952,"template":"","meta":{"_acf_changed":false},"product_brand":[],"product_cat":[4735],"product_tag":[],"class_list":{"0":"post-155959","1":"product","2":"type-product","3":"status-publish","4":"has-post-thumbnail","6":"product_cat-monteringsstolpe","7":"product_shipping_class-postnord-varubrev","8":"pa_brands-abloy","9":"tm-no-options","11":"first","12":"instock","13":"sale","14":"taxable","15":"shipping-taxable","16":"purchasable","17":"product-type-simple"},"acf":[],"_links":{"self":[{"href":"https:\/\/secureus.se\/fr\/wp-json\/wp\/v2\/product\/155959","targetHints":{"allow":["GET"]}}],"collection":[{"href":"https:\/\/secureus.se\/fr\/wp-json\/wp\/v2\/product"}],"about":[{"href":"https:\/\/secureus.se\/fr\/wp-json\/wp\/v2\/types\/product"}],"wp:featuredmedia":[{"embeddable":true,"href":"https:\/\/secureus.se\/fr\/wp-json\/wp\/v2\/media\/155952"}],"wp:attachment":[{"href":"https:\/\/secureus.se\/fr\/wp-json\/wp\/v2\/media?parent=155959"}],"wp:term":[{"taxonomy":"product_brand","embeddable":true,"href":"https:\/\/secureus.se\/fr\/wp-json\/wp\/v2\/product_brand?post=155959"},{"taxonomy":"product_cat","embeddable":true,"href":"https:\/\/secureus.se\/fr\/wp-json\/wp\/v2\/product_cat?post=155959"},{"taxonomy":"product_tag","embeddable":true,"href":"https:\/\/secureus.se\/fr\/wp-json\/wp\/v2\/product_tag?post=155959"}],"curies":[{"name":"wp","href":"https:\/\/api.w.org\/{rel}","templated":true}]}}