{"id":155967,"date":"2025-09-03T09:29:43","date_gmt":"2025-09-03T07:29:43","guid":{"rendered":"https:\/\/secureus.se\/monteringsstolpe-917-w\/"},"modified":"2026-03-25T15:26:29","modified_gmt":"2026-03-25T14:26:29","slug":"monteringsstolpe-917-w","status":"publish","type":"product","link":"https:\/\/secureus.se\/fr\/monteringsstolpe-917-w\/","title":{"rendered":"Poteau de montage 917-W"},"content":{"rendered":"<div>Poteau de montage plat en acier inoxydable, pour syst\u00e8me constructif Wicstyle 77 FP. S&#039;adapte \u00e0 la plaque d&#039;extr\u00e9mit\u00e9 standard d&#039;Assa de la s\u00e9rie 900. <\/div>\n<div><b><br \/>Propri\u00e9t\u00e9s: <\/b><\/div>\n<div>\n<ul>\n<li>Dimensions (Lxl) : 245 x 42 <\/li>\n<li>Taille de la langue : 17 mm <\/li>\n<li>Convient au syst\u00e8me de construction Wicstyle 77 FP<\/li>\n<\/ul>\n<\/div>\n<div><b><br \/>Convient aux plaques d&#039;extr\u00e9mit\u00e9 \u00e9lectriques ASSA ABLOY de la s\u00e9rie 900\u00a0:<\/b><\/div>\n<div>\n<ul>\n<li>905, 905M<\/li>\n<li>910, 910M<\/li>\n<li>911, 911M<\/li>\n<li>920, 920M, 920C<\/li>\n<li>940M<\/li>\n<li>941M<\/li>\n<li>960M, 960C<\/li>\n<li>961M, 961C<\/li>\n<li>990M<\/li>\n<li>991M<\/li>\n<\/ul>\n<\/div>","protected":false},"excerpt":{"rendered":"<p>Plan monteringsstolpe i rostfritt st\u00e5l, f\u00f6r Wicstyle 77 FP byggsystem. Passar till Assas standard slutbleck i 900-serien. Egenskaper: M\u00e5tt (LxB): 245 x 42 Pl\u00f6sm\u00e5tt: 17 mm Passar Wicstyle 77 FP<\/p>","protected":false},"featured_media":155966,"template":"","meta":{"_acf_changed":false},"product_brand":[],"product_cat":[4735],"product_tag":[],"class_list":{"0":"post-155967","1":"product","2":"type-product","3":"status-publish","4":"has-post-thumbnail","6":"product_cat-monteringsstolpe","7":"product_shipping_class-postnord-varubrev","8":"pa_brands-abloy","9":"tm-no-options","11":"first","12":"onbackorder","13":"sale","14":"taxable","15":"shipping-taxable","16":"purchasable","17":"product-type-simple"},"acf":[],"_links":{"self":[{"href":"https:\/\/secureus.se\/fr\/wp-json\/wp\/v2\/product\/155967","targetHints":{"allow":["GET"]}}],"collection":[{"href":"https:\/\/secureus.se\/fr\/wp-json\/wp\/v2\/product"}],"about":[{"href":"https:\/\/secureus.se\/fr\/wp-json\/wp\/v2\/types\/product"}],"wp:featuredmedia":[{"embeddable":true,"href":"https:\/\/secureus.se\/fr\/wp-json\/wp\/v2\/media\/155966"}],"wp:attachment":[{"href":"https:\/\/secureus.se\/fr\/wp-json\/wp\/v2\/media?parent=155967"}],"wp:term":[{"taxonomy":"product_brand","embeddable":true,"href":"https:\/\/secureus.se\/fr\/wp-json\/wp\/v2\/product_brand?post=155967"},{"taxonomy":"product_cat","embeddable":true,"href":"https:\/\/secureus.se\/fr\/wp-json\/wp\/v2\/product_cat?post=155967"},{"taxonomy":"product_tag","embeddable":true,"href":"https:\/\/secureus.se\/fr\/wp-json\/wp\/v2\/product_tag?post=155967"}],"curies":[{"name":"wp","href":"https:\/\/api.w.org\/{rel}","templated":true}]}}