{"id":155976,"date":"2025-09-03T10:40:33","date_gmt":"2025-09-03T08:40:33","guid":{"rendered":"https:\/\/secureus.se\/monteringsstolpe-845\/"},"modified":"2026-04-23T11:20:04","modified_gmt":"2026-04-23T09:20:04","slug":"monteringsstolpe-845","status":"publish","type":"product","link":"https:\/\/secureus.se\/fr\/monteringsstolpe-845\/","title":{"rendered":"Poteau de montage 845"},"content":{"rendered":"<div>\n<div>\n<div>\n<div><\/div>\n<div>Poteau de montage en acier inoxydable pour plaques d&#039;extr\u00e9mit\u00e9 \u00e9lectriques solides extra r\u00e9sistantes, sp\u00e9cialement con\u00e7ues pour le syst\u00e8me de profil\u00e9s Sch\u00fcco Royal S65 (avec languette coulissante) et Royal S50N. <b><\/b><\/div>\n<div><b>\u00a0<\/b><\/div>\n<div><b>Propri\u00e9t\u00e9s:<\/b><\/div>\n<div>\n<ul>\n<li>Convient aux Royal S65 et Royal S50N de Sch\u00fcco<\/li>\n<li>Dans les profils frais\u00e9s avec des \u00e9videments standards Assa\/Sch\u00fcco, le type de plaque d&#039;extr\u00e9mit\u00e9 \u00e9lectrique peut \u00eatre modifi\u00e9 sans changer les \u00e9videments.<\/li>\n<li>Lors du montage dans le syst\u00e8me de profil\u00e9s S65, une languette coulissante doit \u00eatre utilis\u00e9e.<\/li>\n<li>Convient au cadre en aluminium.<\/li>\n<\/ul>\n<\/div>\n<div><b>\u00a0<\/b><\/div>\n<div><b><\/b><b>Convient pour\u00a0:\u00a0\u00a0<\/b><\/div>\n<div>Plaque d&#039;extr\u00e9mit\u00e9 \u00e9lectrique ASSA ABLOY s\u00e9rie extra r\u00e9sistante\u00a0: 131, 5131, 8131, 331, 8331<\/div>\n<\/div>\n<\/div>\n<\/div>\n<div><\/div>","protected":false},"excerpt":{"rendered":"<p>Monteringsstolpe i rostfritt st\u00e5l f\u00f6r extra kraftiga Solid elslutbleck, speciellt framtagna f\u00f6r Sch\u00fcco profilsystem Royal S65 (med glidpl\u00f6s) och Royal S50N. \u00a0 Egenskaper: Passar Sch\u00fccos Royal S65 och Royal S50N<\/p>","protected":false},"featured_media":159458,"template":"","meta":{"_acf_changed":false},"product_brand":[],"product_cat":[4735],"product_tag":[],"class_list":{"0":"post-155976","1":"product","2":"type-product","3":"status-publish","4":"has-post-thumbnail","6":"product_cat-monteringsstolpe","7":"product_shipping_class-postnord-varubrev","8":"pa_brands-abloy","9":"tm-no-options","11":"first","12":"instock","13":"sale","14":"taxable","15":"shipping-taxable","16":"purchasable","17":"product-type-simple"},"acf":[],"_links":{"self":[{"href":"https:\/\/secureus.se\/fr\/wp-json\/wp\/v2\/product\/155976","targetHints":{"allow":["GET"]}}],"collection":[{"href":"https:\/\/secureus.se\/fr\/wp-json\/wp\/v2\/product"}],"about":[{"href":"https:\/\/secureus.se\/fr\/wp-json\/wp\/v2\/types\/product"}],"wp:featuredmedia":[{"embeddable":true,"href":"https:\/\/secureus.se\/fr\/wp-json\/wp\/v2\/media\/159458"}],"wp:attachment":[{"href":"https:\/\/secureus.se\/fr\/wp-json\/wp\/v2\/media?parent=155976"}],"wp:term":[{"taxonomy":"product_brand","embeddable":true,"href":"https:\/\/secureus.se\/fr\/wp-json\/wp\/v2\/product_brand?post=155976"},{"taxonomy":"product_cat","embeddable":true,"href":"https:\/\/secureus.se\/fr\/wp-json\/wp\/v2\/product_cat?post=155976"},{"taxonomy":"product_tag","embeddable":true,"href":"https:\/\/secureus.se\/fr\/wp-json\/wp\/v2\/product_tag?post=155976"}],"curies":[{"name":"wp","href":"https:\/\/api.w.org\/{rel}","templated":true}]}}