{"id":155982,"date":"2025-09-03T10:40:36","date_gmt":"2025-09-03T08:40:36","guid":{"rendered":"https:\/\/secureus.se\/monteringsstolpe-840\/"},"modified":"2026-04-08T15:06:15","modified_gmt":"2026-04-08T13:06:15","slug":"monteringsstolpe-840","status":"publish","type":"product","link":"https:\/\/secureus.se\/fr\/monteringsstolpe-840\/","title":{"rendered":"Poteau de montage 840"},"content":{"rendered":"<div>\n<div>\n<div>\n<div>\n<div>\n<div><b>Domaine d&#039;utilisation :\u00a0<\/b>Poteau de montage en acier inoxydable pour plaques d&#039;extr\u00e9mit\u00e9 \u00e9lectriques extra r\u00e9sistantes, sp\u00e9cialement con\u00e7u pour le syst\u00e8me de profil\u00e9s SapaFront. Permet d&#039;adapter la fixation des plaques d&#039;extr\u00e9mit\u00e9 \u00e9lectriques aux niches standards Sapa.<\/div>\n<div><\/div>\n<div>\n<p><b>Propri\u00e9t\u00e9s:\u00a0<\/b><\/p>\n<ul>\n<li>Lorsque des serrures \u00e0 profil \u00e9troit sont utilis\u00e9es avec des poteaux SapaFront, les serrures doivent \u00eatre \u00e9quip\u00e9es d&#039;un poteau de 22 mm.<\/li>\n<li>S&#039;adapte aux syst\u00e8mes de construction SapaFront 2050 et 2071 vers l&#039;int\u00e9rieur.<\/li>\n<li>Destin\u00e9 au cadre en aluminium.<\/li>\n<\/ul>\n<\/div>\n<\/div>\n<div><\/div>\n<div>\n<p><b>Fonction:\u00a0<\/b>Le choix du poteau est d\u00e9termin\u00e9 par un certain nombre de facteurs diff\u00e9rents qui, ensemble, fournissent la combinaison optimale porte\/serrure\/poteau. L\u2019un des facteurs les plus importants est la fa\u00e7on dont la porte elle-m\u00eame est con\u00e7ue. Le mat\u00e9riau du cadre\/du vantail peut varier, par ex. bois, aluminium ou acier, ainsi que le profil de la porte (d\u00e9pli\u00e9e\/pli\u00e9e) doivent \u00eatre pris en compte.<\/p>\n<div>Afin de pouvoir choisir une plaque de fermeture \u00e9lectrique et un montant de montage, il faut \u00e9galement conna\u00eetre le type de serrure m\u00e9canique utilis\u00e9e, s&#039;il s&#039;agit d&#039;une serrure \u00e0 simple ou double battant, et quelle est la dimension de la languette entre le bord avant de la serrure. le vantail de la porte au piston de la serrure.<\/div>\n<div>\n<b>Normes particuli\u00e8res pour les portes coupe-feu\u00a0:\u00a0<\/b>Pour les portes de classe coupe-feu EI\/E 60, EI\/E 30 ou EI\/E15, de simples plaques de fermeture \u00e9lectriques ne doivent pas \u00eatre utilis\u00e9es comme ferrures de retenue de porte. En cas de doute concernant la combinaison serrure\/g\u00e2che \u00e9lectrique dans les portes coupe-feu, contactez-nous ou lisez les r\u00e8gles de construction de l&#039;Agence su\u00e9doise du logement BBR 94.3 section 5:6214.<\/div>\n<\/div>\n<\/div>\n<\/div>\n<\/div>\n<\/div>\n<div><\/div>","protected":false},"excerpt":{"rendered":"<p>Anv\u00e4ndningsomr\u00e5de:\u00a0Monteringsstolpe i rostfritt st\u00e5l f\u00f6r extra kraftiga elslutbleck, speciellt framtagna f\u00f6r SapaFront profilsystem. Anv\u00e4nds f\u00f6r att anpassa inf\u00e4stning av elslutbleck till Sapa standardurtag. Egenskaper:\u00a0 D\u00e5 smalprofill\u00e5s anv\u00e4nds tillsammans med SapaFront<\/p>","protected":false},"featured_media":155981,"template":"","meta":{"_acf_changed":false},"product_brand":[],"product_cat":[4735],"product_tag":[],"class_list":{"0":"post-155982","1":"product","2":"type-product","3":"status-publish","4":"has-post-thumbnail","6":"product_cat-monteringsstolpe","7":"product_shipping_class-postnord-varubrev","8":"pa_brands-abloy","9":"tm-no-options","11":"first","12":"instock","13":"sale","14":"taxable","15":"shipping-taxable","16":"purchasable","17":"product-type-simple"},"acf":[],"_links":{"self":[{"href":"https:\/\/secureus.se\/fr\/wp-json\/wp\/v2\/product\/155982","targetHints":{"allow":["GET"]}}],"collection":[{"href":"https:\/\/secureus.se\/fr\/wp-json\/wp\/v2\/product"}],"about":[{"href":"https:\/\/secureus.se\/fr\/wp-json\/wp\/v2\/types\/product"}],"wp:featuredmedia":[{"embeddable":true,"href":"https:\/\/secureus.se\/fr\/wp-json\/wp\/v2\/media\/155981"}],"wp:attachment":[{"href":"https:\/\/secureus.se\/fr\/wp-json\/wp\/v2\/media?parent=155982"}],"wp:term":[{"taxonomy":"product_brand","embeddable":true,"href":"https:\/\/secureus.se\/fr\/wp-json\/wp\/v2\/product_brand?post=155982"},{"taxonomy":"product_cat","embeddable":true,"href":"https:\/\/secureus.se\/fr\/wp-json\/wp\/v2\/product_cat?post=155982"},{"taxonomy":"product_tag","embeddable":true,"href":"https:\/\/secureus.se\/fr\/wp-json\/wp\/v2\/product_tag?post=155982"}],"curies":[{"name":"wp","href":"https:\/\/api.w.org\/{rel}","templated":true}]}}