{"id":155991,"date":"2025-09-03T10:40:37","date_gmt":"2025-09-03T08:40:37","guid":{"rendered":"https:\/\/secureus.se\/monteringsstolpe-824\/"},"modified":"2025-09-25T11:21:43","modified_gmt":"2025-09-25T09:21:43","slug":"monteringsstolpe-824","status":"publish","type":"product","link":"https:\/\/secureus.se\/fr\/monteringsstolpe-824\/","title":{"rendered":"Poteau de montage 824"},"content":{"rendered":"<div>\n<div>\n<div>\n<div><\/div>\n<div>Poteau de montage en acier, pour plaques d&#039;extr\u00e9mit\u00e9 \u00e9lectriques extra r\u00e9sistantes de la s\u00e9rie Solid. Utilis\u00e9 pour adapter la fixation et les propri\u00e9t\u00e9s \u00e0 l&#039;application actuelle et \u00e0 l&#039;environnement de la porte. <\/div>\n<div><b><br \/><\/b><\/div>\n<div><b><\/b><b>Propri\u00e9t\u00e9s:\u00a0<\/b><\/div>\n<div>\n<ul>\n<li>Pour charpentes en bois ou en acier.<\/li>\n<li>Serrure \u00e0 chute unique verrouill\u00e9e.<\/li>\n<li>Taille de la langue : 15 mm.<\/li>\n<\/ul>\n<\/div>\n<div><b><br \/><\/b><\/div>\n<div><b><\/b><b>Convient pour\u00a0:\u00a0<\/b><\/div>\n<div>Plaque d&#039;extr\u00e9mit\u00e9 \u00e9lectrique ASSA ABLOY s\u00e9rie extra r\u00e9sistante\u00a0: 131, 5131, 8131, 331, 8331<\/div>\n<\/div>\n<\/div>\n<\/div>\n<div>\n<\/p>\n<\/div>","protected":false},"excerpt":{"rendered":"<p>Poteau de montage en acier, pour les g\u00e2ches \u00e9lectriques robustes de la s\u00e9rie Solid. Permet d'adapter la fixation et les caract\u00e9ristiques \u00e0 l'application en cours et \u00e0 l'environnement de la porte. Caract\u00e9ristiques : Pour cadres en bois ou en acier. P\u00eane simple \u00e0 verrouillage. Taille du joint : 15<\/p>","protected":false},"featured_media":155989,"template":"","meta":{"_acf_changed":false},"product_brand":[],"product_cat":[4735],"product_tag":[],"class_list":{"0":"post-155991","1":"product","2":"type-product","3":"status-publish","4":"has-post-thumbnail","6":"product_cat-monteringsstolpe","7":"product_shipping_class-postnord-varubrev","8":"pa_brands-abloy","9":"tm-no-options","11":"first","12":"instock","13":"sale","14":"taxable","15":"shipping-taxable","16":"purchasable","17":"product-type-simple"},"acf":[],"_links":{"self":[{"href":"https:\/\/secureus.se\/fr\/wp-json\/wp\/v2\/product\/155991","targetHints":{"allow":["GET"]}}],"collection":[{"href":"https:\/\/secureus.se\/fr\/wp-json\/wp\/v2\/product"}],"about":[{"href":"https:\/\/secureus.se\/fr\/wp-json\/wp\/v2\/types\/product"}],"wp:featuredmedia":[{"embeddable":true,"href":"https:\/\/secureus.se\/fr\/wp-json\/wp\/v2\/media\/155989"}],"wp:attachment":[{"href":"https:\/\/secureus.se\/fr\/wp-json\/wp\/v2\/media?parent=155991"}],"wp:term":[{"taxonomy":"product_brand","embeddable":true,"href":"https:\/\/secureus.se\/fr\/wp-json\/wp\/v2\/product_brand?post=155991"},{"taxonomy":"product_cat","embeddable":true,"href":"https:\/\/secureus.se\/fr\/wp-json\/wp\/v2\/product_cat?post=155991"},{"taxonomy":"product_tag","embeddable":true,"href":"https:\/\/secureus.se\/fr\/wp-json\/wp\/v2\/product_tag?post=155991"}],"curies":[{"name":"wp","href":"https:\/\/api.w.org\/{rel}","templated":true}]}}