{"id":155996,"date":"2025-09-03T10:49:04","date_gmt":"2025-09-03T08:49:04","guid":{"rendered":"https:\/\/secureus.se\/monteringsstolpe-843\/"},"modified":"2026-03-25T15:26:45","modified_gmt":"2026-03-25T14:26:45","slug":"monteringsstolpe-843","status":"publish","type":"product","link":"https:\/\/secureus.se\/fr\/monteringsstolpe-843\/","title":{"rendered":"Poteau de montage 843"},"content":{"rendered":"<div>\n<div>\n<div>\n<div>\n<div>\n<div><\/div>\n<div>Poteau de montage en acier inoxydable pour plaques d&#039;extr\u00e9mit\u00e9 \u00e9lectriques standards, sp\u00e9cialement con\u00e7u pour le syst\u00e8me de profil\u00e9s SapaFront. Permet d&#039;adapter la fixation des plaques d&#039;extr\u00e9mit\u00e9 \u00e9lectriques aux niches standards Sapa.<\/div>\n<div><b>\u00a0<\/b><\/div>\n<div><b>Propri\u00e9t\u00e9s: <\/b><\/div>\n<div>\n<ul>\n<li>Lorsque des serrures \u00e0 profil \u00e9troit sont utilis\u00e9es avec des poteaux SapaFront, les serrures doivent \u00eatre \u00e9quip\u00e9es d&#039;un poteau de 22 mm.<\/li>\n<li>Compatible avec le syst\u00e8me de construction SapaFront 2074.<\/li>\n<li>Destin\u00e9 au cadre en aluminium.<\/li>\n<\/ul>\n<div>\n<div><b>\u00a0<\/b><\/div>\n<div><b>Convient pour\u00a0:<\/b><\/div>\n<div>Plaques d&#039;extr\u00e9mit\u00e9 \u00e9lectriques ASSA ABLOY dans la s\u00e9rie standard\u00a0: 70, 570, 71, 571, 75, 575, 585<\/div>\n<\/div>\n<\/div>\n<\/div>\n<\/div>\n<\/div>\n<\/div>\n<\/div>\n<div><\/div>","protected":false},"excerpt":{"rendered":"<p>Monteringsstolpe i rostfritt st\u00e5l f\u00f6r standard elslutbleck, speciellt framtagna f\u00f6r SapaFront profilsystem. Anv\u00e4nds f\u00f6r att anpassa inf\u00e4stning av elslutbleck till Sapa standardurtag. \u00a0 Egenskaper: D\u00e5 smalprofill\u00e5s anv\u00e4nds tillsammans med SapaFront<\/p>","protected":false},"featured_media":155995,"template":"","meta":{"_acf_changed":false},"product_brand":[],"product_cat":[4735],"product_tag":[],"class_list":{"0":"post-155996","1":"product","2":"type-product","3":"status-publish","4":"has-post-thumbnail","6":"product_cat-monteringsstolpe","7":"product_shipping_class-postnord-varubrev","8":"pa_brands-abloy","9":"tm-no-options","11":"first","12":"instock","13":"sale","14":"taxable","15":"shipping-taxable","16":"purchasable","17":"product-type-simple"},"acf":[],"_links":{"self":[{"href":"https:\/\/secureus.se\/fr\/wp-json\/wp\/v2\/product\/155996","targetHints":{"allow":["GET"]}}],"collection":[{"href":"https:\/\/secureus.se\/fr\/wp-json\/wp\/v2\/product"}],"about":[{"href":"https:\/\/secureus.se\/fr\/wp-json\/wp\/v2\/types\/product"}],"wp:featuredmedia":[{"embeddable":true,"href":"https:\/\/secureus.se\/fr\/wp-json\/wp\/v2\/media\/155995"}],"wp:attachment":[{"href":"https:\/\/secureus.se\/fr\/wp-json\/wp\/v2\/media?parent=155996"}],"wp:term":[{"taxonomy":"product_brand","embeddable":true,"href":"https:\/\/secureus.se\/fr\/wp-json\/wp\/v2\/product_brand?post=155996"},{"taxonomy":"product_cat","embeddable":true,"href":"https:\/\/secureus.se\/fr\/wp-json\/wp\/v2\/product_cat?post=155996"},{"taxonomy":"product_tag","embeddable":true,"href":"https:\/\/secureus.se\/fr\/wp-json\/wp\/v2\/product_tag?post=155996"}],"curies":[{"name":"wp","href":"https:\/\/api.w.org\/{rel}","templated":true}]}}