{"id":156268,"date":"2022-06-28T12:46:48","date_gmt":"2022-06-28T10:46:48","guid":{"rendered":"https:\/\/secureus.se\/mag-kontaktset-mc-270-s45\/"},"modified":"2026-04-23T11:34:34","modified_gmt":"2026-04-23T09:34:34","slug":"mag-kontaktset-mc-270-s45","status":"publish","type":"product","link":"https:\/\/secureus.se\/fr\/mag-kontaktset-mc-270-s45\/","title":{"rendered":"Contact magn\u00e9tique pour portes en acier ou environnements difficiles en aluminium"},"content":{"rendered":"<p>Jeu de contacts haute s\u00e9curit\u00e9 en m\u00e9tal et aluminium massif pour r\u00e9sister aux environnements difficiles et aux contraintes environnementales telles que l&#039;humidit\u00e9 et les gaz, ainsi qu&#039;\u00e0 une forte pression, pendant une longue p\u00e9riode sans corrosion.<\/p>\n<p>Convient par exemple aux portails et aux portes. Les deux pi\u00e8ces sont rectangulaires et mesurent 74 x 25 x 15 mm.<\/p>\n<p>L&#039;ensemble se compose du MC 270-C, du bo\u00eetier MC 200-4 Al et de la partie magn\u00e9tique MC 200-5 ainsi que du MC T4, d&#039;un tuyau renforc\u00e9 de 1 m.<\/p>\n<p>&nbsp;<\/p>","protected":false},"excerpt":{"rendered":"<p>Jeu de connecteurs magn\u00e9tiques MC270-S45<\/p>","protected":false},"featured_media":143015,"template":"","meta":{"_acf_changed":false},"product_brand":[],"product_cat":[3086],"product_tag":[2466],"class_list":{"0":"post-156268","1":"product","2":"type-product","3":"status-publish","4":"has-post-thumbnail","6":"product_cat-magnetkontakter","7":"product_tag-sbsc-larmklass3","8":"product_shipping_class-postnord-varubrev","9":"pa_brands-alarmtech","10":"pa_farg-ovrigt","11":"tm-no-options","13":"first","14":"instock","15":"sale","16":"taxable","17":"shipping-taxable","18":"purchasable","19":"product-type-simple"},"acf":[],"_links":{"self":[{"href":"https:\/\/secureus.se\/fr\/wp-json\/wp\/v2\/product\/156268","targetHints":{"allow":["GET"]}}],"collection":[{"href":"https:\/\/secureus.se\/fr\/wp-json\/wp\/v2\/product"}],"about":[{"href":"https:\/\/secureus.se\/fr\/wp-json\/wp\/v2\/types\/product"}],"wp:featuredmedia":[{"embeddable":true,"href":"https:\/\/secureus.se\/fr\/wp-json\/wp\/v2\/media\/143015"}],"wp:attachment":[{"href":"https:\/\/secureus.se\/fr\/wp-json\/wp\/v2\/media?parent=156268"}],"wp:term":[{"taxonomy":"product_brand","embeddable":true,"href":"https:\/\/secureus.se\/fr\/wp-json\/wp\/v2\/product_brand?post=156268"},{"taxonomy":"product_cat","embeddable":true,"href":"https:\/\/secureus.se\/fr\/wp-json\/wp\/v2\/product_cat?post=156268"},{"taxonomy":"product_tag","embeddable":true,"href":"https:\/\/secureus.se\/fr\/wp-json\/wp\/v2\/product_tag?post=156268"}],"curies":[{"name":"wp","href":"https:\/\/api.w.org\/{rel}","templated":true}]}}