{"id":156338,"date":"2025-09-11T15:41:25","date_gmt":"2025-09-11T13:41:25","guid":{"rendered":"https:\/\/secureus.se\/evolis-rva222naaa-hologram-varnish-ribbon-400-prints\/"},"modified":"2026-05-06T09:49:12","modified_gmt":"2026-05-06T07:49:12","slug":"evolis-rva222naaa-hologram-varnish-ribbon-400-prints","status":"publish","type":"product","link":"https:\/\/secureus.se\/fr\/evolis-rva222naaa-hologram-varnish-ribbon-400-prints\/","title":{"rendered":"Ruban vernis hologramme Evolis RVA222NAAA (400 impressions)"},"content":{"rendered":"<h1>Lackband<br \/>\n  Evolis &#8211; RVA222NAAA (400 utskrifter)<\/h1>\n<p>Lackband Evolis &#8211; RVA222NAAA (400 utskrifter) \u00e4r en overlayfilm<br \/>\n  som skyddar kortets yta mot repor, fukt och dagligt slitage.<\/p>\n<p>Un bon choix si vous souhaitez augmenter la dur\u00e9e de vie de vos cartes et les am\u00e9liorer.<br \/>\n  durabilit\u00e9 et un r\u00e9sultat final plus professionnel.<\/p>\n<ul>\n<li>Capacit\u00e9 : jusqu&#039;\u00e0 400 impressions par rouleau<\/li>\n<li>Offre une s\u00e9curit\u00e9 visuelle suppl\u00e9mentaire gr\u00e2ce \u00e0 son effet holographique.<\/li>\n<li>Produit original<\/li>\n<li>Num\u00e9ro d&#039;article : RVA222NAAA<\/li>\n<\/ul>\n<p><strong>Compatible avec l&#039;imprimante de cartes Evolis Primacy 2<br \/>\n  seulement.<\/strong><\/p>\n<p><strong>Poids du produit :<\/strong> 0,20kg<\/p>","protected":false},"excerpt":{"rendered":"<p>Lackband Evolis &#8211; RVA222NAAA (400 utskrifter) Lackband Evolis &#8211; RVA222NAAA (400 utskrifter) \u00e4r en overlayfilm som skyddar kortets yta mot repor, fukt och dagligt slitage. Ett bra val n\u00e4r du<\/p>","protected":false},"featured_media":156336,"template":"","meta":{"_acf_changed":false},"product_brand":[],"product_cat":[4859],"product_tag":[4863],"class_list":{"0":"post-156338","1":"product","2":"type-product","3":"status-publish","4":"has-post-thumbnail","6":"product_cat-primacy-2","7":"product_tag-pf","8":"pa_brands-evolis","9":"tm-no-options","11":"first","12":"instock","13":"sale","14":"taxable","15":"shipping-taxable","16":"purchasable","17":"product-type-simple"},"acf":[],"_links":{"self":[{"href":"https:\/\/secureus.se\/fr\/wp-json\/wp\/v2\/product\/156338","targetHints":{"allow":["GET"]}}],"collection":[{"href":"https:\/\/secureus.se\/fr\/wp-json\/wp\/v2\/product"}],"about":[{"href":"https:\/\/secureus.se\/fr\/wp-json\/wp\/v2\/types\/product"}],"wp:featuredmedia":[{"embeddable":true,"href":"https:\/\/secureus.se\/fr\/wp-json\/wp\/v2\/media\/156336"}],"wp:attachment":[{"href":"https:\/\/secureus.se\/fr\/wp-json\/wp\/v2\/media?parent=156338"}],"wp:term":[{"taxonomy":"product_brand","embeddable":true,"href":"https:\/\/secureus.se\/fr\/wp-json\/wp\/v2\/product_brand?post=156338"},{"taxonomy":"product_cat","embeddable":true,"href":"https:\/\/secureus.se\/fr\/wp-json\/wp\/v2\/product_cat?post=156338"},{"taxonomy":"product_tag","embeddable":true,"href":"https:\/\/secureus.se\/fr\/wp-json\/wp\/v2\/product_tag?post=156338"}],"curies":[{"name":"wp","href":"https:\/\/api.w.org\/{rel}","templated":true}]}}