{"id":156339,"date":"2025-09-11T15:41:30","date_gmt":"2025-09-11T13:41:30","guid":{"rendered":"https:\/\/secureus.se\/evolis-r6f203e100-ymcko-k-colour-ribbon-200-prints\/"},"modified":"2026-04-08T16:56:44","modified_gmt":"2026-04-08T14:56:44","slug":"evolis-r6f203e100-ymcko-k-colour-ribbon-200-prints","status":"publish","type":"product","link":"https:\/\/secureus.se\/fr\/evolis-r6f203e100-ymcko-k-colour-ribbon-200-prints\/","title":{"rendered":"Ruban Evolis YMCKO-K \u2013 R6F203E100 (200 impressions)"},"content":{"rendered":"<h1>Ruban<br \/>\n  Evolis YMCKO-K \u2013 R6F203E100 (200 tirages)<\/h1>\n<p>Le ruban Evolis YMCKO-K \u2013 R6F203E100 (200 impressions) est un<br \/>\n  Ruban pour l&#039;impression de cartes plastiques avec des couleurs vives, un texte clair et une bonne qualit\u00e9<br \/>\n  Le ruban de type YMCKO-K offre la combinaison correcte de panneaux de couleur et<br \/>\n  Couche de protection pour l&#039;impression professionnelle de cartes.<\/p>\n<p>Convient aux cartes d&#039;identit\u00e9, cartes d&#039;acc\u00e8s, cartes de membre et autres.<br \/>\n  cartes en plastique o\u00f9 une qualit\u00e9 d&#039;impression et une fiabilit\u00e9 \u00e9lev\u00e9es sont<br \/>\n  important.<\/p>\n<ul>\n<li>Capacit\u00e9 : jusqu&#039;\u00e0 200 impressions<\/li>\n<li>Type de ruban : YMCKO-K<\/li>\n<li>Convient \u00e0 l&#039;impression de cartes recto verso<\/li>\n<li>Num\u00e9ro d&#039;article : R6F203E100<\/li>\n<\/ul>\n<p><strong>Compatible avec l&#039;imprimante de cartes Evolis Primacy 2<br \/>\n  seulement.<\/strong><\/p>\n<p><strong>Poids du produit :<\/strong> 0,20kg<\/p>","protected":false},"excerpt":{"rendered":"<p>F\u00e4rgband Evolis YMCKO-K &#8211; R6F203E100 (200 utskrifter) F\u00e4rgband Evolis YMCKO-K &#8211; R6F203E100 (200 utskrifter) \u00e4r ett f\u00e4rgband f\u00f6r utskrift av plastkort med skarpa f\u00e4rger, tydlig text och bra detalj\u00e5tergivning. Bandtypen<\/p>","protected":false},"featured_media":156337,"template":"","meta":{"_acf_changed":false},"product_brand":[],"product_cat":[4859],"product_tag":[4863],"class_list":{"0":"post-156339","1":"product","2":"type-product","3":"status-publish","4":"has-post-thumbnail","6":"product_cat-primacy-2","7":"product_tag-pf","8":"pa_brands-evolis","9":"tm-no-options","11":"first","12":"instock","13":"sale","14":"taxable","15":"shipping-taxable","16":"purchasable","17":"product-type-simple"},"acf":[],"_links":{"self":[{"href":"https:\/\/secureus.se\/fr\/wp-json\/wp\/v2\/product\/156339","targetHints":{"allow":["GET"]}}],"collection":[{"href":"https:\/\/secureus.se\/fr\/wp-json\/wp\/v2\/product"}],"about":[{"href":"https:\/\/secureus.se\/fr\/wp-json\/wp\/v2\/types\/product"}],"wp:featuredmedia":[{"embeddable":true,"href":"https:\/\/secureus.se\/fr\/wp-json\/wp\/v2\/media\/156337"}],"wp:attachment":[{"href":"https:\/\/secureus.se\/fr\/wp-json\/wp\/v2\/media?parent=156339"}],"wp:term":[{"taxonomy":"product_brand","embeddable":true,"href":"https:\/\/secureus.se\/fr\/wp-json\/wp\/v2\/product_brand?post=156339"},{"taxonomy":"product_cat","embeddable":true,"href":"https:\/\/secureus.se\/fr\/wp-json\/wp\/v2\/product_cat?post=156339"},{"taxonomy":"product_tag","embeddable":true,"href":"https:\/\/secureus.se\/fr\/wp-json\/wp\/v2\/product_tag?post=156339"}],"curies":[{"name":"wp","href":"https:\/\/api.w.org\/{rel}","templated":true}]}}