{"id":156341,"date":"2025-09-11T15:41:30","date_gmt":"2025-09-11T13:41:30","guid":{"rendered":"https:\/\/secureus.se\/evolis-n5h204e100-easy4pro-ymcko-half-panel-colour-ribbon-400-prints\/"},"modified":"2026-04-08T16:56:14","modified_gmt":"2026-04-08T14:56:14","slug":"evolis-n5h204e100-easy4pro-ymcko-half-panel-colour-ribbon-400-prints","status":"publish","type":"product","link":"https:\/\/secureus.se\/fr\/evolis-n5h204e100-easy4pro-ymcko-half-panel-colour-ribbon-400-prints\/","title":{"rendered":"Ruban Evolis Easy4Pro YMCKO \u2013 N5H204E100, demi-panneau (400 impressions)"},"content":{"rendered":"<h1>Ruban<br \/>\n  Evolis Easy4Pro YMCKO &#8211; N5H204E100, halvpanel (400 utskrifter)<\/h1>\n<p>F\u00e4rgband Evolis Easy4Pro YMCKO &#8211; N5H204E100, halvpanel (400<br \/>\n  utskrifter) \u00e4r ett f\u00e4rgband f\u00f6r utskrift av plastkort med skarpa f\u00e4rger, tydlig<br \/>\n  text och bra detalj\u00e5tergivning. Bandtypen YMCKO ger r\u00e4tt kombination av<br \/>\n  f\u00e4rgpaneler och skyddande overlay f\u00f6r professionella<br \/>\n  kortutskrifter.<\/p>\n<p>Convient aux cartes d&#039;identit\u00e9, cartes d&#039;acc\u00e8s, cartes de membre et autres.<br \/>\n  cartes en plastique o\u00f9 une qualit\u00e9 d&#039;impression et une fiabilit\u00e9 \u00e9lev\u00e9es sont<br \/>\n  important.<\/p>\n<ul>\n<li>Capacit\u00e9 : jusqu&#039;\u00e0 400 impressions<\/li>\n<li>Type de ruban : YMCKO<\/li>\n<li>Artikelnummer: N5H204E100<\/li>\n<\/ul>\n<p><strong>Compatible avec les cartes Evolis Primacy 2 et Zenius 2<br \/>\n  Imprimantes uniquement.<\/strong><\/p>\n<p><strong>Poids du produit :<\/strong> 0,20kg<\/p>","protected":false},"excerpt":{"rendered":"<p>F\u00e4rgband Evolis Easy4Pro YMCKO &#8211; N5H204E100, halvpanel (400 utskrifter) F\u00e4rgband Evolis Easy4Pro YMCKO &#8211; N5H204E100, halvpanel (400 utskrifter) \u00e4r ett f\u00e4rgband f\u00f6r utskrift av plastkort med skarpa f\u00e4rger, tydlig text<\/p>","protected":false},"featured_media":156340,"template":"","meta":{"_acf_changed":false},"product_brand":[],"product_cat":[4856,4859],"product_tag":[4863],"class_list":{"0":"post-156341","1":"product","2":"type-product","3":"status-publish","4":"has-post-thumbnail","6":"product_cat-easy4-pro","7":"product_cat-primacy-2","8":"product_tag-pf","9":"pa_brands-evolis","10":"tm-no-options","12":"first","13":"instock","14":"sale","15":"taxable","16":"shipping-taxable","17":"purchasable","18":"product-type-simple"},"acf":[],"_links":{"self":[{"href":"https:\/\/secureus.se\/fr\/wp-json\/wp\/v2\/product\/156341","targetHints":{"allow":["GET"]}}],"collection":[{"href":"https:\/\/secureus.se\/fr\/wp-json\/wp\/v2\/product"}],"about":[{"href":"https:\/\/secureus.se\/fr\/wp-json\/wp\/v2\/types\/product"}],"wp:featuredmedia":[{"embeddable":true,"href":"https:\/\/secureus.se\/fr\/wp-json\/wp\/v2\/media\/156340"}],"wp:attachment":[{"href":"https:\/\/secureus.se\/fr\/wp-json\/wp\/v2\/media?parent=156341"}],"wp:term":[{"taxonomy":"product_brand","embeddable":true,"href":"https:\/\/secureus.se\/fr\/wp-json\/wp\/v2\/product_brand?post=156341"},{"taxonomy":"product_cat","embeddable":true,"href":"https:\/\/secureus.se\/fr\/wp-json\/wp\/v2\/product_cat?post=156341"},{"taxonomy":"product_tag","embeddable":true,"href":"https:\/\/secureus.se\/fr\/wp-json\/wp\/v2\/product_tag?post=156341"}],"curies":[{"name":"wp","href":"https:\/\/api.w.org\/{rel}","templated":true}]}}